{"id":26695,"date":"2025-02-20T23:28:37","date_gmt":"2025-02-20T22:28:37","guid":{"rendered":"https:\/\/olemosaic.orbitalia.org\/producto\/mug-de-ceramica-panoramica-barcelona-beige-rojo\/"},"modified":"2025-07-25T23:45:02","modified_gmt":"2025-07-25T21:45:02","slug":"mug-en-ceramique-panoramique-barcelone-beige-rouge","status":"publish","type":"product","link":"https:\/\/olemosaic.orbitalia.org\/fr\/produit\/mug-en-ceramique-panoramique-barcelone-beige-rouge\/","title":{"rendered":"Mug en c\u00e9ramique. Panoramique. Barcelone. Beige \/ rouge."},"content":{"rendered":"<p>Ce mug color\u00e9 en c\u00e9ramique est un v\u00e9ritable hommage au paysage vibrant de Barcelone. Pr\u00e9sent\u00e9 avec un design attrayant combinant des tons beige et rouge, ce mug capture l&rsquo;essence de la capitale catalane \u00e0 travers ses \u00e9l\u00e9ments iconiques, tels que les mosa\u00efques \u00e9voquant l&rsquo;\u0153uvre de Gaud\u00ed, en particulier celles de l&#8217;embl\u00e9matique Park G\u00fcell. Le mug est d\u00e9cor\u00e9 d&rsquo;une illustration comprenant des motifs floraux et architecturaux, soulignant la riche culture et l&rsquo;histoire de Barcelone.<\/p>\n<p>Accompagn\u00e9 d&rsquo;une cuill\u00e8re rouge assortie, ce mug est non seulement pratique pour savourer votre boisson pr\u00e9f\u00e9r\u00e9e au quotidien, mais il devient \u00e9galement un souvenir remarquable qui encapsule l&rsquo;authenticit\u00e9 de la ville. Id\u00e9al comme cadeau ou souvenir, son design accrocheur et son mat\u00e9riau en c\u00e9ramique de haute qualit\u00e9 assurent sa durabilit\u00e9, faisant de chaque gorg\u00e9e une exp\u00e9rience agr\u00e9able et visuellement frappante. Chez Ol\u00e9 Mosaic, nous sommes experts dans la distribution de souvenirs de Barcelone, offrant des produits qui mettent en valeur la richesse culturelle de la r\u00e9gion. Ce mug est une excellente option pour les boutiques de cadeaux touristiques \u00e0 la recherche d&rsquo;articles fusionnant art et fonctionnalit\u00e9, devenant un incontournable pour ceux qui souhaitent emporter un petit morceau de Barcelone.<\/p>\n","protected":false},"excerpt":{"rendered":"<p>Mug en c\u00e9ramique avec une vue panoramique vibrante de Barcelone, con\u00e7u dans des tons beige et rouge. Ce r\u00e9cipient attrayant pr\u00e9sente des \u00e9l\u00e9ments iconiques de la ville, notamment des mosa\u00efques color\u00e9es \u00e9voquant l&rsquo;\u0153uvre de Gaud\u00ed, comme le Parc G\u00fcell. Complet avec une cuill\u00e8re rouge assortie, ce mug allie fonctionnalit\u00e9 et art, devenant un excellent souvenir ou cadeau qui capture l&rsquo;essence de la capitale catalane. Id\u00e9al pour savourer votre boisson pr\u00e9f\u00e9r\u00e9e.<\/p>\n","protected":false},"featured_media":9201,"template":"","meta":{"_acf_changed":false},"product_brand":[],"product_cat":[728],"product_tag":[585],"class_list":{"0":"post-26695","1":"product","2":"type-product","3":"status-publish","4":"has-post-thumbnail","6":"product_cat-mugs","7":"product_tag-ceramique","8":"pa_ciudad-barcelona","9":"pa_motivo-panoramas","10":"pa_pais-espana","12":"first","13":"instock","14":"shipping-taxable","15":"product-type-simple"},"acf":[],"_links":{"self":[{"href":"https:\/\/olemosaic.orbitalia.org\/fr\/wp-json\/wp\/v2\/product\/26695","targetHints":{"allow":["GET"]}}],"collection":[{"href":"https:\/\/olemosaic.orbitalia.org\/fr\/wp-json\/wp\/v2\/product"}],"about":[{"href":"https:\/\/olemosaic.orbitalia.org\/fr\/wp-json\/wp\/v2\/types\/product"}],"wp:featuredmedia":[{"embeddable":true,"href":"https:\/\/olemosaic.orbitalia.org\/fr\/wp-json\/wp\/v2\/media\/9201"}],"wp:attachment":[{"href":"https:\/\/olemosaic.orbitalia.org\/fr\/wp-json\/wp\/v2\/media?parent=26695"}],"wp:term":[{"taxonomy":"product_brand","embeddable":true,"href":"https:\/\/olemosaic.orbitalia.org\/fr\/wp-json\/wp\/v2\/product_brand?post=26695"},{"taxonomy":"product_cat","embeddable":true,"href":"https:\/\/olemosaic.orbitalia.org\/fr\/wp-json\/wp\/v2\/product_cat?post=26695"},{"taxonomy":"product_tag","embeddable":true,"href":"https:\/\/olemosaic.orbitalia.org\/fr\/wp-json\/wp\/v2\/product_tag?post=26695"}],"curies":[{"name":"wp","href":"https:\/\/api.w.org\/{rel}","templated":true}]}}