{"id":26683,"date":"2025-02-20T23:28:36","date_gmt":"2025-02-20T22:28:36","guid":{"rendered":"https:\/\/olemosaic.orbitalia.org\/producto\/botella-inox-500-ml-panoramica-valencia\/"},"modified":"2025-07-25T18:36:16","modified_gmt":"2025-07-25T16:36:16","slug":"bouteille-inox-500-ml-panoramique-valence","status":"publish","type":"product","link":"https:\/\/olemosaic.orbitalia.org\/fr\/produit\/bouteille-inox-500-ml-panoramique-valence\/","title":{"rendered":"Bouteille inox. 500 ml. Panoramique. Valence."},"content":{"rendered":"<p>Cette bouteille en acier inoxydable de 500 ml est un souvenir vibrant qui capture l&rsquo;essence de Valence. D\u00e9cor\u00e9e d&rsquo;un impressionnant panorama mettant en valeur l&rsquo;architecture embl\u00e9matique de la ville, cette pi\u00e8ce pr\u00e9sente un design color\u00e9 qui souligne le c\u00e9l\u00e8bre March\u00e9 Central de Valence, repr\u00e9sent\u00e9 avec des \u00e9l\u00e9ments d\u00e9taill\u00e9s en mosa\u00efque \u00e9voquant le style moderniste valencien, connu pour sa beaut\u00e9 et sa singularit\u00e9. La bouteille poss\u00e8de une finition brillante qui rehausse ses couleurs vives, en faisant un objet \u00e0 la fois fonctionnel et artistique.<\/p>\n<p>De plus, elle est \u00e9quip\u00e9e d&rsquo;un bouchon en acier qui assure une fermeture herm\u00e9tique, gardant vos boissons froides ou chaudes plus longtemps, et d&rsquo;un mousqueton pratique, ce qui en fait la compagne id\u00e9ale pour vos aventures quotidiennes. Son design n&rsquo;est pas seulement attrayant, il refl\u00e8te \u00e9galement le patrimoine culturel de Valence, constituant un excellent rappel de la riche tradition artistique de la r\u00e9gion.<\/p>\n<p>En tant qu&rsquo;authentique souvenir de Valence, cette bouteille en acier inoxydable est un choix id\u00e9al pour les touristes cherchant \u00e0 emporter un morceau de l&rsquo;histoire et de la culture locale. Chez Ol\u00e9 Mosaic, nous nous sp\u00e9cialisons dans la distribution de souvenirs en gros, proposant des articles qui allient tradition et design contemporain, id\u00e9aux pour les boutiques de cadeaux touristiques souhaitant offrir des produits authentiques et repr\u00e9sentatifs.<\/p>\n","protected":false},"excerpt":{"rendered":"<p>Bouteille en acier inoxydable de 500 ml, d\u00e9cor\u00e9e d&rsquo;un panorama vibrant de Valence. Ce produit pr\u00e9sente un design color\u00e9 qui met en valeur l&rsquo;architecture imposante de la ville, repr\u00e9sentant son c\u00e9l\u00e8bre March\u00e9 Central avec des d\u00e9tails en mosa\u00efque \u00e9voquant le style moderniste valencien. La bouteille comprend un bouchon en acier et un mousqueton pratique, id\u00e9al pour l&#8217;emporter avec vous dans toutes vos aventures. Sa finition brillante et ses couleurs vives en font un souvenir attrayant.<\/p>\n","protected":false},"featured_media":9681,"template":"","meta":{"_acf_changed":false},"product_brand":[],"product_cat":[784],"product_tag":[],"class_list":{"0":"post-26683","1":"product","2":"type-product","3":"status-publish","4":"has-post-thumbnail","6":"product_cat-bouteilles-inox","7":"pa_ciudad-valencia","8":"pa_motivo-panoramas","9":"pa_pais-espana","11":"first","12":"instock","13":"shipping-taxable","14":"product-type-simple"},"acf":[],"_links":{"self":[{"href":"https:\/\/olemosaic.orbitalia.org\/fr\/wp-json\/wp\/v2\/product\/26683","targetHints":{"allow":["GET"]}}],"collection":[{"href":"https:\/\/olemosaic.orbitalia.org\/fr\/wp-json\/wp\/v2\/product"}],"about":[{"href":"https:\/\/olemosaic.orbitalia.org\/fr\/wp-json\/wp\/v2\/types\/product"}],"wp:featuredmedia":[{"embeddable":true,"href":"https:\/\/olemosaic.orbitalia.org\/fr\/wp-json\/wp\/v2\/media\/9681"}],"wp:attachment":[{"href":"https:\/\/olemosaic.orbitalia.org\/fr\/wp-json\/wp\/v2\/media?parent=26683"}],"wp:term":[{"taxonomy":"product_brand","embeddable":true,"href":"https:\/\/olemosaic.orbitalia.org\/fr\/wp-json\/wp\/v2\/product_brand?post=26683"},{"taxonomy":"product_cat","embeddable":true,"href":"https:\/\/olemosaic.orbitalia.org\/fr\/wp-json\/wp\/v2\/product_cat?post=26683"},{"taxonomy":"product_tag","embeddable":true,"href":"https:\/\/olemosaic.orbitalia.org\/fr\/wp-json\/wp\/v2\/product_tag?post=26683"}],"curies":[{"name":"wp","href":"https:\/\/api.w.org\/{rel}","templated":true}]}}