{"id":26643,"date":"2025-02-20T23:28:34","date_gmt":"2025-02-20T22:28:34","guid":{"rendered":"https:\/\/olemosaic.orbitalia.org\/producto\/botella-inox-500-ml-mosaico\/"},"modified":"2025-07-25T18:50:06","modified_gmt":"2025-07-25T16:50:06","slug":"bouteille-inox-500-ml-mosaique","status":"publish","type":"product","link":"https:\/\/olemosaic.orbitalia.org\/fr\/produit\/bouteille-inox-500-ml-mosaique\/","title":{"rendered":"Bouteille inox 500 ml. Mosa\u00efque."},"content":{"rendered":"<p>Cette bouteille en acier inoxydable de 500 ml est un v\u00e9ritable hommage \u00e0 la riche tradition artistique espagnole, parfaite pour les touristes \u00e0 la recherche d&rsquo;un souvenir repr\u00e9sentatif. Avec un design mosa\u00efque vibrant, sa surface d\u00e9ploie une combinaison \u00e9clectique de motifs g\u00e9om\u00e9triques en bleu, rouge, jaune et vert, \u00e9voquant la technique du trencad\u00eds, typique de l&rsquo;art catalan, c\u00e9l\u00e8bre pour ses carreaux complexes et color\u00e9s. Le bouchon en acier garantit non seulement la durabilit\u00e9 du produit, mais il est compl\u00e9t\u00e9 par un mousqueton rouge pratique qui permet de transporter la bouteille de mani\u00e8re s\u00fbre et styl\u00e9e lors de toute aventure quotidienne, qu&rsquo;il s&rsquo;agisse d&rsquo;une journ\u00e9e de tourisme en ville ou d&rsquo;une excursion en plein air.<\/p>\n<p>Ce souvenir n&rsquo;est pas seulement fonctionnel, il symbolise l&rsquo;authenticit\u00e9 et la cr\u00e9ativit\u00e9 du patrimoine espagnol, servant de rappel tangible des traditions culturelles. Chez Ol\u00e9 Mosaic, nous sommes fiers d&rsquo;\u00eatre des distributeurs de souvenirs en gros, offrant des produits de qualit\u00e9 comme cette bouteille, id\u00e9aux pour les boutiques de cadeaux touristiques cherchant \u00e0 capturer l&rsquo;essence de l&rsquo;Espagne. Cet article n&rsquo;est pas seulement une bouteille : c&rsquo;est une pi\u00e8ce d&rsquo;art qui connecte les visiteurs \u00e0 la chaleur et \u00e0 l&rsquo;esprit color\u00e9 de notre pays.<\/p>\n","protected":false},"excerpt":{"rendered":"<p>Bouteille en acier inoxydable de 500 ml, d\u00e9cor\u00e9e d&rsquo;un design mosa\u00efque vibrant qui \u00e9voque la riche tradition artistique espagnole. Sa surface pr\u00e9sente une combinaison de motifs g\u00e9om\u00e9triques en bleu, rouge, jaune et vert, refl\u00e9tant l&rsquo;essence du trencad\u00eds, propre \u00e0 l&rsquo;art catalan. La bouteille comprend un bouchon en acier et un mousqueton rouge pratique, id\u00e9al pour vous accompagner dans vos aventures quotidiennes avec style et fonctionnalit\u00e9.<\/p>\n","protected":false},"featured_media":9676,"template":"","meta":{"_acf_changed":false},"product_brand":[],"product_cat":[784],"product_tag":[],"class_list":{"0":"post-26643","1":"product","2":"type-product","3":"status-publish","4":"has-post-thumbnail","6":"product_cat-bouteilles-inox","7":"pa_motivo-mosaique","9":"first","10":"instock","11":"shipping-taxable","12":"product-type-simple"},"acf":[],"_links":{"self":[{"href":"https:\/\/olemosaic.orbitalia.org\/fr\/wp-json\/wp\/v2\/product\/26643","targetHints":{"allow":["GET"]}}],"collection":[{"href":"https:\/\/olemosaic.orbitalia.org\/fr\/wp-json\/wp\/v2\/product"}],"about":[{"href":"https:\/\/olemosaic.orbitalia.org\/fr\/wp-json\/wp\/v2\/types\/product"}],"wp:featuredmedia":[{"embeddable":true,"href":"https:\/\/olemosaic.orbitalia.org\/fr\/wp-json\/wp\/v2\/media\/9676"}],"wp:attachment":[{"href":"https:\/\/olemosaic.orbitalia.org\/fr\/wp-json\/wp\/v2\/media?parent=26643"}],"wp:term":[{"taxonomy":"product_brand","embeddable":true,"href":"https:\/\/olemosaic.orbitalia.org\/fr\/wp-json\/wp\/v2\/product_brand?post=26643"},{"taxonomy":"product_cat","embeddable":true,"href":"https:\/\/olemosaic.orbitalia.org\/fr\/wp-json\/wp\/v2\/product_cat?post=26643"},{"taxonomy":"product_tag","embeddable":true,"href":"https:\/\/olemosaic.orbitalia.org\/fr\/wp-json\/wp\/v2\/product_tag?post=26643"}],"curies":[{"name":"wp","href":"https:\/\/api.w.org\/{rel}","templated":true}]}}