{"id":26639,"date":"2025-02-20T23:28:34","date_gmt":"2025-02-20T22:28:34","guid":{"rendered":"https:\/\/olemosaic.orbitalia.org\/producto\/botella-inox-350-ml-panoramica-barcelona-2\/"},"modified":"2025-07-25T18:40:14","modified_gmt":"2025-07-25T16:40:14","slug":"bouteille-inox-350-ml-panoramique-barcelone-2","status":"publish","type":"product","link":"https:\/\/olemosaic.orbitalia.org\/fr\/produit\/bouteille-inox-350-ml-panoramique-barcelone-2\/","title":{"rendered":"Bouteille inox. 350 ml. Panoramique. Park G\u00fcell. Barcelone."},"content":{"rendered":"<p>Cette bouteille en acier inoxydable de 350 ml est un v\u00e9ritable reflet du charme architectural de Barcelone. Son design, color\u00e9 et moderne, affiche une vue panoramique spectaculaire de certains des monuments les plus embl\u00e9matiques de la ville, tels que la majestueuse Sagrada Familia et le vibrant Park G\u00fcell, illustr\u00e9s dans un style mosa\u00efque qui rend hommage \u00e0 l&rsquo;\u0153uvre d&rsquo;Antoni Gaud\u00ed. La base dor\u00e9e ajoute une touche d&rsquo;\u00e9l\u00e9gance, rehaussant la beaut\u00e9 du paysage urbain et faisant de cette bouteille un objet de d\u00e9sir, tant fonctionnel que d\u00e9coratif.<\/p>\n<p>En plus d&rsquo;\u00eatre id\u00e9ale pour maintenir vos boissons froides ou chaudes, cette bouteille agit comme un souvenir vivant de la riche culture catalane et de son patrimoine architectural. Ce souvenir est parfait pour les touristes qui souhaitent emporter un morceau de Barcelone et partager leur exp\u00e9rience avec leurs amis et leur famille. Chez Ol\u00e9 Mosaic, nous sommes fiers de proposer des produits authentiques et de haute qualit\u00e9, et cette bouteille repr\u00e9sente notre mission de distribuer des souvenirs qui capturent l&rsquo;essence de chaque r\u00e9gion.<\/p>\n<p>Choisir cette bouteille en acier inoxydable n&rsquo;est pas seulement un choix pratique, mais aussi un investissement dans un article qui c\u00e9l\u00e8bre l&rsquo;art et l&rsquo;architecture de Barcelone, en faisant un excellent choix pour les boutiques de cadeaux touristiques \u00e0 la recherche d&rsquo;articles m\u00e9morables et attrayants.<\/p>\n","protected":false},"excerpt":{"rendered":"<p>Bouteille en acier inoxydable de 350 ml avec une charmante vue panoramique de Barcelone. Ce produit pratique pr\u00e9sente un design moderne et color\u00e9, incluant des \u00e9l\u00e9ments architecturaux embl\u00e9matiques de la ville comme la Sagrada Familia et le Park G\u00fcell, tous stylis\u00e9s avec une mosa\u00efque vibrante. La base, aux tons dor\u00e9s, rehausse la majest\u00e9 du paysage urbain. Id\u00e9ale pour garder vos boissons fra\u00eeches tout en emportant un morceau de Barcelone avec vous.<\/p>\n","protected":false},"featured_media":12790,"template":"","meta":{"_acf_changed":false},"product_brand":[],"product_cat":[784],"product_tag":[],"class_list":{"0":"post-26639","1":"product","2":"type-product","3":"status-publish","4":"has-post-thumbnail","6":"product_cat-bouteilles-inox","7":"pa_ciudad-barcelona","8":"pa_motivo-panoramas","9":"pa_pais-espana","11":"first","12":"instock","13":"shipping-taxable","14":"product-type-simple"},"acf":[],"_links":{"self":[{"href":"https:\/\/olemosaic.orbitalia.org\/fr\/wp-json\/wp\/v2\/product\/26639","targetHints":{"allow":["GET"]}}],"collection":[{"href":"https:\/\/olemosaic.orbitalia.org\/fr\/wp-json\/wp\/v2\/product"}],"about":[{"href":"https:\/\/olemosaic.orbitalia.org\/fr\/wp-json\/wp\/v2\/types\/product"}],"wp:featuredmedia":[{"embeddable":true,"href":"https:\/\/olemosaic.orbitalia.org\/fr\/wp-json\/wp\/v2\/media\/12790"}],"wp:attachment":[{"href":"https:\/\/olemosaic.orbitalia.org\/fr\/wp-json\/wp\/v2\/media?parent=26639"}],"wp:term":[{"taxonomy":"product_brand","embeddable":true,"href":"https:\/\/olemosaic.orbitalia.org\/fr\/wp-json\/wp\/v2\/product_brand?post=26639"},{"taxonomy":"product_cat","embeddable":true,"href":"https:\/\/olemosaic.orbitalia.org\/fr\/wp-json\/wp\/v2\/product_cat?post=26639"},{"taxonomy":"product_tag","embeddable":true,"href":"https:\/\/olemosaic.orbitalia.org\/fr\/wp-json\/wp\/v2\/product_tag?post=26639"}],"curies":[{"name":"wp","href":"https:\/\/api.w.org\/{rel}","templated":true}]}}