{"id":26636,"date":"2025-02-20T23:28:34","date_gmt":"2025-02-20T22:28:34","guid":{"rendered":"https:\/\/olemosaic.orbitalia.org\/producto\/botella-inox-350-ml-buho\/"},"modified":"2025-07-25T18:50:04","modified_gmt":"2025-07-25T16:50:04","slug":"bouteille-inox-350-ml-hibou","status":"publish","type":"product","link":"https:\/\/olemosaic.orbitalia.org\/fr\/produit\/bouteille-inox-350-ml-hibou\/","title":{"rendered":"Bouteille inox. 350 ml. Hibou."},"content":{"rendered":"<p>Cette bouteille en acier inoxydable de 350 ml, d\u00e9cor\u00e9e d&rsquo;un design vibrant de hiboux de style mosa\u00efque, est un v\u00e9ritable joyau de l&rsquo;art populaire espagnol. Sa surface pr\u00e9sente un magnifique motif aux couleurs vives, combinant des tons de bleu, jaune, rouge et vert, \u00e9voquant la diversit\u00e9 de la nature et la richesse culturelle de l&rsquo;Espagne. Chaque hibou est m\u00e9ticuleusement repr\u00e9sent\u00e9 avec des d\u00e9tails complexes, soulignant l&rsquo;habilet\u00e9 artisanale qui caract\u00e9rise ce souvenir unique. Le fond blanc du design, simul\u00e9 par un motif de mosa\u00efque, rehausse encore plus les couleurs, apportant un air frais et \u00e9nergique.<\/p>\n<p>En plus de son esth\u00e9tique attrayante, cette bouteille est fonctionnelle, durable et pratique. Sa finition en acier inoxydable garantit que les boissons restent froides ou chaudes plus longtemps, ce qui en fait un accessoire id\u00e9al pour les amoureux de la nature et de l&rsquo;art. Ce souvenir repr\u00e9sente le lien entre l&rsquo;art et la tradition, capturant l&rsquo;essence du folklore espagnol d&rsquo;une mani\u00e8re que les touristes peuvent emporter partout avec eux.<\/p>\n<p>Chez Ol\u00e9 Mosaic, en tant que grossiste de souvenirs authentiques, nous proposons cette bouteille comme une option parfaite pour les boutiques de cadeaux touristiques \u00e0 la recherche d&rsquo;articles distinctifs et repr\u00e9sentatifs de la culture espagnole. Cette bouteille doit \u00eatre un \u00e9l\u00e9ment essentiel de votre collection de souvenirs d&rsquo;art, capitalisant sur la tendance actuelle vers des produits alliant fonctionnalit\u00e9 et design.<\/p>\n","protected":false},"excerpt":{"rendered":"<p>Bouteille en acier inoxydable de 350 ml d\u00e9cor\u00e9e d&rsquo;un design vibrant de hiboux de style mosa\u00efque. La bouteille pr\u00e9sente des couleurs vives et des d\u00e9tails complexes \u00e9voquant l&rsquo;artisanat traditionnel, parfaite pour les amoureux de l&rsquo;art et de la nature. Sa finition m\u00e9tallique est durable et facile \u00e0 nettoyer, et le design color\u00e9 lui donne une touche distinctive. Id\u00e9ale pour garder vos boissons froides ou chaudes tout en affichant un petit morceau du folklore espagnol.<\/p>\n","protected":false},"featured_media":12795,"template":"","meta":{"_acf_changed":false},"product_brand":[],"product_cat":[784],"product_tag":[530],"class_list":{"0":"post-26636","1":"product","2":"type-product","3":"status-publish","4":"has-post-thumbnail","6":"product_cat-bouteilles-inox","7":"product_tag-animaux","8":"pa_motivo-hiboux","10":"first","11":"instock","12":"shipping-taxable","13":"product-type-simple"},"acf":[],"_links":{"self":[{"href":"https:\/\/olemosaic.orbitalia.org\/fr\/wp-json\/wp\/v2\/product\/26636","targetHints":{"allow":["GET"]}}],"collection":[{"href":"https:\/\/olemosaic.orbitalia.org\/fr\/wp-json\/wp\/v2\/product"}],"about":[{"href":"https:\/\/olemosaic.orbitalia.org\/fr\/wp-json\/wp\/v2\/types\/product"}],"wp:featuredmedia":[{"embeddable":true,"href":"https:\/\/olemosaic.orbitalia.org\/fr\/wp-json\/wp\/v2\/media\/12795"}],"wp:attachment":[{"href":"https:\/\/olemosaic.orbitalia.org\/fr\/wp-json\/wp\/v2\/media?parent=26636"}],"wp:term":[{"taxonomy":"product_brand","embeddable":true,"href":"https:\/\/olemosaic.orbitalia.org\/fr\/wp-json\/wp\/v2\/product_brand?post=26636"},{"taxonomy":"product_cat","embeddable":true,"href":"https:\/\/olemosaic.orbitalia.org\/fr\/wp-json\/wp\/v2\/product_cat?post=26636"},{"taxonomy":"product_tag","embeddable":true,"href":"https:\/\/olemosaic.orbitalia.org\/fr\/wp-json\/wp\/v2\/product_tag?post=26636"}],"curies":[{"name":"wp","href":"https:\/\/api.w.org\/{rel}","templated":true}]}}