{"id":26633,"date":"2025-02-20T22:28:33","date_gmt":"2025-02-20T22:28:33","guid":{"rendered":"https:\/\/olemosaic.orbitalia.org\/producto\/bola-de-navidad-con-caja-gallo\/"},"modified":"2025-07-25T19:03:58","modified_gmt":"2025-07-25T17:03:58","slug":"boule-de-noel-avec-boite-coq","status":"publish","type":"product","link":"https:\/\/olemosaic.orbitalia.org\/fr\/produit\/boule-de-noel-avec-boite-coq\/","title":{"rendered":"Boule de No\u00ebl avec bo\u00eete. Coq."},"content":{"rendered":"<p>Cette boule de No\u00ebl d\u00e9corative, inspir\u00e9e de l&rsquo;iconique Coq de Barcelos, est un v\u00e9ritable symbole culturel du Portugal qui capture l&rsquo;essence de la tradition portugaise. Fabriqu\u00e9e en c\u00e9ramique, cette pi\u00e8ce unique pr\u00e9sente un design vibrant et color\u00e9 mettant en valeur le c\u00e9l\u00e8bre coq perch\u00e9 sur un fond de mosa\u00efque, \u00e9voquant la riche c\u00e9ramique du pays. Le coq, universellement reconnu comme embl\u00e8me de chance, est entour\u00e9 d&rsquo;\u00e9l\u00e9gantes roses rouges qui ajoutent une touche de sophistication et de fra\u00eecheur \u00e0 la composition.<\/p>\n<p>Le fond fragment\u00e9 de la boule, rappelant les techniques de mosa\u00efque traditionnelles, particuli\u00e8rement populaires dans la r\u00e9gion, souligne la ma\u00eetrise artisanale employ\u00e9e dans sa cr\u00e9ation. Cette boule de No\u00ebl n&rsquo;est pas seulement un ornement festif, mais aussi un rappel des coutumes et du folklore du Portugal, id\u00e9al comme souvenir pour ceux qui recherchent un morceau authentique de la culture lusitanienne.<\/p>\n<p>Pr\u00e9sent\u00e9e dans une \u00e9l\u00e9gante bo\u00eete, cette boule est parfaite aussi bien pour offrir \u00e0 No\u00ebl que pour \u00eatre conserv\u00e9e comme un beau souvenir. Chez Ol\u00e9 Mosaic, nous sommes sp\u00e9cialis\u00e9s dans la distribution de souvenirs en gros, et cette boule de No\u00ebl du Coq de Barcelos est une merveilleuse option pour les boutiques de cadeaux touristiques souhaitant proposer des articles repr\u00e9sentatifs de la richesse culturelle du Portugal. Son design captivant en fait un excellent cadeau ou souvenir de No\u00ebl pour les touristes et les amateurs d&rsquo;art.<\/p>\n","protected":false},"excerpt":{"rendered":"<p>Boule de No\u00ebl d\u00e9corative, inspir\u00e9e de l&rsquo;iconique Coq de Barcelos, symbole du Portugal. Cette pi\u00e8ce, fabriqu\u00e9e en c\u00e9ramique, pr\u00e9sente un design vibrant aux couleurs vari\u00e9es qui mettent en valeur la figure du coq sur un fond de mosa\u00efque. Des roses rouges \u00e9l\u00e9gantes compl\u00e8tent la sc\u00e8ne, encadr\u00e9e dans un fond fragment\u00e9 \u00e9voquant la c\u00e9ramique traditionnelle. Comprend une bo\u00eete, id\u00e9ale pour offrir ou conserver comme un joli souvenir de No\u00ebl.<\/p>\n","protected":false},"featured_media":9839,"template":"","meta":{"_acf_changed":false},"product_brand":[],"product_cat":[659],"product_tag":[530,646],"class_list":{"0":"post-26633","1":"product","2":"type-product","3":"status-publish","4":"has-post-thumbnail","6":"product_cat-boules-de-noel","7":"product_tag-animaux","8":"product_tag-noel","9":"pa_motivo-coqs","11":"first","12":"instock","13":"shipping-taxable","14":"product-type-simple"},"acf":[],"_links":{"self":[{"href":"https:\/\/olemosaic.orbitalia.org\/fr\/wp-json\/wp\/v2\/product\/26633","targetHints":{"allow":["GET"]}}],"collection":[{"href":"https:\/\/olemosaic.orbitalia.org\/fr\/wp-json\/wp\/v2\/product"}],"about":[{"href":"https:\/\/olemosaic.orbitalia.org\/fr\/wp-json\/wp\/v2\/types\/product"}],"wp:featuredmedia":[{"embeddable":true,"href":"https:\/\/olemosaic.orbitalia.org\/fr\/wp-json\/wp\/v2\/media\/9839"}],"wp:attachment":[{"href":"https:\/\/olemosaic.orbitalia.org\/fr\/wp-json\/wp\/v2\/media?parent=26633"}],"wp:term":[{"taxonomy":"product_brand","embeddable":true,"href":"https:\/\/olemosaic.orbitalia.org\/fr\/wp-json\/wp\/v2\/product_brand?post=26633"},{"taxonomy":"product_cat","embeddable":true,"href":"https:\/\/olemosaic.orbitalia.org\/fr\/wp-json\/wp\/v2\/product_cat?post=26633"},{"taxonomy":"product_tag","embeddable":true,"href":"https:\/\/olemosaic.orbitalia.org\/fr\/wp-json\/wp\/v2\/product_tag?post=26633"}],"curies":[{"name":"wp","href":"https:\/\/api.w.org\/{rel}","templated":true}]}}