{"id":26604,"date":"2025-02-20T23:28:33","date_gmt":"2025-02-20T22:28:33","guid":{"rendered":"https:\/\/olemosaic.orbitalia.org\/producto\/bola-de-navidad-con-caja-motivos-marinos\/"},"modified":"2025-07-25T19:30:04","modified_gmt":"2025-07-25T17:30:04","slug":"boule-de-noel-avec-boite-motifs-marins","status":"publish","type":"product","link":"https:\/\/olemosaic.orbitalia.org\/fr\/produit\/boule-de-noel-avec-boite-motifs-marins\/","title":{"rendered":"Boule de No\u00ebl avec bo\u00eete. Motifs marins."},"content":{"rendered":"<p>Cette boule de No\u00ebl d\u00e9corative est un merveilleux souvenir qui transformera n&rsquo;importe quel sapin festif en une c\u00e9l\u00e9bration de la beaut\u00e9 marine. Pr\u00e9sent\u00e9e dans une bo\u00eete \u00e9l\u00e9gante, la pi\u00e8ce se distingue par son design vibrant qui \u00e9voque la vie sous la mer. Fabriqu\u00e9e avec un mat\u00e9riau r\u00e9sistant, la boule affiche une riche palette de couleurs bleues, vertes et orange, mettant en valeur des motifs marins tels que des tortues et des hippocampes, m\u00e9ticuleusement peints \u00e0 la main. Chaque d\u00e9tail souligne la merveilleuse faune marine, capturant l&rsquo;essence d&rsquo;un \u00e9cosyst\u00e8me oc\u00e9anique.<\/p>\n<p>L&rsquo;illustration color\u00e9e non seulement embellit l&rsquo;ornement, mais porte \u00e9galement une connexion culturelle significative, rappelant la biodiversit\u00e9 que l&rsquo;on trouve sur les c\u00f4tes d&rsquo;Espagne et du Portugal. Ce souvenir n&rsquo;est pas seulement un cadeau original et festif, mais aussi une fa\u00e7on de pr\u00e9server et de c\u00e9l\u00e9brer l&rsquo;h\u00e9ritage marin de la r\u00e9gion.<\/p>\n<p>Parfaite pour ceux qui recherchent une touche artistique dans leur d\u00e9coration de No\u00ebl, cette boule de No\u00ebl est une excellente option pour les boutiques de cadeaux touristiques. Chez Ol\u00e9 Mosaic, en tant que grossistes de produits d\u00e9coratifs, nous proposons des souvenirs authentiques qui capturent l&rsquo;essence culturelle de l&rsquo;Espagne et du Portugal, garantissant qualit\u00e9 et pertinence dans chaque pi\u00e8ce.<\/p>\n","protected":false},"excerpt":{"rendered":"<p>Boule de No\u00ebl d\u00e9corative pr\u00e9sent\u00e9e dans une bo\u00eete \u00e9l\u00e9gante, parfaite pour orner le sapin pendant les f\u00eates. Cette boule, fabriqu\u00e9e dans un mat\u00e9riau r\u00e9sistant, pr\u00e9sente des motifs marins vibrants, tels que des tortues et des hippocampes, dans une palette de couleurs bleues, vertes et orange \u00e9voquant l&rsquo;environnement oc\u00e9anique. Les d\u00e9tails color\u00e9s sont peints \u00e0 la main, mettant en valeur la riche faune marine, ce qui fait de cette boule un cadeau original et festif qui ajoute une touche artistique \u00e0 la d\u00e9coration de No\u00ebl.<\/p>\n","protected":false},"featured_media":9834,"template":"","meta":{"_acf_changed":false},"product_brand":[],"product_cat":[659],"product_tag":[530,646],"class_list":{"0":"post-26604","1":"product","2":"type-product","3":"status-publish","4":"has-post-thumbnail","6":"product_cat-boules-de-noel","7":"product_tag-animaux","8":"product_tag-noel","9":"pa_motivo-animaux-marins","11":"first","12":"instock","13":"shipping-taxable","14":"product-type-simple"},"acf":[],"_links":{"self":[{"href":"https:\/\/olemosaic.orbitalia.org\/fr\/wp-json\/wp\/v2\/product\/26604","targetHints":{"allow":["GET"]}}],"collection":[{"href":"https:\/\/olemosaic.orbitalia.org\/fr\/wp-json\/wp\/v2\/product"}],"about":[{"href":"https:\/\/olemosaic.orbitalia.org\/fr\/wp-json\/wp\/v2\/types\/product"}],"wp:featuredmedia":[{"embeddable":true,"href":"https:\/\/olemosaic.orbitalia.org\/fr\/wp-json\/wp\/v2\/media\/9834"}],"wp:attachment":[{"href":"https:\/\/olemosaic.orbitalia.org\/fr\/wp-json\/wp\/v2\/media?parent=26604"}],"wp:term":[{"taxonomy":"product_brand","embeddable":true,"href":"https:\/\/olemosaic.orbitalia.org\/fr\/wp-json\/wp\/v2\/product_brand?post=26604"},{"taxonomy":"product_cat","embeddable":true,"href":"https:\/\/olemosaic.orbitalia.org\/fr\/wp-json\/wp\/v2\/product_cat?post=26604"},{"taxonomy":"product_tag","embeddable":true,"href":"https:\/\/olemosaic.orbitalia.org\/fr\/wp-json\/wp\/v2\/product_tag?post=26604"}],"curies":[{"name":"wp","href":"https:\/\/api.w.org\/{rel}","templated":true}]}}