{"id":26603,"date":"2025-02-20T23:28:33","date_gmt":"2025-02-20T22:28:33","guid":{"rendered":"https:\/\/olemosaic.orbitalia.org\/producto\/bola-de-navidad-con-caja-delfin-2\/"},"modified":"2025-07-25T19:35:42","modified_gmt":"2025-07-25T17:35:42","slug":"boule-de-noel-avec-boite-dauphin-2","status":"publish","type":"product","link":"https:\/\/olemosaic.orbitalia.org\/fr\/produit\/boule-de-noel-avec-boite-dauphin-2\/","title":{"rendered":"Boule de No\u00ebl avec bo\u00eete. Dauphin. Mosa\u00efque."},"content":{"rendered":"<p>Cette boule de No\u00ebl d\u00e9corative est un souvenir exceptionnel fabriqu\u00e9 en c\u00e9ramique, pr\u00e9sent\u00e9e dans une bo\u00eete \u00e9l\u00e9gante qui en fait le cadeau id\u00e9al pour ces f\u00eates. Le design contemporain de la boule se distingue par ses dauphins color\u00e9s, qui semblent prendre vie sur un fond de mosa\u00efque vibrant. Les dauphins, repr\u00e9sent\u00e9s en mouvement, \u00e9voquent la fra\u00eecheur de la mer et la joie de No\u00ebl, ajoutant une touche de nature et de libert\u00e9 \u00e0 votre sapin.<\/p>\n<p>Avec un ruban d\u00e9coratif dans les tons violets qui contraste magnifiquement avec les couleurs de la boule, cet ornement est parfait pour ceux qui recherchent un souvenir authentique refl\u00e9tant la culture m\u00e9diterran\u00e9enne. La boule comprend des textes festifs en plusieurs langues, ce qui lui donne un caract\u00e8re international, soulignant son attrait tant pour les touristes que pour les locaux.<\/p>\n<p>Faisant partie de la tradition des d\u00e9corations de No\u00ebl en Espagne, cette boule est un symbole de c\u00e9l\u00e9bration, rendant hommage \u00e0 la beaut\u00e9 de sa faune marine. Chez Ol\u00e9 Mosaic, nous nous sp\u00e9cialisons dans la distribution de souvenirs en gros, et cet ornement charmant est une excellente option pour les boutiques de cadeaux touristiques souhaitant proposer des produits de qualit\u00e9 et de pertinence culturelle. Avec son design unique et sa connexion avec la mer, c&rsquo;est le souvenir parfait de f\u00eates inoubliables.<\/p>\n","protected":false},"excerpt":{"rendered":"<p>Boule de No\u00ebl d\u00e9corative pr\u00e9sent\u00e9e dans une bo\u00eete \u00e9l\u00e9gante, illustr\u00e9e de dauphins color\u00e9s. Cet ornement en c\u00e9ramique pr\u00e9sente un design contemporain combinant des tons vibrants avec un fond de mosa\u00efque. Les dauphins, repr\u00e9sent\u00e9s en mouvement, \u00e9voquent la mer et la joie des f\u00eates. La boule comprend un ruban d\u00e9coratif dans les tons violets et des textes festifs en plusieurs langues, apportant une touche internationale parfaite pour votre sapin de No\u00ebl.<\/p>\n","protected":false},"featured_media":9742,"template":"","meta":{"_acf_changed":false},"product_brand":[],"product_cat":[659],"product_tag":[530,646],"class_list":{"0":"post-26603","1":"product","2":"type-product","3":"status-publish","4":"has-post-thumbnail","6":"product_cat-boules-de-noel","7":"product_tag-animaux","8":"product_tag-noel","9":"pa_motivo-dauphins","11":"first","12":"instock","13":"shipping-taxable","14":"product-type-simple"},"acf":[],"_links":{"self":[{"href":"https:\/\/olemosaic.orbitalia.org\/fr\/wp-json\/wp\/v2\/product\/26603","targetHints":{"allow":["GET"]}}],"collection":[{"href":"https:\/\/olemosaic.orbitalia.org\/fr\/wp-json\/wp\/v2\/product"}],"about":[{"href":"https:\/\/olemosaic.orbitalia.org\/fr\/wp-json\/wp\/v2\/types\/product"}],"wp:featuredmedia":[{"embeddable":true,"href":"https:\/\/olemosaic.orbitalia.org\/fr\/wp-json\/wp\/v2\/media\/9742"}],"wp:attachment":[{"href":"https:\/\/olemosaic.orbitalia.org\/fr\/wp-json\/wp\/v2\/media?parent=26603"}],"wp:term":[{"taxonomy":"product_brand","embeddable":true,"href":"https:\/\/olemosaic.orbitalia.org\/fr\/wp-json\/wp\/v2\/product_brand?post=26603"},{"taxonomy":"product_cat","embeddable":true,"href":"https:\/\/olemosaic.orbitalia.org\/fr\/wp-json\/wp\/v2\/product_cat?post=26603"},{"taxonomy":"product_tag","embeddable":true,"href":"https:\/\/olemosaic.orbitalia.org\/fr\/wp-json\/wp\/v2\/product_tag?post=26603"}],"curies":[{"name":"wp","href":"https:\/\/api.w.org\/{rel}","templated":true}]}}