{"id":26585,"date":"2025-02-20T23:28:32","date_gmt":"2025-02-20T22:28:32","guid":{"rendered":"https:\/\/olemosaic.orbitalia.org\/producto\/bola-de-navidad-con-caja-panoramica-valencia-2\/"},"modified":"2025-07-25T19:05:32","modified_gmt":"2025-07-25T17:05:32","slug":"boule-de-noel-avec-boite-panoramique-valence-2","status":"publish","type":"product","link":"https:\/\/olemosaic.orbitalia.org\/fr\/produit\/boule-de-noel-avec-boite-panoramique-valence-2\/","title":{"rendered":"Boule de No\u00ebl avec bo\u00eete. Panoramique. Valence. Espagne."},"content":{"rendered":"<p>Cette boule de No\u00ebl d\u00e9corative est un charmant souvenir de Valence, capturant l&rsquo;essence de l&rsquo;architecture et de la culture de la ville dans un objet festif. Pr\u00e9sent\u00e9e dans une \u00e9l\u00e9gante bo\u00eete, cette boule circulaire met en avant une vue panoramique vibrante de l&#8217;embl\u00e9matique b\u00e2timent de la Cit\u00e9 des Arts et des Sciences, symbolisant l&rsquo;innovation et l&rsquo;art qui caract\u00e9risent Valence. Le fond, dans des tons bleus, \u00e9voque le ciel \u00e9clatant de la r\u00e9gion, tandis que les d\u00e9tails color\u00e9s, repr\u00e9sentant la c\u00e9l\u00e8bre mosa\u00efque valencienne, ajoutent une touche d&rsquo;authenticit\u00e9 et de style.<\/p>\n<p>Dans la partie inf\u00e9rieure de la boule, un design festif compl\u00e8te la sc\u00e8ne, montrant un sympathique P\u00e8re No\u00ebl qui fait appel \u00e0 la joie de la saison de No\u00ebl. Cette ornementation n&rsquo;est pas seulement un d\u00e9cor parfait pour le sapin de No\u00ebl, mais aussi un souvenir significatif de l&rsquo;une des villes les plus appr\u00e9ci\u00e9es d&rsquo;Espagne. Son ruban rouge permet une exposition facile, ce qui en fait un cadeau id\u00e9al pour ceux qui souhaitent ramener un morceau de la culture valencienne chez eux.<\/p>\n<p>Ol\u00e9 Mosaic est fier de proposer des produits authentiques et de haute qualit\u00e9. Cette boule de No\u00ebl est une excellente id\u00e9e pour les boutiques de cadeaux touristiques \u00e0 la recherche d&rsquo;un souvenir m\u00e9morable de Valence. En tant que grossistes de souvenirs de No\u00ebl, nous garantissons que chaque pi\u00e8ce refl\u00e8te la richesse culturelle de son lieu d&rsquo;origine et laisse une empreinte ind\u00e9l\u00e9bile sur ceux qui la re\u00e7oivent.<\/p>\n","protected":false},"excerpt":{"rendered":"<p>Boule de No\u00ebl d\u00e9corative pr\u00e9sent\u00e9e dans une \u00e9l\u00e9gante bo\u00eete, inspir\u00e9e de l&rsquo;architecture de Valence. Cet ornement circulaire montre une vue panoramique impressionnante de l&#8217;embl\u00e9matique b\u00e2timent de la Cit\u00e9 des Arts et des Sciences, avec un fond bleut\u00e9 et des d\u00e9tails color\u00e9s \u00e9voquant la c\u00e9l\u00e8bre mosa\u00efque valencienne. Dans la partie inf\u00e9rieure, un design festif avec un P\u00e8re No\u00ebl se combine avec un ruban rouge pour faciliter sa mise en place. Id\u00e9al pour ajouter une touche de No\u00ebl pleine de culture \u00e0 n&rsquo;importe quel foyer.<\/p>\n","protected":false},"featured_media":9847,"template":"","meta":{"_acf_changed":false},"product_brand":[],"product_cat":[659],"product_tag":[646],"class_list":{"0":"post-26585","1":"product","2":"type-product","3":"status-publish","4":"has-post-thumbnail","6":"product_cat-boules-de-noel","7":"product_tag-noel","8":"pa_ciudad-valencia","9":"pa_motivo-panoramas","10":"pa_pais-espana","12":"first","13":"instock","14":"shipping-taxable","15":"product-type-simple"},"acf":[],"_links":{"self":[{"href":"https:\/\/olemosaic.orbitalia.org\/fr\/wp-json\/wp\/v2\/product\/26585","targetHints":{"allow":["GET"]}}],"collection":[{"href":"https:\/\/olemosaic.orbitalia.org\/fr\/wp-json\/wp\/v2\/product"}],"about":[{"href":"https:\/\/olemosaic.orbitalia.org\/fr\/wp-json\/wp\/v2\/types\/product"}],"wp:featuredmedia":[{"embeddable":true,"href":"https:\/\/olemosaic.orbitalia.org\/fr\/wp-json\/wp\/v2\/media\/9847"}],"wp:attachment":[{"href":"https:\/\/olemosaic.orbitalia.org\/fr\/wp-json\/wp\/v2\/media?parent=26585"}],"wp:term":[{"taxonomy":"product_brand","embeddable":true,"href":"https:\/\/olemosaic.orbitalia.org\/fr\/wp-json\/wp\/v2\/product_brand?post=26585"},{"taxonomy":"product_cat","embeddable":true,"href":"https:\/\/olemosaic.orbitalia.org\/fr\/wp-json\/wp\/v2\/product_cat?post=26585"},{"taxonomy":"product_tag","embeddable":true,"href":"https:\/\/olemosaic.orbitalia.org\/fr\/wp-json\/wp\/v2\/product_tag?post=26585"}],"curies":[{"name":"wp","href":"https:\/\/api.w.org\/{rel}","templated":true}]}}