{"id":26584,"date":"2025-02-20T22:28:32","date_gmt":"2025-02-20T22:28:32","guid":{"rendered":"https:\/\/olemosaic.orbitalia.org\/producto\/bola-de-navidad-con-caja-buhos-mallorca\/"},"modified":"2025-07-25T19:40:45","modified_gmt":"2025-07-25T17:40:45","slug":"boule-de-noel-avec-boite-hiboux-majorque","status":"publish","type":"product","link":"https:\/\/olemosaic.orbitalia.org\/fr\/produit\/boule-de-noel-avec-boite-hiboux-majorque\/","title":{"rendered":"Boule de No\u00ebl avec bo\u00eete. Hiboux. Majorque."},"content":{"rendered":"<p>Cette boule de No\u00ebl d\u00e9corative est un charmant souvenir de Majorque, inspir\u00e9e par les embl\u00e9matiques hiboux de la culture locale. Son design frappant pr\u00e9sente un hibou color\u00e9 stylis\u00e9, qui se d\u00e9tache dans des tons vibrants, \u00e9voquant la joie et l&rsquo;esprit festif de l&rsquo;\u00eele. Entour\u00e9e d&rsquo;un fond simulant une mosa\u00efque, cette pi\u00e8ce capture l&rsquo;essence de l&rsquo;art traditionnel majorquin, fusionnant modernit\u00e9 et tradition de mani\u00e8re exceptionnelle. Le mot \u00ab\u00a0MAJORQUE\u00a0\u00bb, imprim\u00e9 dans un format audacieux, ajoute de l&rsquo;authenticit\u00e9 au produit, en faisant un \u00e9l\u00e9ment distinctif que les touristes voudront ramener chez eux en souvenir de leur visite.<\/p>\n<p>La boule est pr\u00e9sent\u00e9e dans une \u00e9l\u00e9gante bo\u00eete, ce qui en fait non seulement un ornement parfait pour la maison pendant la saison de No\u00ebl, mais aussi un cadeau id\u00e9al pour ceux qui appr\u00e9cient les traditions majorquines. Son ruban rose sophistiqu\u00e9, qui orne la boule, ajoute une touche de classe qui capte l&rsquo;attention et l&rsquo;admiration de ceux qui la voient. Chez Ol\u00e9 Mosaic, sp\u00e9cialis\u00e9s dans la distribution de souvenirs en gros, nous proposons ce produit comme une option unique et authentique pour les boutiques de cadeaux touristiques cherchant \u00e0 mettre en valeur la richesse culturelle de Majorque. Cette boule de No\u00ebl avec hiboux est, sans aucun doute, un excellent choix pour ceux qui recherchent des souvenirs de qualit\u00e9 et de pertinence culturelle.<\/p>\n","protected":false},"excerpt":{"rendered":"<p>Boule de No\u00ebl d\u00e9corative avec bo\u00eete, inspir\u00e9e des c\u00e9l\u00e8bres hiboux de Majorque. Cet ornement pr\u00e9sente un design frappant avec un hibou stylis\u00e9 aux couleurs vibrantes sur un fond simulant une mosa\u00efque. La boule est orn\u00e9e du mot \u00ab\u00a0MAJORQUE\u00a0\u00bb dans un format audacieux, parfaite pour d\u00e9corer votre maison pendant les f\u00eates. Son ruban rose \u00e9l\u00e9gant ajoute une touche de sophistication, en faisant un cadeau id\u00e9al pour les amoureux des traditions majorquines.<\/p>\n","protected":false},"featured_media":13791,"template":"","meta":{"_acf_changed":false},"product_brand":[],"product_cat":[659],"product_tag":[530,646],"class_list":{"0":"post-26584","1":"product","2":"type-product","3":"status-publish","4":"has-post-thumbnail","6":"product_cat-boules-de-noel","7":"product_tag-animaux","8":"product_tag-noel","9":"pa_ciudad-mallorca","10":"pa_motivo-hiboux","11":"pa_pais-espana","13":"first","14":"instock","15":"shipping-taxable","16":"product-type-simple"},"acf":[],"_links":{"self":[{"href":"https:\/\/olemosaic.orbitalia.org\/fr\/wp-json\/wp\/v2\/product\/26584","targetHints":{"allow":["GET"]}}],"collection":[{"href":"https:\/\/olemosaic.orbitalia.org\/fr\/wp-json\/wp\/v2\/product"}],"about":[{"href":"https:\/\/olemosaic.orbitalia.org\/fr\/wp-json\/wp\/v2\/types\/product"}],"wp:featuredmedia":[{"embeddable":true,"href":"https:\/\/olemosaic.orbitalia.org\/fr\/wp-json\/wp\/v2\/media\/13791"}],"wp:attachment":[{"href":"https:\/\/olemosaic.orbitalia.org\/fr\/wp-json\/wp\/v2\/media?parent=26584"}],"wp:term":[{"taxonomy":"product_brand","embeddable":true,"href":"https:\/\/olemosaic.orbitalia.org\/fr\/wp-json\/wp\/v2\/product_brand?post=26584"},{"taxonomy":"product_cat","embeddable":true,"href":"https:\/\/olemosaic.orbitalia.org\/fr\/wp-json\/wp\/v2\/product_cat?post=26584"},{"taxonomy":"product_tag","embeddable":true,"href":"https:\/\/olemosaic.orbitalia.org\/fr\/wp-json\/wp\/v2\/product_tag?post=26584"}],"curies":[{"name":"wp","href":"https:\/\/api.w.org\/{rel}","templated":true}]}}