{"id":26580,"date":"2025-02-20T22:28:31","date_gmt":"2025-02-20T22:28:31","guid":{"rendered":"https:\/\/olemosaic.orbitalia.org\/producto\/bola-de-navidad-con-caja-flamenco\/"},"modified":"2025-07-25T18:56:00","modified_gmt":"2025-07-25T16:56:00","slug":"boule-de-noel-avec-boite-flamenco","status":"publish","type":"product","link":"https:\/\/olemosaic.orbitalia.org\/fr\/produit\/boule-de-noel-avec-boite-flamenco\/","title":{"rendered":"Boule de No\u00ebl avec bo\u00eete. Flamenco."},"content":{"rendered":"<p>Cette boule de No\u00ebl d\u00e9corative est un ornement festif charmant qui capture l&rsquo;essence du flamenco espagnol et de son folklore color\u00e9. Pr\u00e9sent\u00e9e dans une bo\u00eete \u00e9l\u00e9gante, elle se distingue par son design vibrant, illustrant deux danseurs de flamenco dans une composition en mosa\u00efque. Avec une palette vive de tons rouges, jaunes et bleus, la boule est un hommage \u00e0 la riche culture espagnole et \u00e0 la joie de la saison de No\u00ebl. Les danseurs de flamenco, symboles de gr\u00e2ce et de beaut\u00e9, sont repr\u00e9sent\u00e9s dans une pose dynamique \u00e9voquant le mouvement caract\u00e9ristique de la danse flamenco, tandis que le fond en mosa\u00efque ajoute une touche artistique, refl\u00e9tant l&rsquo;h\u00e9ritage culturel de r\u00e9gions comme l&rsquo;Andalousie.<\/p>\n<p>Le ruban rouge qui accompagne la boule facilite non seulement sa suspension, mais ajoute \u00e9galement une touche festive, parfaite pour compl\u00e9ter la d\u00e9coration de la maison ou du bureau pendant les c\u00e9l\u00e9brations. Cet ornement de No\u00ebl est id\u00e9al pour ceux qui recherchent un d\u00e9tail unique et significatif repr\u00e9sentant la culture espagnole dans leurs d\u00e9corations. Chez Ol\u00e9 Mosaic, nous nous sp\u00e9cialisons dans la distribution de souvenirs en gros, et cette boule de No\u00ebl est une excellente option pour les boutiques de cadeaux touristiques souhaitant proposer des produits authentiques et repr\u00e9sentatifs de l&rsquo;Espagne. Avec son authenticit\u00e9 et son appr\u00e9ciation pour l&rsquo;art traditionnel, cette boule est un merveilleux souvenir qui c\u00e9l\u00e9brera la joie de No\u00ebl et l&rsquo;essence du flamenco.<\/p>\n","protected":false},"excerpt":{"rendered":"<p>Boule de No\u00ebl d\u00e9corative, inspir\u00e9e par l&#8217;embl\u00e9matique flamenco, pr\u00e9sent\u00e9e dans une bo\u00eete \u00e9l\u00e9gante. Cet ornement festif pr\u00e9sente un design vibrant et color\u00e9 repr\u00e9sentant deux danseurs de flamenco dans une composition en mosa\u00efque, utilisant des tons rouges, jaunes et bleus. La boule comprend un ruban rouge pour la suspendre, ajoutant une touche festive. Elle est id\u00e9ale pour ceux qui recherchent un d\u00e9tail unique refl\u00e9tant le folklore espagnol dans leurs d\u00e9corations de No\u00ebl.<\/p>\n","protected":false},"featured_media":9836,"template":"","meta":{"_acf_changed":false},"product_brand":[],"product_cat":[659],"product_tag":[530,646],"class_list":{"0":"post-26580","1":"product","2":"type-product","3":"status-publish","4":"has-post-thumbnail","6":"product_cat-boules-de-noel","7":"product_tag-animaux","8":"product_tag-noel","9":"pa_motivo-flamants-roses","11":"first","12":"instock","13":"shipping-taxable","14":"product-type-simple"},"acf":[],"_links":{"self":[{"href":"https:\/\/olemosaic.orbitalia.org\/fr\/wp-json\/wp\/v2\/product\/26580","targetHints":{"allow":["GET"]}}],"collection":[{"href":"https:\/\/olemosaic.orbitalia.org\/fr\/wp-json\/wp\/v2\/product"}],"about":[{"href":"https:\/\/olemosaic.orbitalia.org\/fr\/wp-json\/wp\/v2\/types\/product"}],"wp:featuredmedia":[{"embeddable":true,"href":"https:\/\/olemosaic.orbitalia.org\/fr\/wp-json\/wp\/v2\/media\/9836"}],"wp:attachment":[{"href":"https:\/\/olemosaic.orbitalia.org\/fr\/wp-json\/wp\/v2\/media?parent=26580"}],"wp:term":[{"taxonomy":"product_brand","embeddable":true,"href":"https:\/\/olemosaic.orbitalia.org\/fr\/wp-json\/wp\/v2\/product_brand?post=26580"},{"taxonomy":"product_cat","embeddable":true,"href":"https:\/\/olemosaic.orbitalia.org\/fr\/wp-json\/wp\/v2\/product_cat?post=26580"},{"taxonomy":"product_tag","embeddable":true,"href":"https:\/\/olemosaic.orbitalia.org\/fr\/wp-json\/wp\/v2\/product_tag?post=26580"}],"curies":[{"name":"wp","href":"https:\/\/api.w.org\/{rel}","templated":true}]}}