{"id":26577,"date":"2025-02-20T22:28:31","date_gmt":"2025-02-20T22:28:31","guid":{"rendered":"https:\/\/olemosaic.orbitalia.org\/producto\/bola-de-navidad-con-caja-motivos-africanos\/"},"modified":"2025-07-25T18:45:25","modified_gmt":"2025-07-25T16:45:25","slug":"boule-de-noel-avec-boite-motifs-africains","status":"publish","type":"product","link":"https:\/\/olemosaic.orbitalia.org\/fr\/produit\/boule-de-noel-avec-boite-motifs-africains\/","title":{"rendered":"Boule de No\u00ebl avec bo\u00eete. Motifs africains."},"content":{"rendered":"<p>Cette boule de No\u00ebl d\u00e9corative est un souvenir attrayant et vibrant qui capture l&rsquo;essence de la faune et de la culture africaines. Pr\u00e9sent\u00e9e dans une bo\u00eete \u00e9l\u00e9gante avec des motifs traditionnels, c&rsquo;est un ornement id\u00e9al pour d\u00e9corer le sapin pendant les f\u00eates. Le design de la boule pr\u00e9sente un \u00e9l\u00e9phant imposant et un petit ours, tous deux illustr\u00e9s sur un fond bleu brillant qui \u00e9voque les paysages africains pleins de vie. Les couleurs vives, associ\u00e9es \u00e0 la technique d&rsquo;illustration d\u00e9taill\u00e9e, cr\u00e9ent un effet visuel captivant qui attirera certainement l&rsquo;attention de tous.<\/p>\n<p>Chaque d\u00e9tail de cette boule de No\u00ebl souligne la biodiversit\u00e9 de l&rsquo;Afrique et son riche h\u00e9ritage culturel, en faisant un souvenir parfait pour ceux qui sont tomb\u00e9s amoureux de cette r\u00e9gion fascinante. Le ruban rose qui accompagne la boule permet non seulement de l&rsquo;accrocher facilement au sapin, mais ajoute \u00e9galement une touche d&rsquo;\u00e9l\u00e9gance au design.<\/p>\n<p>Chez Ol\u00e9 Mosaic, nous nous sp\u00e9cialisons dans la distribution de souvenirs en gros, et cette boule d\u00e9corative est une excellente option pour les boutiques de cadeaux touristiques \u00e0 la recherche de produits authentiques et repr\u00e9sentatifs de diverses cultures. Ce souvenir ne d\u00e9core pas seulement, il raconte aussi une histoire, devenant un souvenir inoubliable de la magie africaine.<\/p>\n","protected":false},"excerpt":{"rendered":"<p>Boule de No\u00ebl d\u00e9corative pr\u00e9sent\u00e9e dans une bo\u00eete aux motifs africains, id\u00e9ale pour d\u00e9corer votre sapin. Ce design vibrant montre un \u00e9l\u00e9phant et un petit ours sur un fond bleu brillant, \u00e9voquant un paysage africain plein de vie. Les d\u00e9tails color\u00e9s et la technique d&rsquo;illustration ajoutent une touche artistique, tandis que le ruban rose facilite son installation. Un souvenir parfait qui c\u00e9l\u00e8bre la faune et la culture africaines pendant les festivit\u00e9s.<\/p>\n","protected":false},"featured_media":9833,"template":"","meta":{"_acf_changed":false},"product_brand":[],"product_cat":[659],"product_tag":[530,646],"class_list":{"0":"post-26577","1":"product","2":"type-product","3":"status-publish","4":"has-post-thumbnail","6":"product_cat-boules-de-noel","7":"product_tag-animaux","8":"product_tag-noel","9":"pa_motivo-africains","11":"first","12":"instock","13":"shipping-taxable","14":"product-type-simple"},"acf":[],"_links":{"self":[{"href":"https:\/\/olemosaic.orbitalia.org\/fr\/wp-json\/wp\/v2\/product\/26577","targetHints":{"allow":["GET"]}}],"collection":[{"href":"https:\/\/olemosaic.orbitalia.org\/fr\/wp-json\/wp\/v2\/product"}],"about":[{"href":"https:\/\/olemosaic.orbitalia.org\/fr\/wp-json\/wp\/v2\/types\/product"}],"wp:featuredmedia":[{"embeddable":true,"href":"https:\/\/olemosaic.orbitalia.org\/fr\/wp-json\/wp\/v2\/media\/9833"}],"wp:attachment":[{"href":"https:\/\/olemosaic.orbitalia.org\/fr\/wp-json\/wp\/v2\/media?parent=26577"}],"wp:term":[{"taxonomy":"product_brand","embeddable":true,"href":"https:\/\/olemosaic.orbitalia.org\/fr\/wp-json\/wp\/v2\/product_brand?post=26577"},{"taxonomy":"product_cat","embeddable":true,"href":"https:\/\/olemosaic.orbitalia.org\/fr\/wp-json\/wp\/v2\/product_cat?post=26577"},{"taxonomy":"product_tag","embeddable":true,"href":"https:\/\/olemosaic.orbitalia.org\/fr\/wp-json\/wp\/v2\/product_tag?post=26577"}],"curies":[{"name":"wp","href":"https:\/\/api.w.org\/{rel}","templated":true}]}}