{"id":26532,"date":"2025-02-20T23:28:29","date_gmt":"2025-02-20T22:28:29","guid":{"rendered":"https:\/\/olemosaic.orbitalia.org\/producto\/bola-de-navidad-con-caja-panoramica-barcelona-2\/"},"modified":"2025-07-25T18:41:35","modified_gmt":"2025-07-25T16:41:35","slug":"boule-de-noel-avec-boite-panoramique-barcelone-2","status":"publish","type":"product","link":"https:\/\/olemosaic.orbitalia.org\/fr\/produit\/boule-de-noel-avec-boite-panoramique-barcelone-2\/","title":{"rendered":"Boule de No\u00ebl avec bo\u00eete. Panoramique. Sagrada Familia. Barcelone. Espagne."},"content":{"rendered":"<p>Cette boule de No\u00ebl d\u00e9corative avec sa bo\u00eete est un souvenir \u00e9vocateur de Barcelone, id\u00e9al pour apporter l&rsquo;esprit festif de la capitale catalane dans n&rsquo;importe quel foyer. \u00c9labor\u00e9e en c\u00e9ramique de haute qualit\u00e9, cette pi\u00e8ce pr\u00e9sente un panorama vibrant de la ville, mettant en avant l&#8217;embl\u00e9matique Sagrada Familia parmi d&rsquo;autres monuments iconiques. Son design color\u00e9, encadr\u00e9 par un fond de mosa\u00efque bleue rappelant les \u0153uvres de Gaud\u00ed, capture l&rsquo;essence artistique de l&rsquo;architecture moderniste barcelonaise. Peinte \u00e0 la main avec des d\u00e9tails floraux et une finition brillante, chaque boule est unique et refl\u00e8te la passion pour la culture catalane.<\/p>\n<p>Le ruban rose qui orne la boule facilite non seulement son exposition sur le sapin de No\u00ebl, mais ajoute \u00e9galement une touche festive et moderne, faisant de ce souvenir un cadeau parfait pour les touristes et les amoureux de Barcelone. En tant qu&rsquo;authentique souvenir culturel, cette boule ne comm\u00e9more pas seulement les c\u00e9l\u00e9brations de No\u00ebl, elle rend \u00e9galement hommage \u00e0 la riche histoire et \u00e0 la beaut\u00e9 de la ville. Chez Ol\u00e9 Mosaic, en tant que distributeurs de souvenirs en gros, cette boule de No\u00ebl est une excellente option pour les boutiques de cadeaux touristiques cherchant d&rsquo;authentiques produits de qualit\u00e9 repr\u00e9sentant la singularit\u00e9 de Barcelone. D\u00e9corer le sapin avec cette pi\u00e8ce est une fa\u00e7on de se souvenir et de c\u00e9l\u00e9brer les traditions et la culture de l&rsquo;une des villes les plus vibrantes d&rsquo;Espagne.<\/p>\n","protected":false},"excerpt":{"rendered":"<p>Boule de No\u00ebl d\u00e9corative avec bo\u00eete, montrant un panorama vibrant de Barcelone. Cette pi\u00e8ce, \u00e9labor\u00e9e en c\u00e9ramique, pr\u00e9sente un design color\u00e9 avec des \u00e9l\u00e9ments iconiques tels que la Sagrada Familia et d&rsquo;autres monuments embl\u00e9matiques de la ville. D\u00e9cor\u00e9e d&rsquo;un fond de mosa\u00efque bleue et de motifs floraux, c&rsquo;est un exemple de design artisanal, peint \u00e0 la main, qui capture l&rsquo;esprit festif et culturel de la capitale catalane. Comprend un ruban rose pour l&rsquo;accrocher au sapin de No\u00ebl.<\/p>\n","protected":false},"featured_media":9842,"template":"","meta":{"_acf_changed":false},"product_brand":[],"product_cat":[659],"product_tag":[646],"class_list":{"0":"post-26532","1":"product","2":"type-product","3":"status-publish","4":"has-post-thumbnail","6":"product_cat-boules-de-noel","7":"product_tag-noel","8":"pa_ciudad-barcelona","9":"pa_motivo-panoramas","10":"pa_pais-espana","12":"first","13":"instock","14":"shipping-taxable","15":"product-type-simple"},"acf":[],"_links":{"self":[{"href":"https:\/\/olemosaic.orbitalia.org\/fr\/wp-json\/wp\/v2\/product\/26532","targetHints":{"allow":["GET"]}}],"collection":[{"href":"https:\/\/olemosaic.orbitalia.org\/fr\/wp-json\/wp\/v2\/product"}],"about":[{"href":"https:\/\/olemosaic.orbitalia.org\/fr\/wp-json\/wp\/v2\/types\/product"}],"wp:featuredmedia":[{"embeddable":true,"href":"https:\/\/olemosaic.orbitalia.org\/fr\/wp-json\/wp\/v2\/media\/9842"}],"wp:attachment":[{"href":"https:\/\/olemosaic.orbitalia.org\/fr\/wp-json\/wp\/v2\/media?parent=26532"}],"wp:term":[{"taxonomy":"product_brand","embeddable":true,"href":"https:\/\/olemosaic.orbitalia.org\/fr\/wp-json\/wp\/v2\/product_brand?post=26532"},{"taxonomy":"product_cat","embeddable":true,"href":"https:\/\/olemosaic.orbitalia.org\/fr\/wp-json\/wp\/v2\/product_cat?post=26532"},{"taxonomy":"product_tag","embeddable":true,"href":"https:\/\/olemosaic.orbitalia.org\/fr\/wp-json\/wp\/v2\/product_tag?post=26532"}],"curies":[{"name":"wp","href":"https:\/\/api.w.org\/{rel}","templated":true}]}}