{"id":26525,"date":"2025-02-20T23:28:28","date_gmt":"2025-02-20T22:28:28","guid":{"rendered":"https:\/\/olemosaic.orbitalia.org\/producto\/aceitera-de-ceramica-salamandra-mallorca-calca-beige\/"},"modified":"2025-07-25T18:40:51","modified_gmt":"2025-07-25T16:40:51","slug":"huilier-en-ceramique-salamandre-majorque-decalcomanie-beige","status":"publish","type":"product","link":"https:\/\/olemosaic.orbitalia.org\/fr\/produit\/huilier-en-ceramique-salamandre-majorque-decalcomanie-beige\/","title":{"rendered":"Huilier en c\u00e9ramique. Salamandre. Majorque. D\u00e9calcomanie. Beige"},"content":{"rendered":"<p>Cet huilier en c\u00e9ramique est un souvenir exquis de Majorque, alliant fonctionnalit\u00e9 et un design artistique charmant. D\u00e9cor\u00e9 de salamandres vibrantes dans des tons bleus, rouges et verts sur un fond beige, cette pi\u00e8ce capture l&rsquo;essence du folklore bal\u00e9are et s&rsquo;av\u00e8re attrayante pour n&rsquo;importe quelle table. Chaque salamandre semble \u00eatre peinte \u00e0 la main, ce qui conf\u00e8re \u00e0 chaque huilier un caract\u00e8re unique et authentique, tr\u00e8s repr\u00e9sentatif de l&rsquo;art populaire local.<\/p>\n<p>La finition \u00e9l\u00e9gante de l&rsquo;huilier, associ\u00e9e \u00e0 son distributeur pratique, le rend parfait tant pour un usage quotidien en cuisine que pour des occasions sp\u00e9ciales o\u00f9 vous souhaitez impressionner vos invit\u00e9s avec une touche m\u00e9diterran\u00e9enne. Cet accessoire n&rsquo;est pas seulement id\u00e9al pour les amateurs de cuisine, mais constitue \u00e9galement un rappel tangible des traditions et de la riche culture de Majorque.<\/p>\n<p>Chez Ol\u00e9 Mosaic, nous nous sp\u00e9cialisons dans la distribution de souvenirs en gros, offrant des produits authentiques qui repr\u00e9sentent le patrimoine culturel de l&rsquo;Espagne. Cet huilier en c\u00e9ramique d\u00e9cor\u00e9 de salamandres est une excellente option pour les boutiques de souvenirs touristiques \u00e0 la recherche de souvenirs uniques et significatifs, parfaits pour ceux qui souhaitent emporter un petit morceau de la magie de Majorque. En tant que grossistes en souvenirs, nous garantissons que chaque pi\u00e8ce est un symbole d&rsquo;authenticit\u00e9 et de qualit\u00e9, id\u00e9al pour s\u00e9duire les touristes \u00e0 la recherche de souvenirs repr\u00e9sentatifs de leur visite.<\/p>\n","protected":false},"excerpt":{"rendered":"<p>Huilier en c\u00e9ramique d\u00e9cor\u00e9 de salamandres color\u00e9es, \u00e9voquant le charme de Majorque. Ce design artisanal, peint \u00e0 la main, pr\u00e9sente des salamandres dans des tons bleus, rouges et verts sur un fond beige, capturant l&rsquo;essence du folklore local. L&rsquo;huilier, avec une finition \u00e9l\u00e9gante et un distributeur pratique, est id\u00e9al pour donner une touche m\u00e9diterran\u00e9enne \u00e0 n&rsquo;importe quelle table. Parfait pour les amateurs de cuisine et de la culture bal\u00e9are.<\/p>\n","protected":false},"featured_media":7378,"template":"","meta":{"_acf_changed":false},"product_brand":[],"product_cat":[782],"product_tag":[530,585],"class_list":{"0":"post-26525","1":"product","2":"type-product","3":"status-publish","4":"has-post-thumbnail","6":"product_cat-huiliers","7":"product_tag-animaux","8":"product_tag-ceramique","9":"pa_ciudad-mallorca","10":"pa_motivo-salamandres","11":"pa_pais-espana","13":"first","14":"instock","15":"shipping-taxable","16":"product-type-simple"},"acf":[],"_links":{"self":[{"href":"https:\/\/olemosaic.orbitalia.org\/fr\/wp-json\/wp\/v2\/product\/26525","targetHints":{"allow":["GET"]}}],"collection":[{"href":"https:\/\/olemosaic.orbitalia.org\/fr\/wp-json\/wp\/v2\/product"}],"about":[{"href":"https:\/\/olemosaic.orbitalia.org\/fr\/wp-json\/wp\/v2\/types\/product"}],"wp:featuredmedia":[{"embeddable":true,"href":"https:\/\/olemosaic.orbitalia.org\/fr\/wp-json\/wp\/v2\/media\/7378"}],"wp:attachment":[{"href":"https:\/\/olemosaic.orbitalia.org\/fr\/wp-json\/wp\/v2\/media?parent=26525"}],"wp:term":[{"taxonomy":"product_brand","embeddable":true,"href":"https:\/\/olemosaic.orbitalia.org\/fr\/wp-json\/wp\/v2\/product_brand?post=26525"},{"taxonomy":"product_cat","embeddable":true,"href":"https:\/\/olemosaic.orbitalia.org\/fr\/wp-json\/wp\/v2\/product_cat?post=26525"},{"taxonomy":"product_tag","embeddable":true,"href":"https:\/\/olemosaic.orbitalia.org\/fr\/wp-json\/wp\/v2\/product_tag?post=26525"}],"curies":[{"name":"wp","href":"https:\/\/api.w.org\/{rel}","templated":true}]}}