{"id":26497,"date":"2025-02-20T22:28:28","date_gmt":"2025-02-20T22:28:28","guid":{"rendered":"https:\/\/olemosaic.orbitalia.org\/producto\/aceitera-de-ceramica-bailaora-calca-beige\/"},"modified":"2025-07-25T18:38:05","modified_gmt":"2025-07-25T16:38:05","slug":"huilier-en-ceramique-danseuse-de-flamenco-calca-beige","status":"publish","type":"product","link":"https:\/\/olemosaic.orbitalia.org\/fr\/produit\/huilier-en-ceramique-danseuse-de-flamenco-calca-beige\/","title":{"rendered":"Huilier en c\u00e9ramique. Danseuse de flamenco. Calca. Beige"},"content":{"rendered":"<p>Cet huilier en c\u00e9ramique, d\u00e9cor\u00e9 d&rsquo;illustrations vibrantes de danseuses de flamenco, capture l&rsquo;essence de la culture espagnole. Avec un design \u00e9l\u00e9gant dans des tons beige, l&rsquo;huilier est orn\u00e9 de motifs floraux rouges qui rehaussent son attrait visuel. Sur l&rsquo;un de ses c\u00f4t\u00e9s, des images de figures f\u00e9minines v\u00eatues de costumes de flamenco aux couleurs vives se d\u00e9tachent, repr\u00e9sentant la magnificence et le dynamisme de cet art, synonyme de passion et de tradition en Espagne. Le couvercle m\u00e9tallique et le syst\u00e8me anti-goutte facilitent une utilisation pratique en cuisine, permettant aux amateurs de gastronomie d&rsquo;ajouter une touche de saveur \u00e0 leurs plats tout en profitant de l&rsquo;esth\u00e9tique de l&rsquo;objet. De plus, le texte \u00ab\u00a0ESPA\u00d1A\u00a0\u00bb grav\u00e9 dans le design \u00e9voque l&rsquo;authenticit\u00e9 et la fiert\u00e9 nationale, faisant de cet huilier un souvenir parfait qui refl\u00e8te la richesse culturelle du pays. Id\u00e9al pour les touristes \u00e0 la recherche de souvenirs repr\u00e9sentatifs de leur visite, cet huilier n&rsquo;est pas seulement un ustensile fonctionnel, mais un pr\u00e9cieux rappel de la culture espagnole. Chez Ol\u00e9 Mosaic, en tant que distributeurs de souvenirs en c\u00e9ramique, nous garantissons la qualit\u00e9 et l&rsquo;authenticit\u00e9 de chaque produit, offrant un article qui sera un excellent compl\u00e9ment pour toute boutique de cadeaux touristiques.<\/p>\n","protected":false},"excerpt":{"rendered":"<p>Huilier en c\u00e9ramique d\u00e9cor\u00e9 d&rsquo;illustrations vibrantes de danseuses de flamenco, repr\u00e9sentant l&rsquo;essence de la culture espagnole. Son design \u00e9l\u00e9gant dans des tons beige comprend des motifs floraux rouges et des figures f\u00e9minines v\u00eatues de costumes de flamenco aux couleurs vives. Le couvercle et le bec verseur m\u00e9tallique facilitent une utilisation pratique en cuisine, tandis que le texte \u00ab\u00a0ESPA\u00d1A\u00a0\u00bb ajoute une touche authentique. Parfait pour donner un air espagnol \u00e0 votre table.<\/p>\n","protected":false},"featured_media":7352,"template":"","meta":{"_acf_changed":false},"product_brand":[],"product_cat":[782],"product_tag":[585],"class_list":{"0":"post-26497","1":"product","2":"type-product","3":"status-publish","4":"has-post-thumbnail","6":"product_cat-huiliers","7":"product_tag-ceramique","8":"pa_motivo-danseurs","10":"first","11":"instock","12":"shipping-taxable","13":"product-type-simple"},"acf":[],"_links":{"self":[{"href":"https:\/\/olemosaic.orbitalia.org\/fr\/wp-json\/wp\/v2\/product\/26497","targetHints":{"allow":["GET"]}}],"collection":[{"href":"https:\/\/olemosaic.orbitalia.org\/fr\/wp-json\/wp\/v2\/product"}],"about":[{"href":"https:\/\/olemosaic.orbitalia.org\/fr\/wp-json\/wp\/v2\/types\/product"}],"wp:featuredmedia":[{"embeddable":true,"href":"https:\/\/olemosaic.orbitalia.org\/fr\/wp-json\/wp\/v2\/media\/7352"}],"wp:attachment":[{"href":"https:\/\/olemosaic.orbitalia.org\/fr\/wp-json\/wp\/v2\/media?parent=26497"}],"wp:term":[{"taxonomy":"product_brand","embeddable":true,"href":"https:\/\/olemosaic.orbitalia.org\/fr\/wp-json\/wp\/v2\/product_brand?post=26497"},{"taxonomy":"product_cat","embeddable":true,"href":"https:\/\/olemosaic.orbitalia.org\/fr\/wp-json\/wp\/v2\/product_cat?post=26497"},{"taxonomy":"product_tag","embeddable":true,"href":"https:\/\/olemosaic.orbitalia.org\/fr\/wp-json\/wp\/v2\/product_tag?post=26497"}],"curies":[{"name":"wp","href":"https:\/\/api.w.org\/{rel}","templated":true}]}}