{"id":26495,"date":"2025-02-20T23:28:27","date_gmt":"2025-02-20T22:28:27","guid":{"rendered":"https:\/\/olemosaic.orbitalia.org\/producto\/mug-xl-de-ceramica-gallos-blanco-13-cm\/"},"modified":"2025-07-25T18:33:22","modified_gmt":"2025-07-25T16:33:22","slug":"mug-xl-en-ceramique-coqs-blanc-13-cm","status":"publish","type":"product","link":"https:\/\/olemosaic.orbitalia.org\/fr\/produit\/mug-xl-en-ceramique-coqs-blanc-13-cm\/","title":{"rendered":"Mug XL en c\u00e9ramique. Coqs. Blanc. 13 cm."},"content":{"rendered":"<p>Profitez du mug XL en c\u00e9ramique d\u00e9cor\u00e9 d&rsquo;un coq vibrant, un symbole iconique de la culture portugaise. Ce magnifique mug, de 13 cm de hauteur, est con\u00e7u pour \u00eatre \u00e0 la fois fonctionnel et d\u00e9coratif, id\u00e9al pour savourer vos boissons pr\u00e9f\u00e9r\u00e9es ou comme un charmant souvenir qui capture l&rsquo;essence du Portugal. Son design, peint \u00e0 la main, pr\u00e9sente un coq dans des tons ardents de rouge et de noir, accompagn\u00e9 de motifs de c\u0153urs et de fleurs qui contrastent merveilleusement sur un fond blanco. Les d\u00e9tails sont exceptionnels, avec des formes circulaires qui \u00e9voquent la richesse de l&rsquo;art populaire portugais. L&rsquo;anse, sculpt\u00e9e en forme de coq, ajoute une touche distinctive et amusante, en faisant un article unique.<\/p>\n<p>Ce mug n&rsquo;est pas seulement une pi\u00e8ce de c\u00e9ramique exquise, mais il repr\u00e9sente \u00e9galement un souvenir culturel authentique, refl\u00e9tant l&rsquo;esprit joyeux et color\u00e9 des festivit\u00e9s locales. Le coq, connu sous le nom de \u00ab\u00a0galo de Barcelos\u00a0\u00bb, est un symbole de chance et un embl\u00e8me de la fi\u00e8re tradition portugaise. Chez Ol\u00e9 Mosaic, nous nous sp\u00e9cialisons dans la distribution de souvenirs en gros et ce mug est une excellente option pour les boutiques de cadeaux touristiques cherchant \u00e0 offrir des produits authentiques et significatifs. Avec son charme et son originalit\u00e9, c&rsquo;est un souvenir qui met en valeur la culture portugaise, id\u00e9al pour ceux qui souhaitent ramener chez eux un morceau de ce riche h\u00e9ritage.<\/p>\n","protected":false},"excerpt":{"rendered":"<p>Mug XL en c\u00e9ramique d\u00e9cor\u00e9 d&rsquo;un coq color\u00e9, un symbole embl\u00e9matique de la culture portugaise. Avec un design artisanal, peint \u00e0 la main, ce mug se distingue par ses couleurs vibrantes rouge, noir et bleu, ainsi que des motifs de c\u0153urs et de fleurs sur un fond blanc. Avec 13 cm de hauteur, sa forme ergonomique et son anse en forme de coq ajoutent une touche distinctive, en faisant un article id\u00e9al pour savourer vos boissons pr\u00e9f\u00e9r\u00e9es ou comme un charmant souvenir.<\/p>\n","protected":false},"featured_media":8913,"template":"","meta":{"_acf_changed":false},"product_brand":[],"product_cat":[728],"product_tag":[530,585],"class_list":{"0":"post-26495","1":"product","2":"type-product","3":"status-publish","4":"has-post-thumbnail","6":"product_cat-mugs","7":"product_tag-animaux","8":"product_tag-ceramique","9":"pa_motivo-coqs","11":"first","12":"instock","13":"shipping-taxable","14":"product-type-simple"},"acf":[],"_links":{"self":[{"href":"https:\/\/olemosaic.orbitalia.org\/fr\/wp-json\/wp\/v2\/product\/26495","targetHints":{"allow":["GET"]}}],"collection":[{"href":"https:\/\/olemosaic.orbitalia.org\/fr\/wp-json\/wp\/v2\/product"}],"about":[{"href":"https:\/\/olemosaic.orbitalia.org\/fr\/wp-json\/wp\/v2\/types\/product"}],"wp:featuredmedia":[{"embeddable":true,"href":"https:\/\/olemosaic.orbitalia.org\/fr\/wp-json\/wp\/v2\/media\/8913"}],"wp:attachment":[{"href":"https:\/\/olemosaic.orbitalia.org\/fr\/wp-json\/wp\/v2\/media?parent=26495"}],"wp:term":[{"taxonomy":"product_brand","embeddable":true,"href":"https:\/\/olemosaic.orbitalia.org\/fr\/wp-json\/wp\/v2\/product_brand?post=26495"},{"taxonomy":"product_cat","embeddable":true,"href":"https:\/\/olemosaic.orbitalia.org\/fr\/wp-json\/wp\/v2\/product_cat?post=26495"},{"taxonomy":"product_tag","embeddable":true,"href":"https:\/\/olemosaic.orbitalia.org\/fr\/wp-json\/wp\/v2\/product_tag?post=26495"}],"curies":[{"name":"wp","href":"https:\/\/api.w.org\/{rel}","templated":true}]}}