{"id":26487,"date":"2025-02-20T23:28:27","date_gmt":"2025-02-20T22:28:27","guid":{"rendered":"https:\/\/olemosaic.orbitalia.org\/producto\/taza-de-ceramica-delfin-beige\/"},"modified":"2025-07-25T18:48:33","modified_gmt":"2025-07-25T16:48:33","slug":"mug-en-ceramique-dauphin-beige","status":"publish","type":"product","link":"https:\/\/olemosaic.orbitalia.org\/fr\/produit\/mug-en-ceramique-dauphin-beige\/","title":{"rendered":"Mug en c\u00e9ramique. Dauphin. Beige."},"content":{"rendered":"<p>Profitez de notre mug exclusif en c\u00e9ramique au design de dauphins, un v\u00e9ritable bijou qui capture l&rsquo;essence des c\u00f4tes m\u00e9diterran\u00e9ennes. Fabriqu\u00e9 en c\u00e9ramique de haute qualit\u00e9, ce mug pr\u00e9sente un ton beige \u00e9l\u00e9gant, rehauss\u00e9 par un motif marin vibrant o\u00f9 des dauphins color\u00e9s sautent joyeusement sur des vagues bleues, \u00e9voquant la fra\u00eecheur et la vitalit\u00e9 de l&rsquo;oc\u00e9an. Sa forme conique, qui allie style et fonctionnalit\u00e9, le rend parfait pour savourer vos boissons pr\u00e9f\u00e9r\u00e9es, qu&rsquo;il s&rsquo;agisse d&rsquo;un caf\u00e9 le matin ou d&rsquo;une infusion relaxante au coucher du soleil.<\/p>\n<p>Chaque mug semble \u00eatre peint \u00e0 la main, ce qui garantit que chaque pi\u00e8ce est unique, assurant un souvenir authentique et repr\u00e9sentatif de la culture maritime. L&rsquo;anse color\u00e9e, disponible en plusieurs tons, apporte une touche contemporaine qui compl\u00e8te le design, faisant de ce mug un cadeau id\u00e9al pour ceux qui recherchent des souvenirs originaux et significatifs de leur visite. Chez Ol\u00e9 Mosaic, en tant que grossiste en souvenirs, nous proposons des produits qui c\u00e9l\u00e8brent la beaut\u00e9 et la connexion culturelle de chaque r\u00e9gion, et ce mug en c\u00e9ramique dauphins est un choix parfait pour les boutiques de cadeaux touristiques qui appr\u00e9cient la qualit\u00e9 et la tradition artisanale.<\/p>\n","protected":false},"excerpt":{"rendered":"<p>Mug en c\u00e9ramique avec design de dauphins, disponible en plusieurs couleurs. Ce mug beige, au design artisanal et peint \u00e0 la main, pr\u00e9sente un motif marin vibrant avec des dauphins sautant parmi les vagues, \u00e9voquant la joie de l&rsquo;oc\u00e9an. Sa forme conique \u00e9l\u00e9gante et son anse color\u00e9e lui donnent une touche contemporaine. Parfait pour savourer vos boissons \u00e0 tout moment, c&rsquo;est un souvenir id\u00e9al des c\u00f4tes m\u00e9diterran\u00e9ennes.<\/p>\n","protected":false},"featured_media":7023,"template":"","meta":{"_acf_changed":false},"product_brand":[],"product_cat":[822],"product_tag":[530,585],"class_list":{"0":"post-26487","1":"product","2":"type-product","3":"status-publish","4":"has-post-thumbnail","6":"product_cat-mugs-fr","7":"product_tag-animaux","8":"product_tag-ceramique","9":"pa_motivo-dauphins","11":"first","12":"instock","13":"shipping-taxable","14":"product-type-simple"},"acf":[],"_links":{"self":[{"href":"https:\/\/olemosaic.orbitalia.org\/fr\/wp-json\/wp\/v2\/product\/26487","targetHints":{"allow":["GET"]}}],"collection":[{"href":"https:\/\/olemosaic.orbitalia.org\/fr\/wp-json\/wp\/v2\/product"}],"about":[{"href":"https:\/\/olemosaic.orbitalia.org\/fr\/wp-json\/wp\/v2\/types\/product"}],"wp:featuredmedia":[{"embeddable":true,"href":"https:\/\/olemosaic.orbitalia.org\/fr\/wp-json\/wp\/v2\/media\/7023"}],"wp:attachment":[{"href":"https:\/\/olemosaic.orbitalia.org\/fr\/wp-json\/wp\/v2\/media?parent=26487"}],"wp:term":[{"taxonomy":"product_brand","embeddable":true,"href":"https:\/\/olemosaic.orbitalia.org\/fr\/wp-json\/wp\/v2\/product_brand?post=26487"},{"taxonomy":"product_cat","embeddable":true,"href":"https:\/\/olemosaic.orbitalia.org\/fr\/wp-json\/wp\/v2\/product_cat?post=26487"},{"taxonomy":"product_tag","embeddable":true,"href":"https:\/\/olemosaic.orbitalia.org\/fr\/wp-json\/wp\/v2\/product_tag?post=26487"}],"curies":[{"name":"wp","href":"https:\/\/api.w.org\/{rel}","templated":true}]}}