{"id":26482,"date":"2025-02-20T22:28:26","date_gmt":"2025-02-20T22:28:26","guid":{"rendered":"https:\/\/olemosaic.orbitalia.org\/producto\/4-bols-de-coco-de-13-x-6-cm-tortuga-barcelona\/"},"modified":"2025-07-25T18:50:56","modified_gmt":"2025-07-25T16:50:56","slug":"4-bols-en-coco-de-13-x-6-cm-tortue-barcelone","status":"publish","type":"product","link":"https:\/\/olemosaic.orbitalia.org\/fr\/produit\/4-bols-en-coco-de-13-x-6-cm-tortue-barcelone\/","title":{"rendered":"Lot de 4 bols en coco de 13 x 6 cm. Tortue. Barcelone."},"content":{"rendered":"<p>Profitez de cet ensemble de quatre bols en coco, un v\u00e9ritable hommage \u00e0 la ville vibrante de Barcelone, alliant beaut\u00e9 esth\u00e9tique et fonctionnalit\u00e9. Chaque bol, d&rsquo;un diam\u00e8tre de 13 cm et d&rsquo;une hauteur de 6 cm, est un chef-d&rsquo;\u0153uvre artisanal con\u00e7u avec un charmant motif de tortue. Ce design en relief, accompagn\u00e9 du mot \u00ab\u00a0Barcelona\u00a0\u00bb, souligne la connexion culturelle et l&rsquo;attachement \u00e0 l&rsquo;identit\u00e9 de cette m\u00e9tropole.<\/p>\n<p>Les bols sont d\u00e9cor\u00e9s avec une magnifique technique de mosa\u00efque pr\u00e9sentant une explosion de couleurs vibrantes, incluant des nuances de bleu, de jaune et des tons terre, ce qui leur conf\u00e8re un aspect joyeux et attrayant qui \u00e9voquera les paysages ensoleill\u00e9s de la Costa Brava. Chaque bol est unique, gr\u00e2ce \u00e0 l&rsquo;attention m\u00e9ticuleuse port\u00e9e aux d\u00e9tails lors de sa fabrication, et sert parfaitement aussi bien d&rsquo;objet d\u00e9coratif que pour pr\u00e9senter des ap\u00e9ritifs ou de petites entr\u00e9es lors de toute r\u00e9union.<\/p>\n<p>Cet ensemble de bols en coco ne repr\u00e9sente pas seulement un souvenir m\u00e9morable de Barcelone, mais il symbolise \u00e9galement le riche h\u00e9ritage culturel de la r\u00e9gion, tr\u00e8s appr\u00e9ci\u00e9 des touristes \u00e0 la recherche de souvenirs authentiques et significatifs. Chez Ol\u00e9 Mosaic, nous sommes des distributeurs sp\u00e9cialis\u00e9s dans les souvenirs en gros, et ces bols sont un choix id\u00e9al pour les boutiques de cadeaux touristiques souhaitant proposer des articles qui mettent en avant l&rsquo;essence de la culture espagnole. Avec leur design attrayant et leur pertinence culturelle, ces bols en coco sont l&rsquo;option parfaite pour ceux qui cherchent \u00e0 ramener un morceau de Barcelone \u00e0 la maison.<\/p>\n","protected":false},"excerpt":{"rendered":"<p>Profitez de ce jeu de quatre bols en coco, chacun d&rsquo;un diam\u00e8tre de 13 cm et d&rsquo;une hauteur de 6 cm, un hommage \u00e0 Barcelone. Chaque bol est d\u00e9cor\u00e9 d&rsquo;un design de tortue et pr\u00e9sente une technique de mosa\u00efque aux couleurs vibrantes, comme le bleu, le jaune et les tons terre. Un embl\u00e8me en relief avec le mot \u00ab\u00a0Barcelona\u00a0\u00bb renforce sa connexion culturelle. Parfaits comme objets d\u00e9coratifs ou pour servir des ap\u00e9ritifs, ces bols allient art et fonctionnalit\u00e9 dans une pi\u00e8ce unique.<\/p>\n","protected":false},"featured_media":10709,"template":"","meta":{"_acf_changed":false},"product_brand":[],"product_cat":[521],"product_tag":[530],"class_list":{"0":"post-26482","1":"product","2":"type-product","3":"status-publish","4":"has-post-thumbnail","6":"product_cat-bols","7":"product_tag-animaux","8":"pa_ciudad-barcelona","9":"pa_motivo-tortues","10":"pa_pais-espana","12":"first","13":"instock","14":"shipping-taxable","15":"product-type-simple"},"acf":[],"_links":{"self":[{"href":"https:\/\/olemosaic.orbitalia.org\/fr\/wp-json\/wp\/v2\/product\/26482","targetHints":{"allow":["GET"]}}],"collection":[{"href":"https:\/\/olemosaic.orbitalia.org\/fr\/wp-json\/wp\/v2\/product"}],"about":[{"href":"https:\/\/olemosaic.orbitalia.org\/fr\/wp-json\/wp\/v2\/types\/product"}],"wp:featuredmedia":[{"embeddable":true,"href":"https:\/\/olemosaic.orbitalia.org\/fr\/wp-json\/wp\/v2\/media\/10709"}],"wp:attachment":[{"href":"https:\/\/olemosaic.orbitalia.org\/fr\/wp-json\/wp\/v2\/media?parent=26482"}],"wp:term":[{"taxonomy":"product_brand","embeddable":true,"href":"https:\/\/olemosaic.orbitalia.org\/fr\/wp-json\/wp\/v2\/product_brand?post=26482"},{"taxonomy":"product_cat","embeddable":true,"href":"https:\/\/olemosaic.orbitalia.org\/fr\/wp-json\/wp\/v2\/product_cat?post=26482"},{"taxonomy":"product_tag","embeddable":true,"href":"https:\/\/olemosaic.orbitalia.org\/fr\/wp-json\/wp\/v2\/product_tag?post=26482"}],"curies":[{"name":"wp","href":"https:\/\/api.w.org\/{rel}","templated":true}]}}