{"id":26479,"date":"2025-02-20T22:28:26","date_gmt":"2025-02-20T22:28:26","guid":{"rendered":"https:\/\/olemosaic.orbitalia.org\/producto\/funda-de-telefono-para-samsung-a13-tpu-salamandra-barcelona-negro\/"},"modified":"2025-07-25T18:55:37","modified_gmt":"2025-07-25T16:55:37","slug":"coque-de-telephone-pour-samsung-a13-tpu-salamandre-barcelone-noir","status":"publish","type":"product","link":"https:\/\/olemosaic.orbitalia.org\/fr\/produit\/coque-de-telephone-pour-samsung-a13-tpu-salamandre-barcelone-noir\/","title":{"rendered":"Coque de t\u00e9l\u00e9phone pour Samsung A13 (TPU). Salamandre. Barcelone. Noir"},"content":{"rendered":"<p>Profitez de cette spectaculaire coque pour t\u00e9l\u00e9phone Samsung A13, con\u00e7ue pour capturer l&rsquo;essence vibrante de Barcelone. Fabriqu\u00e9e en mat\u00e9riau TPU durable, cette coque offre non seulement une protection efficace contre les chutes et les rayures, mais se distingue \u00e9galement par son design artistique. La surface noire est orn\u00e9e d&rsquo;illustrations color\u00e9es de salamandres dans des tons brillants de rouge, bleu et vert, inspir\u00e9es du style iconique de mosa\u00efque qui caract\u00e9rise l&rsquo;\u0153uvre du c\u00e9l\u00e8bre architecte Antoni Gaud\u00ed. De petites fleurs d\u00e9corent \u00e9galement le fond, apportant une touche de nature et de fra\u00eecheur qui compl\u00e8te la sc\u00e8ne.<\/p>\n<p>Le texte \u00ab\u00a0Barcelona\u00a0\u00bb est imprim\u00e9 avec un design fluide, ce qui ajoute un air moderne et attrayant au produit. Ce souvenir est une excellente option pour les touristes qui cherchent \u00e0 emporter un morceau de la culture catalane avec eux, devenant un accessoire aussi fonctionnel que d\u00e9coratif. Chez Ol\u00e9 Mosaic, nous nous sp\u00e9cialisons dans la distribution de souvenirs en gros, offrant des coques de t\u00e9l\u00e9phone qui refl\u00e8tent l&rsquo;authenticit\u00e9 et le style de Barcelone. Cette coque salamandre est un cadeau parfait pour ceux qui souhaitent se souvenir de leur visite dans cette belle ville, en faisant un article indispensable pour toute boutique de cadeaux touristiques.<\/p>\n","protected":false},"excerpt":{"rendered":"<p>Coque pour Samsung A13 fabriqu\u00e9e en TPU, d\u00e9cor\u00e9e de dessins vibrants de salamandres et de fleurs \u00e9voquant l&rsquo;art barcelonais. Avec un \u00e9l\u00e9gant fond noir, la coque affiche des salamandres aux couleurs \u00e9clatantes, comme le rouge, le bleu et le vert, soulignant le style iconique de mosa\u00efque de la ville. Le texte \u00ab\u00a0Barcelona\u00a0\u00bb est imprim\u00e9 avec un design fluide, ajoutant une touche moderne et attrayante. Id\u00e9ale pour prot\u00e9ger votre appareil avec un design artistique et original.<\/p>\n","protected":false},"featured_media":12531,"template":"","meta":{"_acf_changed":false},"product_brand":[],"product_cat":[674],"product_tag":[530],"class_list":{"0":"post-26479","1":"product","2":"type-product","3":"status-publish","4":"has-post-thumbnail","6":"product_cat-etuis-pour-telephones-portables","7":"product_tag-animaux","8":"pa_ciudad-barcelona","9":"pa_motivo-salamandres","10":"pa_pais-espana","12":"first","13":"instock","14":"shipping-taxable","15":"product-type-simple"},"acf":[],"_links":{"self":[{"href":"https:\/\/olemosaic.orbitalia.org\/fr\/wp-json\/wp\/v2\/product\/26479","targetHints":{"allow":["GET"]}}],"collection":[{"href":"https:\/\/olemosaic.orbitalia.org\/fr\/wp-json\/wp\/v2\/product"}],"about":[{"href":"https:\/\/olemosaic.orbitalia.org\/fr\/wp-json\/wp\/v2\/types\/product"}],"wp:featuredmedia":[{"embeddable":true,"href":"https:\/\/olemosaic.orbitalia.org\/fr\/wp-json\/wp\/v2\/media\/12531"}],"wp:attachment":[{"href":"https:\/\/olemosaic.orbitalia.org\/fr\/wp-json\/wp\/v2\/media?parent=26479"}],"wp:term":[{"taxonomy":"product_brand","embeddable":true,"href":"https:\/\/olemosaic.orbitalia.org\/fr\/wp-json\/wp\/v2\/product_brand?post=26479"},{"taxonomy":"product_cat","embeddable":true,"href":"https:\/\/olemosaic.orbitalia.org\/fr\/wp-json\/wp\/v2\/product_cat?post=26479"},{"taxonomy":"product_tag","embeddable":true,"href":"https:\/\/olemosaic.orbitalia.org\/fr\/wp-json\/wp\/v2\/product_tag?post=26479"}],"curies":[{"name":"wp","href":"https:\/\/api.w.org\/{rel}","templated":true}]}}