{"id":26474,"date":"2025-02-20T22:28:25","date_gmt":"2025-02-20T22:28:25","guid":{"rendered":"https:\/\/olemosaic.orbitalia.org\/producto\/saleros-de-ceramica-salamandra-y-flores-blanco\/"},"modified":"2025-07-25T18:47:02","modified_gmt":"2025-07-25T16:47:02","slug":"salieres-en-ceramique-salamandre-et-fleurs-blanc","status":"publish","type":"product","link":"https:\/\/olemosaic.orbitalia.org\/fr\/produit\/salieres-en-ceramique-salamandre-et-fleurs-blanc\/","title":{"rendered":"Sali\u00e8res en c\u00e9ramique. Salamandre et fleurs. Blanc."},"content":{"rendered":"<p>D\u00e9couvrez nos sali\u00e8res en c\u00e9ramique d\u00e9cor\u00e9es d&rsquo;illustrations vibrantes de salamandres et de fleurs, une \u0153uvre d&rsquo;art inspir\u00e9e des embl\u00e9matiques mosa\u00efques espagnoles. Chaque sali\u00e8re pr\u00e9sente un design captivant, avec un fond blanc qui rehausse les tons intenses de rouge, vert et bleu qui donnent vie aux salamandres, repr\u00e9sentant la richesse de la faune et de la flore locales. La disposition de ces couleurs, ainsi que leur texture douce et brillante, en font non seulement un attrait pour la table, mais aussi un souvenir distinctif qui refl\u00e8te l&rsquo;essence de l&rsquo;art et de la culture de l&rsquo;Espagne.<\/p>\n<p>Ces sali\u00e8res sont parfaites pour un usage quotidien, apportant une touche d&rsquo;originalit\u00e9 et de folklore \u00e0 tout d\u00eener ou \u00e9v\u00e9nement. Votre table sera non seulement plus color\u00e9e, mais vous disposerez \u00e9galement d&rsquo;un \u00e9l\u00e9ment qui raconte une histoire, celle de la tradition de la mosa\u00efque qui caract\u00e9rise tant des r\u00e9gions comme l&rsquo;Andalousie.<\/p>\n<p>Chez Ol\u00e9 Mosaic, nous nous sp\u00e9cialisons dans la distribution de souvenirs en gros qui capturent l&rsquo;essence culturelle de l&rsquo;Espagne. Ces sali\u00e8res, authentiques souvenirs en c\u00e9ramique, sont une excellente option pour les boutiques de cadeaux touristiques cherchant \u00e0 offrir des produits de qualit\u00e9 et de pertinence culturelle. En choisissant nos sali\u00e8res d\u00e9cor\u00e9es, vous n&rsquo;acqu\u00e9rez pas seulement un article fonctionnel, mais aussi une repr\u00e9sentation authentique de la tradition artistique espagnole, id\u00e9ale pour les voyageurs souhaitant emporter un morceau de culture chez eux.<\/p>\n","protected":false},"excerpt":{"rendered":"<p>Sali\u00e8res en c\u00e9ramique d\u00e9cor\u00e9es d&rsquo;illustrations color\u00e9es de salamandres et de fleurs, inspir\u00e9es de l&rsquo;art de la mosa\u00efque espagnole. Chaque sali\u00e8re pr\u00e9sente un design vibrant sur un fond blanc qui rehausse les tons intenses de couleurs comme le rouge, le vert et le bleu, cr\u00e9ant un contraste frappant. Id\u00e9ales pour ajouter une touche de folklore et d&rsquo;originalit\u00e9 \u00e0 n&rsquo;importe quelle table, ces sali\u00e8res sont parfaites aussi bien pour un usage quotidien que comme souvenir attrayant.<\/p>\n","protected":false},"featured_media":8356,"template":"","meta":{"_acf_changed":false},"product_brand":[],"product_cat":[817],"product_tag":[530,585],"class_list":{"0":"post-26474","1":"product","2":"type-product","3":"status-publish","4":"has-post-thumbnail","6":"product_cat-salieres","7":"product_tag-animaux","8":"product_tag-ceramique","9":"pa_motivo-salamandres","11":"first","12":"instock","13":"shipping-taxable","14":"product-type-simple"},"acf":[],"_links":{"self":[{"href":"https:\/\/olemosaic.orbitalia.org\/fr\/wp-json\/wp\/v2\/product\/26474","targetHints":{"allow":["GET"]}}],"collection":[{"href":"https:\/\/olemosaic.orbitalia.org\/fr\/wp-json\/wp\/v2\/product"}],"about":[{"href":"https:\/\/olemosaic.orbitalia.org\/fr\/wp-json\/wp\/v2\/types\/product"}],"wp:featuredmedia":[{"embeddable":true,"href":"https:\/\/olemosaic.orbitalia.org\/fr\/wp-json\/wp\/v2\/media\/8356"}],"wp:attachment":[{"href":"https:\/\/olemosaic.orbitalia.org\/fr\/wp-json\/wp\/v2\/media?parent=26474"}],"wp:term":[{"taxonomy":"product_brand","embeddable":true,"href":"https:\/\/olemosaic.orbitalia.org\/fr\/wp-json\/wp\/v2\/product_brand?post=26474"},{"taxonomy":"product_cat","embeddable":true,"href":"https:\/\/olemosaic.orbitalia.org\/fr\/wp-json\/wp\/v2\/product_cat?post=26474"},{"taxonomy":"product_tag","embeddable":true,"href":"https:\/\/olemosaic.orbitalia.org\/fr\/wp-json\/wp\/v2\/product_tag?post=26474"}],"curies":[{"name":"wp","href":"https:\/\/api.w.org\/{rel}","templated":true}]}}