{"id":26473,"date":"2025-02-20T22:28:25","date_gmt":"2025-02-20T22:28:25","guid":{"rendered":"https:\/\/olemosaic.orbitalia.org\/producto\/saleros-de-ceramica-panoramica-barcelona-beige\/"},"modified":"2025-07-25T18:46:59","modified_gmt":"2025-07-25T16:46:59","slug":"salieres-en-ceramique-panoramique-barcelone-beige","status":"publish","type":"product","link":"https:\/\/olemosaic.orbitalia.org\/fr\/produit\/salieres-en-ceramique-panoramique-barcelone-beige\/","title":{"rendered":"Sali\u00e8res en c\u00e9ramique. Panoramique. Barcelone. Beige."},"content":{"rendered":"<p>D\u00e9couvrez nos sali\u00e8res en c\u00e9ramique d\u00e9cor\u00e9es d&rsquo;un charmant panorama de Barcelone, id\u00e9ales pour ajouter une touche culturelle \u00e0 vos repas et profiter d&rsquo;une exp\u00e9rience culinaire unique. Chaque sali\u00e8re, \u00e9labor\u00e9e avec soin, pr\u00e9sente une finition dans des tons beiges doux, compl\u00e9t\u00e9e par des couvercles d&rsquo;un rouge vibrant qui soulignent leur fra\u00eecheur. Les illustrations, peintes avec application, repr\u00e9sentent deux des embl\u00e8mes les plus iconiques de la ville : la majestueuse Sagrada Familia et le Monument \u00e0 Colomb, tous deux mis en valeur par des mosa\u00efques color\u00e9es qui capturent l&rsquo;essence de l&rsquo;art et de l&rsquo;architecture barcelonaise. Ce design n&#8217;embellit pas seulement votre table, mais sert \u00e9galement de souvenir attrayant de la cit\u00e9 comtale, vous permettant d&#8217;emporter un petit morceau de Barcelone chez vous. Parfaites pour un usage quotidien ou comme cadeau sp\u00e9cial, ces sali\u00e8res sont un excellent choix pour les touristes \u00e0 la recherche de souvenirs authentiques refl\u00e9tant la culture locale. Chez Ol\u00e9 Mosaic, en tant que distributeurs de souvenirs en gros, nous proposons des produits qui mettent en avant la richesse culturelle de l&rsquo;Espagne, garantissant qualit\u00e9 et authenticit\u00e9 dans chaque pi\u00e8ce. Faites de vos achats une c\u00e9l\u00e9bration de la tradition avec ces charmants souvenirs de Barcelone.<\/p>\n","protected":false},"excerpt":{"rendered":"<p>Sali\u00e8res en c\u00e9ramique d\u00e9cor\u00e9es d&rsquo;un charmant panorama de Barcelone, id\u00e9ales pour donner une touche culturelle \u00e0 vos repas. Avec une finition dans des tons beiges et des d\u00e9tails rouges sur les couvercles, chaque sali\u00e8re pr\u00e9sente des illustrations de l&rsquo;iconique Sagrada Familia et du Monument \u00e0 Colomb, rehauss\u00e9es par des mosa\u00efques color\u00e9es qui capturent l&rsquo;essence de la ville. Parfaites pour un usage quotidien ou comme souvenir attrayant de la cit\u00e9 comtale.<\/p>\n","protected":false},"featured_media":7688,"template":"","meta":{"_acf_changed":false},"product_brand":[],"product_cat":[817],"product_tag":[585],"class_list":{"0":"post-26473","1":"product","2":"type-product","3":"status-publish","4":"has-post-thumbnail","6":"product_cat-salieres","7":"product_tag-ceramique","8":"pa_ciudad-barcelona","9":"pa_motivo-panoramas","10":"pa_pais-espana","12":"first","13":"instock","14":"shipping-taxable","15":"product-type-simple"},"acf":[],"_links":{"self":[{"href":"https:\/\/olemosaic.orbitalia.org\/fr\/wp-json\/wp\/v2\/product\/26473","targetHints":{"allow":["GET"]}}],"collection":[{"href":"https:\/\/olemosaic.orbitalia.org\/fr\/wp-json\/wp\/v2\/product"}],"about":[{"href":"https:\/\/olemosaic.orbitalia.org\/fr\/wp-json\/wp\/v2\/types\/product"}],"wp:featuredmedia":[{"embeddable":true,"href":"https:\/\/olemosaic.orbitalia.org\/fr\/wp-json\/wp\/v2\/media\/7688"}],"wp:attachment":[{"href":"https:\/\/olemosaic.orbitalia.org\/fr\/wp-json\/wp\/v2\/media?parent=26473"}],"wp:term":[{"taxonomy":"product_brand","embeddable":true,"href":"https:\/\/olemosaic.orbitalia.org\/fr\/wp-json\/wp\/v2\/product_brand?post=26473"},{"taxonomy":"product_cat","embeddable":true,"href":"https:\/\/olemosaic.orbitalia.org\/fr\/wp-json\/wp\/v2\/product_cat?post=26473"},{"taxonomy":"product_tag","embeddable":true,"href":"https:\/\/olemosaic.orbitalia.org\/fr\/wp-json\/wp\/v2\/product_tag?post=26473"}],"curies":[{"name":"wp","href":"https:\/\/api.w.org\/{rel}","templated":true}]}}