{"id":26442,"date":"2025-02-20T22:28:25","date_gmt":"2025-02-20T22:28:25","guid":{"rendered":"https:\/\/olemosaic.orbitalia.org\/producto\/saleros-de-ceramica-toros-blanco\/"},"modified":"2025-07-25T18:46:59","modified_gmt":"2025-07-25T16:46:59","slug":"salieres-en-ceramique-taureaux-blanc","status":"publish","type":"product","link":"https:\/\/olemosaic.orbitalia.org\/fr\/produit\/salieres-en-ceramique-taureaux-blanc\/","title":{"rendered":"Sali\u00e8res en c\u00e9ramique. Taureaux. Blanc."},"content":{"rendered":"<p>D\u00e9couvrez nos sali\u00e8res en c\u00e9ramique d\u00e9cor\u00e9es d&rsquo;un design taurin vibrant, une repr\u00e9sentation authentique de la culture espagnole. Chaque sali\u00e8re, avec une finition blanche brillante, pr\u00e9sente une impressionnante mosa\u00efque multicolore illustrant un taureau de profil, entour\u00e9 de fleurs et de motifs typiques \u00e9voquant la riche tradition folklorique de l&rsquo;Espagne. La pi\u00e8ce met en avant le mot \u00ab\u00a0Espa\u00f1a\u00a0\u00bb dans un style attrayant, en faisant un souvenir parfait et fonctionnel pour toute occasion, qu&rsquo;il s&rsquo;agisse d&rsquo;un d\u00eener en famille ou d&rsquo;une c\u00e9l\u00e9bration entre amis.<\/p>\n<p>Ces sali\u00e8res ne sont pas seulement pratiques pour un usage quotidien, elles servent \u00e9galement d&rsquo;excellent \u00e9l\u00e9ment d\u00e9coratif qui ajoute une touche espagnole \u00e0 n&rsquo;importe quelle table. La c\u00e9ramique, soigneusement \u00e9labor\u00e9e, garantit la durabilit\u00e9 et une finition de haute qualit\u00e9, id\u00e9ale pour ceux qui recherchent des souvenirs en c\u00e9ramique qui racontent des histoires. L&rsquo;image du taureau, symbole de force et de passion, est \u00e9troitement associ\u00e9e \u00e0 la culture espagnole, repr\u00e9sentant le courage et la c\u00e9l\u00e9bration des traditions telles que les corridas et les festivit\u00e9s locales.<\/p>\n<p>Chez Ol\u00e9 Mosaic, nous sommes distributeurs de souvenirs en c\u00e9ramique, sp\u00e9cialis\u00e9s dans l&rsquo;offre de produits authentiques et repr\u00e9sentatifs de la culture espagnole. Ces sali\u00e8res taurines sont une excellente option pour les boutiques de cadeaux touristiques \u00e0 la recherche d&rsquo;articles uniques avec une signification culturelle. Parfaits pour les touristes, ces souvenirs sont id\u00e9aux pour emporter un morceau d&rsquo;Espagne chez soi, faisant de chaque repas une exp\u00e9rience m\u00e9morable.<\/p>\n","protected":false},"excerpt":{"rendered":"<p>Sali\u00e8res en c\u00e9ramique d\u00e9cor\u00e9es d&rsquo;un design taurin vibrant, repr\u00e9sentant l&rsquo;essence de la culture espagnole. Fabriqu\u00e9es avec une finition blanche brillante, chaque sali\u00e8re pr\u00e9sente une mosa\u00efque multicolore illustrant un taureau de profil, entour\u00e9 de fleurs et de motifs typiques. La pi\u00e8ce est rehauss\u00e9e par le mot \u00ab\u00a0Espa\u00f1a\u00a0\u00bb dans un style attrayant, en faisant un souvenir parfait et fonctionnel qui ajoute une touche espagnole \u00e0 n&rsquo;importe quelle table.<\/p>\n","protected":false},"featured_media":8568,"template":"","meta":{"_acf_changed":false},"product_brand":[],"product_cat":[817],"product_tag":[530,585],"class_list":{"0":"post-26442","1":"product","2":"type-product","3":"status-publish","4":"has-post-thumbnail","6":"product_cat-salieres","7":"product_tag-animaux","8":"product_tag-ceramique","9":"pa_motivo-taureaux","11":"first","12":"instock","13":"shipping-taxable","14":"product-type-simple"},"acf":[],"_links":{"self":[{"href":"https:\/\/olemosaic.orbitalia.org\/fr\/wp-json\/wp\/v2\/product\/26442","targetHints":{"allow":["GET"]}}],"collection":[{"href":"https:\/\/olemosaic.orbitalia.org\/fr\/wp-json\/wp\/v2\/product"}],"about":[{"href":"https:\/\/olemosaic.orbitalia.org\/fr\/wp-json\/wp\/v2\/types\/product"}],"wp:featuredmedia":[{"embeddable":true,"href":"https:\/\/olemosaic.orbitalia.org\/fr\/wp-json\/wp\/v2\/media\/8568"}],"wp:attachment":[{"href":"https:\/\/olemosaic.orbitalia.org\/fr\/wp-json\/wp\/v2\/media?parent=26442"}],"wp:term":[{"taxonomy":"product_brand","embeddable":true,"href":"https:\/\/olemosaic.orbitalia.org\/fr\/wp-json\/wp\/v2\/product_brand?post=26442"},{"taxonomy":"product_cat","embeddable":true,"href":"https:\/\/olemosaic.orbitalia.org\/fr\/wp-json\/wp\/v2\/product_cat?post=26442"},{"taxonomy":"product_tag","embeddable":true,"href":"https:\/\/olemosaic.orbitalia.org\/fr\/wp-json\/wp\/v2\/product_tag?post=26442"}],"curies":[{"name":"wp","href":"https:\/\/api.w.org\/{rel}","templated":true}]}}