{"id":26441,"date":"2025-02-20T22:28:24","date_gmt":"2025-02-20T22:28:24","guid":{"rendered":"https:\/\/olemosaic.orbitalia.org\/producto\/saleros-de-ceramica-madrid-blanco\/"},"modified":"2025-07-25T19:24:35","modified_gmt":"2025-07-25T17:24:35","slug":"salieres-en-ceramique-madrid-blanc","status":"publish","type":"product","link":"https:\/\/olemosaic.orbitalia.org\/fr\/produit\/salieres-en-ceramique-madrid-blanc\/","title":{"rendered":"Sali\u00e8res en c\u00e9ramique. Madrid. Blanc."},"content":{"rendered":"<p>D\u00e9couvrez nos sali\u00e8res en c\u00e9ramique d\u00e9cor\u00e9es de sc\u00e8nes color\u00e9es de Madrid, un charmant souvenir qui capture l&rsquo;essence vibrante de cette ville embl\u00e9matique. Chaque sali\u00e8re, fabriqu\u00e9e en c\u00e9ramique blanche, pr\u00e9sente un design unique avec des illustrations d&rsquo;ic\u00f4nes madril\u00e8nes embl\u00e9matiques, comme la c\u00e9l\u00e8bre Puerta del Sol, et des figures repr\u00e9sentatives du folklore local, le tout dans un style mosa\u00efque captivant qui \u00e9voque l&rsquo;h\u00e9ritage artistique de la r\u00e9gion. Les couleurs vives et joyeuses soulignent les d\u00e9tails m\u00e9ticuleusement peints, cr\u00e9ant une pi\u00e8ce qui est non seulement fonctionnelle, mais aussi un ornement \u00e9l\u00e9gant pour n&rsquo;importe quelle table.<\/p>\n<p>Ce souvenir madril\u00e8ne n&rsquo;apporte pas seulement une touche artistique \u00e0 votre foyer, il incarne \u00e9galement la riche culture de Madrid, ce qui en fait le cadeau parfait pour les touristes souhaitant emporter un morceau de la ville. L&rsquo;histoire de Madrid se refl\u00e8te dans chaque d\u00e9tail, en faisant une repr\u00e9sentation authentique de son patrimoine. Chez Ol\u00e9 Mosaic, nous sommes experts dans la distribution de souvenirs en gros, et ces sali\u00e8res sont id\u00e9ales pour les boutiques de cadeaux touristiques \u00e0 la recherche de produits authentiques et attrayants. Elles apportent un morceau de Madrid \u00e0 n&rsquo;importe quel foyer et constituent une excellente option comme souvenir en c\u00e9ramique.<\/p>\n","protected":false},"excerpt":{"rendered":"<p>Sali\u00e8res en c\u00e9ramique d\u00e9cor\u00e9es de sc\u00e8nes color\u00e9es de Madrid. Chaque sali\u00e8re affiche un design vibrant comprenant des ic\u00f4nes embl\u00e9matiques de la ville, comme la Puerta del Sol et des figures traditionnelles, le tout r\u00e9alis\u00e9 dans un style mosa\u00efque attrayant. La c\u00e9ramique blanche fait ressortir les couleurs \u00e9clatantes des illustrations, apportant une touche artistique et joyeuse \u00e0 votre table. Elles sont parfaites pour ajouter une touche de culture madril\u00e8ne \u00e0 n&rsquo;importe quel foyer.<\/p>\n","protected":false},"featured_media":9956,"template":"","meta":{"_acf_changed":false},"product_brand":[],"product_cat":[817],"product_tag":[585],"class_list":{"0":"post-26441","1":"product","2":"type-product","3":"status-publish","4":"has-post-thumbnail","6":"product_cat-salieres","7":"product_tag-ceramique","8":"pa_ciudad-madrid","9":"pa_pais-espana","11":"first","12":"instock","13":"shipping-taxable","14":"product-type-simple"},"acf":[],"_links":{"self":[{"href":"https:\/\/olemosaic.orbitalia.org\/fr\/wp-json\/wp\/v2\/product\/26441","targetHints":{"allow":["GET"]}}],"collection":[{"href":"https:\/\/olemosaic.orbitalia.org\/fr\/wp-json\/wp\/v2\/product"}],"about":[{"href":"https:\/\/olemosaic.orbitalia.org\/fr\/wp-json\/wp\/v2\/types\/product"}],"wp:featuredmedia":[{"embeddable":true,"href":"https:\/\/olemosaic.orbitalia.org\/fr\/wp-json\/wp\/v2\/media\/9956"}],"wp:attachment":[{"href":"https:\/\/olemosaic.orbitalia.org\/fr\/wp-json\/wp\/v2\/media?parent=26441"}],"wp:term":[{"taxonomy":"product_brand","embeddable":true,"href":"https:\/\/olemosaic.orbitalia.org\/fr\/wp-json\/wp\/v2\/product_brand?post=26441"},{"taxonomy":"product_cat","embeddable":true,"href":"https:\/\/olemosaic.orbitalia.org\/fr\/wp-json\/wp\/v2\/product_cat?post=26441"},{"taxonomy":"product_tag","embeddable":true,"href":"https:\/\/olemosaic.orbitalia.org\/fr\/wp-json\/wp\/v2\/product_tag?post=26441"}],"curies":[{"name":"wp","href":"https:\/\/api.w.org\/{rel}","templated":true}]}}