{"id":26440,"date":"2025-02-20T22:28:24","date_gmt":"2025-02-20T22:28:24","guid":{"rendered":"https:\/\/olemosaic.orbitalia.org\/producto\/4-bols-de-coco-de-13-x-6-cm-salamandra-mallorca\/"},"modified":"2025-07-25T19:58:42","modified_gmt":"2025-07-25T17:58:42","slug":"4-bols-en-noix-de-coco-de-13-x-6-cm-salamandre-majorque","status":"publish","type":"product","link":"https:\/\/olemosaic.orbitalia.org\/fr\/produit\/4-bols-en-noix-de-coco-de-13-x-6-cm-salamandre-majorque\/","title":{"rendered":"4 Bols en noix de coco de 13 x 6 cm. Salamandre. Majorque."},"content":{"rendered":"<p>D\u00e9couvrez nos fascinants bols en noix de coco de 13 x 6 cm, chacun d\u00e9cor\u00e9 d&rsquo;un charmant motif de salamandre repr\u00e9sentant l&rsquo;essence vibrante de Majorque. Ces quatre bols uniques pr\u00e9sentent des mosa\u00efques \u00e9blouissantes dans une palette de tons bleus, jaunes et marrons, soulignant la richesse culturelle et le folklore de l&rsquo;\u00eele. Chaque pi\u00e8ce porte le mot \u00ab\u00a0MALLORCA\u00a0\u00bb \u00e9l\u00e9gamment grav\u00e9 au centre, ce qui fait de ces bols un souvenir parfait de vos aventures dans cette destination spectaculaire.<\/p>\n<p>Fabriqu\u00e9s \u00e0 partir de mat\u00e9riaux naturels, ces bols sont non seulement fonctionnels, mais aussi un \u00e9l\u00e9ment d\u00e9coratif qui apporte une touche authentique \u00e0 n&rsquo;importe quel foyer. Id\u00e9aux pour servir des ap\u00e9ritifs ou simplement pour \u00eatre expos\u00e9s sur une \u00e9tag\u00e8re, leur design color\u00e9 et original captive l&rsquo;attention et le c\u0153ur de ceux qui visitent l&rsquo;\u00eele. La salamandre, symbole de vitalit\u00e9 et de transformation dans la culture m\u00e9diterran\u00e9enne, ajoute une signification particuli\u00e8re \u00e0 chaque pi\u00e8ce, augmentant sa valeur en tant que souvenir.<\/p>\n<p>Chez Ol\u00e9 Mosaic, nous nous sp\u00e9cialisons dans l&rsquo;offre de souvenirs authentiques de Majorque en gros, garantissant que chaque produit soit non seulement attrayant, mais aussi un reflet authentique de la tradition artistique locale. Ces bols en noix de coco sont une excellente option pour les boutiques de cadeaux touristiques cherchant \u00e0 offrir \u00e0 leurs clients des souvenirs de qualit\u00e9 avec une profonde valeur culturelle.<\/p>\n","protected":false},"excerpt":{"rendered":"<p>Bols en noix de coco de 13 x 6 cm d\u00e9cor\u00e9s d&rsquo;un charmant motif de salamandre, repr\u00e9sentant l&rsquo;essence de Majorque. Chaque bol pr\u00e9sente une mosa\u00efque color\u00e9e avec des formes aux tons vibrants de bleu, jaune et marron, avec le mot \u00ab\u00a0MALLORCA\u00a0\u00bb grav\u00e9 au centre. Fabriqu\u00e9s avec des mat\u00e9riaux naturels, ces bols sont id\u00e9aux comme \u00e9l\u00e9ment d\u00e9coratif ou pour servir des ap\u00e9ritifs, capturant le folklore et la culture majorquine avec leur couleur et leur originalit\u00e9.<\/p>\n","protected":false},"featured_media":10697,"template":"","meta":{"_acf_changed":false},"product_brand":[],"product_cat":[521],"product_tag":[530],"class_list":{"0":"post-26440","1":"product","2":"type-product","3":"status-publish","4":"has-post-thumbnail","6":"product_cat-bols","7":"product_tag-animaux","8":"pa_ciudad-mallorca","9":"pa_motivo-salamandres","10":"pa_pais-espana","12":"first","13":"instock","14":"shipping-taxable","15":"product-type-simple"},"acf":[],"_links":{"self":[{"href":"https:\/\/olemosaic.orbitalia.org\/fr\/wp-json\/wp\/v2\/product\/26440","targetHints":{"allow":["GET"]}}],"collection":[{"href":"https:\/\/olemosaic.orbitalia.org\/fr\/wp-json\/wp\/v2\/product"}],"about":[{"href":"https:\/\/olemosaic.orbitalia.org\/fr\/wp-json\/wp\/v2\/types\/product"}],"wp:featuredmedia":[{"embeddable":true,"href":"https:\/\/olemosaic.orbitalia.org\/fr\/wp-json\/wp\/v2\/media\/10697"}],"wp:attachment":[{"href":"https:\/\/olemosaic.orbitalia.org\/fr\/wp-json\/wp\/v2\/media?parent=26440"}],"wp:term":[{"taxonomy":"product_brand","embeddable":true,"href":"https:\/\/olemosaic.orbitalia.org\/fr\/wp-json\/wp\/v2\/product_brand?post=26440"},{"taxonomy":"product_cat","embeddable":true,"href":"https:\/\/olemosaic.orbitalia.org\/fr\/wp-json\/wp\/v2\/product_cat?post=26440"},{"taxonomy":"product_tag","embeddable":true,"href":"https:\/\/olemosaic.orbitalia.org\/fr\/wp-json\/wp\/v2\/product_tag?post=26440"}],"curies":[{"name":"wp","href":"https:\/\/api.w.org\/{rel}","templated":true}]}}