{"id":26439,"date":"2025-02-20T23:28:24","date_gmt":"2025-02-20T22:28:24","guid":{"rendered":"https:\/\/olemosaic.orbitalia.org\/producto\/4-bols-de-coco-de-13-x-6-cm-tortuga-tenerife\/"},"modified":"2025-07-25T19:30:49","modified_gmt":"2025-07-25T17:30:49","slug":"4-bols-en-noix-de-coco-de-13-x-6-cm-tortue-tenerife","status":"publish","type":"product","link":"https:\/\/olemosaic.orbitalia.org\/fr\/produit\/4-bols-en-noix-de-coco-de-13-x-6-cm-tortue-tenerife\/","title":{"rendered":"4 Bols en noix de coco de 13 x 6 cm. Tortue. Tenerife."},"content":{"rendered":"<p>D\u00e9couvrez nos bols exclusifs en noix de coco de 13 x 6 cm, d\u00e9cor\u00e9s d&rsquo;un charmant motif de tortue, repr\u00e9sentatif de la belle \u00eele de Tenerife. Chaque bol a \u00e9t\u00e9 peint \u00e0 la main, pr\u00e9sentant une palette de couleurs vibrantes comprenant le bleu, le rose, le jaune et le blanc, qui souligne la beaut\u00e9 du paysage canarien. Le motif de la tortue au centre symbolise la connexion avec la riche faune marine de la r\u00e9gion, un \u00e9l\u00e9ment embl\u00e9matique de la fiert\u00e9 de Tenerife et un souvenir parfait pour ceux qui souhaitent emporter un morceau de cette culture unique.<\/p>\n<p>La forme ovale de ces bols, fabriqu\u00e9s \u00e0 partir de mat\u00e9riaux naturels, en fait non seulement une option \u00e9cologique, mais leur donne \u00e9galement un air rustique et authentique. La finition brillante rehausse les couleurs vibrantes et rend ces bols id\u00e9aux aussi bien pour servir des ap\u00e9ritifs que pour \u00eatre utilis\u00e9s comme \u00e9l\u00e9ments d\u00e9coratifs dans n&rsquo;importe quel foyer.<\/p>\n<p>Ces souvenirs en noix de coco sont une excellente option pour les touristes \u00e0 la recherche de souvenirs authentiques de Tenerife. Chez Ol\u00e9 Mosaic, en tant que grossiste de souvenirs, nous garantissons des produits de qualit\u00e9 et de pertinence culturelle, parfaits pour les boutiques de cadeaux touristiques souhaitant proposer des articles uniques et repr\u00e9sentatifs de la tradition canarienne.<\/p>\n","protected":false},"excerpt":{"rendered":"<p>Bols en noix de coco de 13 x 6 cm, d\u00e9cor\u00e9s d&rsquo;un motif de tortue repr\u00e9sentatif de Tenerife. Chaque bol, de conception artisanale et peint \u00e0 la main avec des couleurs vibrantes comme le bleu, le rose, le jaune et le blanc, pr\u00e9sente une finition brillante et un motif de tortue au centre, un clin d&rsquo;\u0153il \u00e0 la culture locale. Leur forme ovale et l&rsquo;utilisation de mat\u00e9riaux naturels en font un souvenir id\u00e9al et \u00e9cologique, parfait pour servir des ap\u00e9ritifs ou comme \u00e9l\u00e9ment d\u00e9coratif.<\/p>\n","protected":false},"featured_media":12123,"template":"","meta":{"_acf_changed":false},"product_brand":[],"product_cat":[521],"product_tag":[530],"class_list":{"0":"post-26439","1":"product","2":"type-product","3":"status-publish","4":"has-post-thumbnail","6":"product_cat-bols","7":"product_tag-animaux","8":"pa_ciudad-tenerife","9":"pa_motivo-tortues","10":"pa_pais-espana","12":"first","13":"instock","14":"shipping-taxable","15":"product-type-simple"},"acf":[],"_links":{"self":[{"href":"https:\/\/olemosaic.orbitalia.org\/fr\/wp-json\/wp\/v2\/product\/26439","targetHints":{"allow":["GET"]}}],"collection":[{"href":"https:\/\/olemosaic.orbitalia.org\/fr\/wp-json\/wp\/v2\/product"}],"about":[{"href":"https:\/\/olemosaic.orbitalia.org\/fr\/wp-json\/wp\/v2\/types\/product"}],"wp:featuredmedia":[{"embeddable":true,"href":"https:\/\/olemosaic.orbitalia.org\/fr\/wp-json\/wp\/v2\/media\/12123"}],"wp:attachment":[{"href":"https:\/\/olemosaic.orbitalia.org\/fr\/wp-json\/wp\/v2\/media?parent=26439"}],"wp:term":[{"taxonomy":"product_brand","embeddable":true,"href":"https:\/\/olemosaic.orbitalia.org\/fr\/wp-json\/wp\/v2\/product_brand?post=26439"},{"taxonomy":"product_cat","embeddable":true,"href":"https:\/\/olemosaic.orbitalia.org\/fr\/wp-json\/wp\/v2\/product_cat?post=26439"},{"taxonomy":"product_tag","embeddable":true,"href":"https:\/\/olemosaic.orbitalia.org\/fr\/wp-json\/wp\/v2\/product_tag?post=26439"}],"curies":[{"name":"wp","href":"https:\/\/api.w.org\/{rel}","templated":true}]}}