{"id":26432,"date":"2025-02-20T22:28:23","date_gmt":"2025-02-20T22:28:23","guid":{"rendered":"https:\/\/olemosaic.orbitalia.org\/producto\/4-bols-de-coco-de-13-x-6-cm-arcoiris\/"},"modified":"2025-07-25T18:44:27","modified_gmt":"2025-07-25T16:44:27","slug":"4-bols-en-noix-de-coco-de-13-x-6-cm-arc-en-ciel","status":"publish","type":"product","link":"https:\/\/olemosaic.orbitalia.org\/fr\/produit\/4-bols-en-noix-de-coco-de-13-x-6-cm-arc-en-ciel\/","title":{"rendered":"4 bols en noix de coco de 13 x 6 cm. Arc-en-ciel."},"content":{"rendered":"<p>D\u00e9couvrez nos bols color\u00e9s en noix de coco arc-en-ciel, id\u00e9aux pour \u00e9gayer n&rsquo;importe quelle table. Ce lot de quatre bols, d&rsquo;une dimension de 13 x 6 cm, est parfait pour servir des ap\u00e9ritifs ou comme pi\u00e8ces d\u00e9coratives uniques. Chaque bol est m\u00e9ticuleusement fabriqu\u00e9 \u00e0 partir de mat\u00e9riau naturel de noix de coco, offrant no seulement une esth\u00e9tique vibrante, mais aussi une connexion authentique avec la culture tropicale. La couche de peinture brillante pr\u00e9sente des bandes en rouge, orange, jaune, vert et bleu, cr\u00e9ant un effet joyeux qui \u00e9voque la chaleur et les paysages c\u00f4tiers d&rsquo;Espagne et du Portugal, o\u00f9 l&rsquo;utilisation de produits naturels et color\u00e9s fait partie du folklore local.<\/p>\n<p>Ces bols ne sont pas seulement fonctionnels, ils apportent \u00e9galement un style distinctif et baln\u00e9aire, soulignant l&rsquo;artisanat unique qui caract\u00e9rise les souvenirs authentiques. Un souvenir parfait pour ceux qui cherchent \u00e0 ramener chez eux un morceau de la culture espagnole ou portugaise. En tant que distributeurs de souvenirs en gros, chez Ol\u00e9 Mosaic, nous garantissons la qualit\u00e9 et l&rsquo;authenticit\u00e9 de chaque pi\u00e8ce, faisant de ces bols en noix de coco une excellente option pour les boutiques de cadeaux touristiques. Avec leur design vibrant et leur ancrage culturel, ces souvenirs de bols en noix de coco sont un choix de premier ordre pour ceux qui appr\u00e9cient le style et la tradition dans chaque d\u00e9tail.<\/p>\n","protected":false},"excerpt":{"rendered":"<p>Bols en noix de coco avec un design arc-en-ciel, de 13 x 6 cm, parfaits pour apporter une touche vibrante \u00e0 n&rsquo;importe quelle table. Chaque bol est fabriqu\u00e9 en noix de coco naturelle et peint avec des bandes de couleurs rouge, orange, jaune, vert et bleu, cr\u00e9ant un effet joyeux et accrocheur. Id\u00e9aux pour servir des ap\u00e9ritifs ou comme \u00e9l\u00e9ment d\u00e9coratif, soulignant le style tropical et l&rsquo;artisanat unique.<\/p>\n","protected":false},"featured_media":13787,"template":"","meta":{"_acf_changed":false},"product_brand":[],"product_cat":[521],"product_tag":[],"class_list":{"0":"post-26432","1":"product","2":"type-product","3":"status-publish","4":"has-post-thumbnail","6":"product_cat-bols","7":"pa_motivo-arc-en-ciel","9":"first","10":"instock","11":"shipping-taxable","12":"product-type-simple"},"acf":[],"_links":{"self":[{"href":"https:\/\/olemosaic.orbitalia.org\/fr\/wp-json\/wp\/v2\/product\/26432","targetHints":{"allow":["GET"]}}],"collection":[{"href":"https:\/\/olemosaic.orbitalia.org\/fr\/wp-json\/wp\/v2\/product"}],"about":[{"href":"https:\/\/olemosaic.orbitalia.org\/fr\/wp-json\/wp\/v2\/types\/product"}],"wp:featuredmedia":[{"embeddable":true,"href":"https:\/\/olemosaic.orbitalia.org\/fr\/wp-json\/wp\/v2\/media\/13787"}],"wp:attachment":[{"href":"https:\/\/olemosaic.orbitalia.org\/fr\/wp-json\/wp\/v2\/media?parent=26432"}],"wp:term":[{"taxonomy":"product_brand","embeddable":true,"href":"https:\/\/olemosaic.orbitalia.org\/fr\/wp-json\/wp\/v2\/product_brand?post=26432"},{"taxonomy":"product_cat","embeddable":true,"href":"https:\/\/olemosaic.orbitalia.org\/fr\/wp-json\/wp\/v2\/product_cat?post=26432"},{"taxonomy":"product_tag","embeddable":true,"href":"https:\/\/olemosaic.orbitalia.org\/fr\/wp-json\/wp\/v2\/product_tag?post=26432"}],"curies":[{"name":"wp","href":"https:\/\/api.w.org\/{rel}","templated":true}]}}