{"id":26430,"date":"2025-02-20T22:28:23","date_gmt":"2025-02-20T22:28:23","guid":{"rendered":"https:\/\/olemosaic.orbitalia.org\/producto\/posavasos-de-ceramica-panoramica-barcelona\/"},"modified":"2025-07-25T18:48:41","modified_gmt":"2025-07-25T16:48:41","slug":"dessous-de-verre-en-ceramique-panoramique-barcelone","status":"publish","type":"product","link":"https:\/\/olemosaic.orbitalia.org\/fr\/produit\/dessous-de-verre-en-ceramique-panoramique-barcelone\/","title":{"rendered":"Dessous-de-verre en c\u00e9ramique. Panoramique. Barcelone."},"content":{"rendered":"<p>D\u00e9couvrez notre dessous-de-verre en c\u00e9ramique avec une vue panoramique vibrante de Barcelone, un joyau qui capture l&rsquo;essence artistique de la ville. Ce dessous-de-verre \u00e9l\u00e9gant pr\u00e9sente une repr\u00e9sentation color\u00e9e de l&rsquo;iconique Sagrada Familia, soulignant son architecture majestueuse, ainsi que d&rsquo;autres b\u00e2timents embl\u00e9matiques qui font partie du paysage urbain de Barcelone. R\u00e9alis\u00e9 en c\u00e9ramique de haute qualit\u00e9, le design en mosa\u00efque rend hommage au c\u00e9l\u00e8bre style d&rsquo;Antoni Gaud\u00ed, int\u00e9grant une explosion de couleurs vives, comme le rouge, le jaune et le vert, sur un fond bleu, qui \u00e9voque la vitalit\u00e9 et le dynamisme de cette m\u00e9tropole catalane. Le mot \u00ab\u00a0Barcelone\u00a0\u00bb est grav\u00e9 sur la partie sup\u00e9rieure, ajoutant une touche distinctive et attrayante qui en fait un souvenir parfait.<\/p>\n<p>Ce dessous-de-verre n&rsquo;est pas seulement une pi\u00e8ce fonctionnelle, mais une repr\u00e9sentation artistique du folklore et de la culture locale, devenant un superbe souvenir pour les touristes qui souhaitent emporter un morceau de la vie vibrante de Barcelone. Id\u00e9al pour les cadeaux dans les boutiques touristiques, cet article d&rsquo;Ol\u00e9 Mosaic est un excellent exemple d&rsquo;artisanat et d&rsquo;authenticit\u00e9, offrant \u00e0 vos clients une mani\u00e8re symbolique de se souvenir de leur visite dans la ville. Il apporte une touche de modernit\u00e9 et de tradition \u00e0 n&rsquo;importe quel foyer, \u00e9tant un \u00e9l\u00e9ment indispensable pour ceux qui recherchent des souvenirs de Barcelone authentiques et de qualit\u00e9.<\/p>\n","protected":false},"excerpt":{"rendered":"<p>Dessous-de-verre en c\u00e9ramique avec une vue panoramique vibrante de Barcelone. Ce dessous-de-verre \u00e9l\u00e9gant pr\u00e9sente une repr\u00e9sentation color\u00e9e de la Sagrada Familia et d&rsquo;autres b\u00e2timents embl\u00e9matiques de la ville, le tout dans un style mosa\u00efque rappelant l&rsquo;\u0153uvre de Gaud\u00ed. Avec un fond bleu, les d\u00e9tails en rouge, jaune et vert apportent une touche artistique, tandis que le nom \u00ab\u00a0Barcelone\u00a0\u00bb est imprim\u00e9 sur le dessus, faisant de ce produit un incontournable pour les amoureux de la ville.<\/p>\n","protected":false},"featured_media":8675,"template":"","meta":{"_acf_changed":false},"product_brand":[],"product_cat":[812],"product_tag":[585],"class_list":{"0":"post-26430","1":"product","2":"type-product","3":"status-publish","4":"has-post-thumbnail","6":"product_cat-sous-verres","7":"product_tag-ceramique","8":"pa_ciudad-barcelona","9":"pa_motivo-panoramas","10":"pa_pais-espana","12":"first","13":"instock","14":"shipping-taxable","15":"product-type-simple"},"acf":[],"_links":{"self":[{"href":"https:\/\/olemosaic.orbitalia.org\/fr\/wp-json\/wp\/v2\/product\/26430","targetHints":{"allow":["GET"]}}],"collection":[{"href":"https:\/\/olemosaic.orbitalia.org\/fr\/wp-json\/wp\/v2\/product"}],"about":[{"href":"https:\/\/olemosaic.orbitalia.org\/fr\/wp-json\/wp\/v2\/types\/product"}],"wp:featuredmedia":[{"embeddable":true,"href":"https:\/\/olemosaic.orbitalia.org\/fr\/wp-json\/wp\/v2\/media\/8675"}],"wp:attachment":[{"href":"https:\/\/olemosaic.orbitalia.org\/fr\/wp-json\/wp\/v2\/media?parent=26430"}],"wp:term":[{"taxonomy":"product_brand","embeddable":true,"href":"https:\/\/olemosaic.orbitalia.org\/fr\/wp-json\/wp\/v2\/product_brand?post=26430"},{"taxonomy":"product_cat","embeddable":true,"href":"https:\/\/olemosaic.orbitalia.org\/fr\/wp-json\/wp\/v2\/product_cat?post=26430"},{"taxonomy":"product_tag","embeddable":true,"href":"https:\/\/olemosaic.orbitalia.org\/fr\/wp-json\/wp\/v2\/product_tag?post=26430"}],"curies":[{"name":"wp","href":"https:\/\/api.w.org\/{rel}","templated":true}]}}