{"id":26424,"date":"2025-02-20T22:28:22","date_gmt":"2025-02-20T22:28:22","guid":{"rendered":"https:\/\/olemosaic.orbitalia.org\/producto\/4-bols-de-coco-de-13-x-6-cm-delfin-mallorca\/"},"modified":"2025-07-25T19:23:48","modified_gmt":"2025-07-25T17:23:48","slug":"4-bols-en-noix-de-coco-de-13-x-6-cm-dauphin-majorque","status":"publish","type":"product","link":"https:\/\/olemosaic.orbitalia.org\/fr\/produit\/4-bols-en-noix-de-coco-de-13-x-6-cm-dauphin-majorque\/","title":{"rendered":"4 Bols en noix de coco de 13 x 6 cm. Dauphin. Majorque."},"content":{"rendered":"<p>D\u00e9couvrez notre charmant ensemble de bols en noix de coco, un cadeau parfait qui capture l&rsquo;essence vibrante de Majorque. Cet ensemble comprend quatre pi\u00e8ces de 13 x 6 cm, qui se distinguent par leur design color\u00e9 avec d&rsquo;adorables dauphins en bleu, rouge, orange et fuchsia. Chaque bol est orn\u00e9 d&rsquo;un imprim\u00e9 de c\u0153urs, \u00e9voquant l&rsquo;ambiance joyeuse et festive de l&rsquo;\u00eele. L&rsquo;\u00e9clat de sa finition ne rehausse pas seulement les couleurs vibrantes, mais ajoute \u00e9galement une touche moderne \u00e0 toute d\u00e9coration.<\/p>\n<p>Fabriqu\u00e9s en mat\u00e9riau de noix de coco, ces bols sont id\u00e9aux pour un usage d\u00e9coratif ou comme petits r\u00e9cipients pour souvenirs. L&rsquo;image du dauphin, symbole de la joie et de la libert\u00e9 pr\u00e9sentes dans les eaux m\u00e9diterran\u00e9ennes, ajoute une signification particuli\u00e8re, r\u00e9sonnant avec la connexion de Majorque \u00e0 ses merveilleux paysages c\u00f4tiers. Cet ensemble de souvenirs est parfait pour ceux qui recherchent un souvenir authentique et repr\u00e9sentatif de l&rsquo;\u00eele.<\/p>\n<p>Chez Ol\u00e9 Mosaic, en tant que distributeurs de souvenirs en gros, nous proposons aux boutiques de cadeaux touristiques des articles qui mettent en valeur la culture et la beaut\u00e9 de leurs origines. Avec ces bols en noix de coco, vous apporterez un morceau de Majorque \u00e0 vos clients, assurant un souvenir m\u00e9morable et attrayant.<\/p>\n","protected":false},"excerpt":{"rendered":"<p>Bols en noix de coco de 13 x 6 cm, id\u00e9aux pour les souvenirs de Majorque, d\u00e9cor\u00e9s de l&rsquo;image d&rsquo;un dauphin. Ce jeu color\u00e9 comprend quatre pi\u00e8ces dans les tons bleu, rouge, orange et fuchsia, chacune avec un imprim\u00e9 de c\u0153urs entourant le dauphin, soulignant l&rsquo;ambiance vibrante de l&rsquo;\u00eele. Fabriqu\u00e9s en noix de coco, ils pr\u00e9sentent une finition brillante qui leur donne une touche moderne et attrayante, parfaite pour la d\u00e9coration ou comme petits r\u00e9cipients.<\/p>\n","protected":false},"featured_media":10679,"template":"","meta":{"_acf_changed":false},"product_brand":[],"product_cat":[521],"product_tag":[530],"class_list":{"0":"post-26424","1":"product","2":"type-product","3":"status-publish","4":"has-post-thumbnail","6":"product_cat-bols","7":"product_tag-animaux","8":"pa_ciudad-mallorca","9":"pa_motivo-dauphins","10":"pa_pais-espana","12":"first","13":"instock","14":"shipping-taxable","15":"product-type-simple"},"acf":[],"_links":{"self":[{"href":"https:\/\/olemosaic.orbitalia.org\/fr\/wp-json\/wp\/v2\/product\/26424","targetHints":{"allow":["GET"]}}],"collection":[{"href":"https:\/\/olemosaic.orbitalia.org\/fr\/wp-json\/wp\/v2\/product"}],"about":[{"href":"https:\/\/olemosaic.orbitalia.org\/fr\/wp-json\/wp\/v2\/types\/product"}],"wp:featuredmedia":[{"embeddable":true,"href":"https:\/\/olemosaic.orbitalia.org\/fr\/wp-json\/wp\/v2\/media\/10679"}],"wp:attachment":[{"href":"https:\/\/olemosaic.orbitalia.org\/fr\/wp-json\/wp\/v2\/media?parent=26424"}],"wp:term":[{"taxonomy":"product_brand","embeddable":true,"href":"https:\/\/olemosaic.orbitalia.org\/fr\/wp-json\/wp\/v2\/product_brand?post=26424"},{"taxonomy":"product_cat","embeddable":true,"href":"https:\/\/olemosaic.orbitalia.org\/fr\/wp-json\/wp\/v2\/product_cat?post=26424"},{"taxonomy":"product_tag","embeddable":true,"href":"https:\/\/olemosaic.orbitalia.org\/fr\/wp-json\/wp\/v2\/product_tag?post=26424"}],"curies":[{"name":"wp","href":"https:\/\/api.w.org\/{rel}","templated":true}]}}