{"id":26352,"date":"2025-02-20T22:28:19","date_gmt":"2025-02-20T22:28:19","guid":{"rendered":"https:\/\/olemosaic.orbitalia.org\/producto\/funda-de-telefono-para-iphone-13-pro-tpu-gato-mallorca-blanco\/"},"modified":"2025-07-25T20:15:52","modified_gmt":"2025-07-25T18:15:52","slug":"coque-de-telephone-pour-iphone-13-pro-tpu-chat-majorque-blanc","status":"publish","type":"product","link":"https:\/\/olemosaic.orbitalia.org\/fr\/produit\/coque-de-telephone-pour-iphone-13-pro-tpu-chat-majorque-blanc\/","title":{"rendered":"Coque de t\u00e9l\u00e9phone pour iPhone 13 Pro (TPU). Chat. Majorque. Blanc"},"content":{"rendered":"<p>D\u00e9couvrez notre coque pour iPhone 13 Pro, une pi\u00e8ce unique qui fusionne fonctionnalit\u00e9 et design artistique, inspir\u00e9e par la vibrante culture majorquine. Fabriqu\u00e9e en TPU de haute qualit\u00e9, cette coque offre une protection robuste et l\u00e9g\u00e8re pour votre appareil, le gardant \u00e0 l&rsquo;abri des chocs et des chutes. Son design pr\u00e9sente un charmant chat, repr\u00e9sent\u00e9 dans une mosa\u00efque explosive de tons rouges, bleus, verts et jaunes, qui \u00e9voque la beaut\u00e9 de l&rsquo;art m\u00e9diterran\u00e9en. Le fond blanc met en valeur l&rsquo;illustration, tandis que les papillons qui accompagnent le chat ajoutent une touche de joie et de vitalit\u00e9, transformant chaque regard en une c\u00e9l\u00e9bration de la vie. Dans la partie inf\u00e9rieure, le mot \u00ab\u00a0Mallorca\u00a0\u00bb s&rsquo;affiche \u00e9l\u00e9gamment, fusionnant art et fonctionnalit\u00e9. Ce produit n&rsquo;est pas seulement une excellente option pour ceux qui recherchent des souvenirs de Majorque, mais aussi un souvenir authentique qui refl\u00e8te l&rsquo;esprit de cette belle \u00eele. Chez Ol\u00e9 Mosaic, en tant que grossistes d&rsquo;accessoires uniques, nous nous assurons que chaque pi\u00e8ce que nous proposons est une repr\u00e9sentation culturelle significative, parfaite pour les boutiques de cadeaux touristiques souhaitant diversifier leur catalogue. La coque est, sans aucun doute, un article attrayant pour les touristes et les amoureux de la culture m\u00e9diterran\u00e9enne.<\/p>\n","protected":false},"excerpt":{"rendered":"<p>Coque pour iPhone 13 Pro fabriqu\u00e9e en TPU avec un design vibrant d&rsquo;un chat inspir\u00e9 par la beaut\u00e9 de Majorque. Le fond blanc fait ressortir l&rsquo;illustration color\u00e9e du chat, une mosa\u00efque de tons rouges, bleus, verts et jaunes, accompagn\u00e9e de papillons qui ajoutent une touche de joie. Le texte \u00ab\u00a0Mallorca\u00a0\u00bb se d\u00e9tache dans la partie inf\u00e9rieure, fusionnant art et fonctionnalit\u00e9 dans cette coque de protection originale.<\/p>\n","protected":false},"featured_media":12933,"template":"","meta":{"_acf_changed":false},"product_brand":[],"product_cat":[674],"product_tag":[530],"class_list":{"0":"post-26352","1":"product","2":"type-product","3":"status-publish","4":"has-post-thumbnail","6":"product_cat-etuis-pour-telephones-portables","7":"product_tag-animaux","8":"pa_ciudad-mallorca","9":"pa_motivo-chats","10":"pa_pais-espana","12":"first","13":"instock","14":"shipping-taxable","15":"product-type-simple"},"acf":[],"_links":{"self":[{"href":"https:\/\/olemosaic.orbitalia.org\/fr\/wp-json\/wp\/v2\/product\/26352","targetHints":{"allow":["GET"]}}],"collection":[{"href":"https:\/\/olemosaic.orbitalia.org\/fr\/wp-json\/wp\/v2\/product"}],"about":[{"href":"https:\/\/olemosaic.orbitalia.org\/fr\/wp-json\/wp\/v2\/types\/product"}],"wp:featuredmedia":[{"embeddable":true,"href":"https:\/\/olemosaic.orbitalia.org\/fr\/wp-json\/wp\/v2\/media\/12933"}],"wp:attachment":[{"href":"https:\/\/olemosaic.orbitalia.org\/fr\/wp-json\/wp\/v2\/media?parent=26352"}],"wp:term":[{"taxonomy":"product_brand","embeddable":true,"href":"https:\/\/olemosaic.orbitalia.org\/fr\/wp-json\/wp\/v2\/product_brand?post=26352"},{"taxonomy":"product_cat","embeddable":true,"href":"https:\/\/olemosaic.orbitalia.org\/fr\/wp-json\/wp\/v2\/product_cat?post=26352"},{"taxonomy":"product_tag","embeddable":true,"href":"https:\/\/olemosaic.orbitalia.org\/fr\/wp-json\/wp\/v2\/product_tag?post=26352"}],"curies":[{"name":"wp","href":"https:\/\/api.w.org\/{rel}","templated":true}]}}