{"id":26349,"date":"2025-02-20T22:28:19","date_gmt":"2025-02-20T22:28:19","guid":{"rendered":"https:\/\/olemosaic.orbitalia.org\/producto\/funda-de-telefono-para-iphone-12-promax-tpu-mariposa-mallorca-blanco\/"},"modified":"2025-07-25T18:51:35","modified_gmt":"2025-07-25T16:51:35","slug":"coque-de-telephone-pour-iphone-12-pro-max-tpu-papillon-majorque-blanc","status":"publish","type":"product","link":"https:\/\/olemosaic.orbitalia.org\/fr\/produit\/coque-de-telephone-pour-iphone-12-pro-max-tpu-papillon-majorque-blanc\/","title":{"rendered":"Coque de t\u00e9l\u00e9phone pour iPhone 12 Pro Max (TPU). Papillon. Majorque. Blanc"},"content":{"rendered":"<p>D\u00e9couvrez notre coque pour iPhone 12 Pro Max, une pi\u00e8ce exceptionnelle qui fusionne protection et design artistique, inspir\u00e9e par la magnifique \u00eele de Majorque. \u00c9labor\u00e9e avec un mat\u00e9riau TPU de haute qualit\u00e9, cette coque ne prot\u00e8ge pas seulement votre appareil des chocs et des rayures, mais elle l&rsquo;orne \u00e9galement d&rsquo;un motif vibrant de papillons \u00e9voquant la beaut\u00e9 naturelle de la r\u00e9gion. Le design pr\u00e9sente un fond blanc qui sert de toile \u00e0 une mosa\u00efque color\u00e9e, o\u00f9 des papillons dans des tons bleus, rouges, jaunes et verts apportent un effet visuel percutant et joyeux. Le mot \u00ab Mallorca \u00bb est imprim\u00e9 dans un style \u00e9l\u00e9gant, transformant cette coque en un souvenir repr\u00e9sentatif de la culture majorquine.<\/p>\n<p>Les papillons, symboles de transformation et de beaut\u00e9, refl\u00e8tent la riche biodiversit\u00e9 de l&rsquo;\u00eele et sa flore tropicale. Ce souvenir unique est id\u00e9al pour les touristes qui cherchent \u00e0 ramener un morceau de Majorque chez eux. Chez Ol\u00e9 Mosaic, sp\u00e9cialis\u00e9s dans les souvenirs en gros, nous proposons cette coque comme une excellente option pour les boutiques de cadeaux touristiques, garantissant authenticit\u00e9 et qualit\u00e9. Ce produit repr\u00e9sente non seulement une excellente id\u00e9e pour ceux qui cherchent des souvenirs de Majorque, mais aussi une connexion culturelle avec l&rsquo;\u00eele, parfait pour ceux qui souhaitent capturer l&rsquo;essence de leurs voyages.<\/p>\n","protected":false},"excerpt":{"rendered":"<p>Coque pour iPhone 12 Pro Max fabriqu\u00e9e en TPU, d\u00e9cor\u00e9e de papillons vibrants qui \u00e9voquent la beaut\u00e9 de Majorque. Le design comprend un fond blanc avec une mosa\u00efque color\u00e9e qui met en valeur les papillons dans des tons bleus, rouges, jaunes et verts, cr\u00e9ant un effet visuel percutant. Avec le mot \u00ab Mallorca \u00bb imprim\u00e9 dans un style \u00e9l\u00e9gant, cette coque ne prot\u00e8ge pas seulement votre appareil, mais apporte \u00e9galement une touche artistique et culturelle repr\u00e9sentative de l&rsquo;\u00eele.<\/p>\n","protected":false},"featured_media":12922,"template":"","meta":{"_acf_changed":false},"product_brand":[],"product_cat":[674],"product_tag":[530],"class_list":{"0":"post-26349","1":"product","2":"type-product","3":"status-publish","4":"has-post-thumbnail","6":"product_cat-etuis-pour-telephones-portables","7":"product_tag-animaux","8":"pa_ciudad-mallorca","9":"pa_motivo-papillons","10":"pa_pais-espana","12":"first","13":"instock","14":"shipping-taxable","15":"product-type-simple"},"acf":[],"_links":{"self":[{"href":"https:\/\/olemosaic.orbitalia.org\/fr\/wp-json\/wp\/v2\/product\/26349","targetHints":{"allow":["GET"]}}],"collection":[{"href":"https:\/\/olemosaic.orbitalia.org\/fr\/wp-json\/wp\/v2\/product"}],"about":[{"href":"https:\/\/olemosaic.orbitalia.org\/fr\/wp-json\/wp\/v2\/types\/product"}],"wp:featuredmedia":[{"embeddable":true,"href":"https:\/\/olemosaic.orbitalia.org\/fr\/wp-json\/wp\/v2\/media\/12922"}],"wp:attachment":[{"href":"https:\/\/olemosaic.orbitalia.org\/fr\/wp-json\/wp\/v2\/media?parent=26349"}],"wp:term":[{"taxonomy":"product_brand","embeddable":true,"href":"https:\/\/olemosaic.orbitalia.org\/fr\/wp-json\/wp\/v2\/product_brand?post=26349"},{"taxonomy":"product_cat","embeddable":true,"href":"https:\/\/olemosaic.orbitalia.org\/fr\/wp-json\/wp\/v2\/product_cat?post=26349"},{"taxonomy":"product_tag","embeddable":true,"href":"https:\/\/olemosaic.orbitalia.org\/fr\/wp-json\/wp\/v2\/product_tag?post=26349"}],"curies":[{"name":"wp","href":"https:\/\/api.w.org\/{rel}","templated":true}]}}