{"id":26348,"date":"2025-02-20T22:28:18","date_gmt":"2025-02-20T22:28:18","guid":{"rendered":"https:\/\/olemosaic.orbitalia.org\/producto\/funda-de-telefono-para-iphone-11-tpu-abstracto-azul\/"},"modified":"2025-07-25T19:21:48","modified_gmt":"2025-07-25T17:21:48","slug":"coque-de-telephone-pour-iphone-11-tpu-abstrait-bleu","status":"publish","type":"product","link":"https:\/\/olemosaic.orbitalia.org\/fr\/produit\/coque-de-telephone-pour-iphone-11-tpu-abstrait-bleu\/","title":{"rendered":"Coque de t\u00e9l\u00e9phone pour iPhone 11 (TPU). Abstrait. Bleu"},"content":{"rendered":"<p>D\u00e9couvrez notre coque pour iPhone 11, qui capture l&rsquo;essence vibrante de Barcelone. Fabriqu\u00e9e en TPU flexible, cette coque se distingue par son design abstrait avec une explosion de couleurs dynamiques : bleus, jaunes, roses et oranges s&rsquo;entrelacent dans une danse visuelle captivante. Au centre, le nom embl\u00e9matique \u00ab\u00a0Barcelona\u00a0\u00bb ressort en lettres blanches, cr\u00e9ant un contraste saisissant qui garantit que votre appareil refl\u00e8te un style moderne et \u00e9nergique. En plus de son esth\u00e9tique, cette coque offre une protection exceptionnelle, s&rsquo;ajustant parfaitement \u00e0 l&rsquo;appareil et offrant une durabilit\u00e9 contre les chocs et les rayures.<\/p>\n<p>Le design abstrait \u00e9voque les rues color\u00e9es et la culture vibrante de la cit\u00e9 comtale, ce qui en fait un excellent cadeau pour les touristes cherchant \u00e0 emporter un morceau de Barcelone. Cette coque n&rsquo;est pas seulement un accessoire utile, mais aussi un souvenir authentique qui connecte ceux qui l&rsquo;utilisent au riche h\u00e9ritage artistique et culturel de la r\u00e9gion. Chez Ol\u00e9 Mosaic, en tant que grossiste de souvenirs, nous garantissons que chaque pi\u00e8ce est le reflet de l&rsquo;authenticit\u00e9 et de l&rsquo;esprit de la ville, id\u00e9al pour les boutiques de cadeaux touristiques \u00e0 la recherche de produits attrayants et repr\u00e9sentatifs.<\/p>\n","protected":false},"excerpt":{"rendered":"<p>Coque de t\u00e9l\u00e9phone pour iPhone 11 fabriqu\u00e9e en TPU, avec un design abstrait et vibrant dans des tons bleus, jaunes, roses et oranges. Elle se distingue par son illustration moderne, qui repr\u00e9sente une fusion de couleurs dynamiques, contrastant avec le texte \u00ab\u00a0Barcelona\u00a0\u00bb en lettres blanches. Id\u00e9ale pour ceux qui cherchent \u00e0 prot\u00e9ger leur appareil avec style et \u00e0 emporter partout une part de l&rsquo;essence barcelonaise. Son mat\u00e9riau flexible offre durabilit\u00e9 et un ajustement parfait.<\/p>\n","protected":false},"featured_media":12146,"template":"","meta":{"_acf_changed":false},"product_brand":[],"product_cat":[674],"product_tag":[],"class_list":{"0":"post-26348","1":"product","2":"type-product","3":"status-publish","4":"has-post-thumbnail","6":"product_cat-etuis-pour-telephones-portables","7":"pa_ciudad-barcelona","8":"pa_motivo-resume","9":"pa_pais-espana","11":"first","12":"instock","13":"shipping-taxable","14":"product-type-simple"},"acf":[],"_links":{"self":[{"href":"https:\/\/olemosaic.orbitalia.org\/fr\/wp-json\/wp\/v2\/product\/26348","targetHints":{"allow":["GET"]}}],"collection":[{"href":"https:\/\/olemosaic.orbitalia.org\/fr\/wp-json\/wp\/v2\/product"}],"about":[{"href":"https:\/\/olemosaic.orbitalia.org\/fr\/wp-json\/wp\/v2\/types\/product"}],"wp:featuredmedia":[{"embeddable":true,"href":"https:\/\/olemosaic.orbitalia.org\/fr\/wp-json\/wp\/v2\/media\/12146"}],"wp:attachment":[{"href":"https:\/\/olemosaic.orbitalia.org\/fr\/wp-json\/wp\/v2\/media?parent=26348"}],"wp:term":[{"taxonomy":"product_brand","embeddable":true,"href":"https:\/\/olemosaic.orbitalia.org\/fr\/wp-json\/wp\/v2\/product_brand?post=26348"},{"taxonomy":"product_cat","embeddable":true,"href":"https:\/\/olemosaic.orbitalia.org\/fr\/wp-json\/wp\/v2\/product_cat?post=26348"},{"taxonomy":"product_tag","embeddable":true,"href":"https:\/\/olemosaic.orbitalia.org\/fr\/wp-json\/wp\/v2\/product_tag?post=26348"}],"curies":[{"name":"wp","href":"https:\/\/api.w.org\/{rel}","templated":true}]}}