{"id":26284,"date":"2025-02-20T23:28:16","date_gmt":"2025-02-20T22:28:16","guid":{"rendered":"https:\/\/olemosaic.orbitalia.org\/producto\/funda-de-telefono-para-iphone-13-tpu-abstracto-azul\/"},"modified":"2025-07-25T19:15:43","modified_gmt":"2025-07-25T17:15:43","slug":"coque-de-telephone-pour-iphone-13-tpu-abstrait-bleu","status":"publish","type":"product","link":"https:\/\/olemosaic.orbitalia.org\/fr\/produit\/coque-de-telephone-pour-iphone-13-tpu-abstrait-bleu\/","title":{"rendered":"Coque de t\u00e9l\u00e9phone pour iPhone 13 (TPU). Abstrait. Bleu, rose et jaune"},"content":{"rendered":"<p>D\u00e9couvrez la coque vibrante pour iPhone 13, un accessoire qui fusionne style et fonctionnalit\u00e9, con\u00e7u pour les amoureux de Barcelone. Fabriqu\u00e9e en TPU, cette coque offre une protection robuste contre les chocs et les rayures, garantissant la s\u00e9curit\u00e9 de votre appareil. Son design abstrait se distingue par un imprim\u00e9 color\u00e9 qui entrelace des tons bleus, roses et jaunes dans un motif dynamique capturant l&rsquo;\u00e9nergie et la vitalit\u00e9 de la cit\u00e9 comtale. Au centre, le mot \u00ab\u00a0Barcelona\u00a0\u00bb appara\u00eet dans un style moderne et accrocheur, en faisant une pi\u00e8ce non seulement fonctionnelle, mais aussi artistique.<\/p>\n<p>Ce souvenir est une excellente fa\u00e7on d&#8217;emporter un morceau de Barcelone avec vous, vous permettant de ressentir la connexion avec cette ville merveilleuse chaque fois que vous utilisez votre t\u00e9l\u00e9phone. L&rsquo;\u00e9nergie de ses rues et la diversit\u00e9 de sa culture se refl\u00e8tent dans chaque d\u00e9tail de cette coque, en faisant un souvenir repr\u00e9sentatif id\u00e9al pour les touristes et les amoureux de la ville. Chez Ol\u00e9 Mosaic, notre engagement est d&rsquo;offrir des souvenirs authentiques et attrayants en gros, garantissant que chaque produit que nous distribuons, comme cette coque pour iPhone, poss\u00e8de l&rsquo;essence culturelle ad\u00e9quate pour capter l&rsquo;attention de vos clients dans les boutiques de cadeaux touristiques.<\/p>\n","protected":false},"excerpt":{"rendered":"<p>Coque pour iPhone 13 fabriqu\u00e9e en TPU, avec un design abstrait vibrant \u00e9voquant l&rsquo;\u00e9nergie de Barcelone. La coque pr\u00e9sente un imprim\u00e9 color\u00e9 dans les tons bleus, roses et jaunes, entrelac\u00e9s dans un motif dynamique. Au centre, le mot \u00ab\u00a0Barcelona\u00a0\u00bb s&rsquo;affiche dans un style moderne et accrocheur, id\u00e9al pour ceux qui recherchent protection et une touche artistique pour leur appareil. Cet accessoire combine fonctionnalit\u00e9 et design contemporain.<\/p>\n","protected":false},"featured_media":12289,"template":"","meta":{"_acf_changed":false},"product_brand":[],"product_cat":[674],"product_tag":[],"class_list":{"0":"post-26284","1":"product","2":"type-product","3":"status-publish","4":"has-post-thumbnail","6":"product_cat-etuis-pour-telephones-portables","7":"pa_ciudad-barcelona","8":"pa_motivo-resume","9":"pa_pais-espana","11":"first","12":"instock","13":"shipping-taxable","14":"product-type-simple"},"acf":[],"_links":{"self":[{"href":"https:\/\/olemosaic.orbitalia.org\/fr\/wp-json\/wp\/v2\/product\/26284","targetHints":{"allow":["GET"]}}],"collection":[{"href":"https:\/\/olemosaic.orbitalia.org\/fr\/wp-json\/wp\/v2\/product"}],"about":[{"href":"https:\/\/olemosaic.orbitalia.org\/fr\/wp-json\/wp\/v2\/types\/product"}],"wp:featuredmedia":[{"embeddable":true,"href":"https:\/\/olemosaic.orbitalia.org\/fr\/wp-json\/wp\/v2\/media\/12289"}],"wp:attachment":[{"href":"https:\/\/olemosaic.orbitalia.org\/fr\/wp-json\/wp\/v2\/media?parent=26284"}],"wp:term":[{"taxonomy":"product_brand","embeddable":true,"href":"https:\/\/olemosaic.orbitalia.org\/fr\/wp-json\/wp\/v2\/product_brand?post=26284"},{"taxonomy":"product_cat","embeddable":true,"href":"https:\/\/olemosaic.orbitalia.org\/fr\/wp-json\/wp\/v2\/product_cat?post=26284"},{"taxonomy":"product_tag","embeddable":true,"href":"https:\/\/olemosaic.orbitalia.org\/fr\/wp-json\/wp\/v2\/product_tag?post=26284"}],"curies":[{"name":"wp","href":"https:\/\/api.w.org\/{rel}","templated":true}]}}