{"id":26269,"date":"2025-02-20T23:28:16","date_gmt":"2025-02-20T22:28:16","guid":{"rendered":"https:\/\/olemosaic.orbitalia.org\/producto\/jarra-de-ceramica-salamandra-barcelona-beige\/"},"modified":"2025-07-25T18:33:05","modified_gmt":"2025-07-25T16:33:05","slug":"pichet-en-ceramique-salamandre-barcelone-beige","status":"publish","type":"product","link":"https:\/\/olemosaic.orbitalia.org\/fr\/produit\/pichet-en-ceramique-salamandre-barcelone-beige\/","title":{"rendered":"Pichet en c\u00e9ramique. Salamandre. Barcelone. Beige."},"content":{"rendered":"<p>D\u00e9couvrez le pichet en c\u00e9ramique inspir\u00e9 par la culture vibrante de Barcelone, une pi\u00e8ce unique qui capture l&rsquo;essence artistique de cette ville espagnole embl\u00e9matique. Avec une \u00e9l\u00e9gante finition beige, le pichet pr\u00e9sente des illustrations complexes de salamandres, qui symbolisent dans la culture locale la cr\u00e9ativit\u00e9 et la connexion avec la nature. Chaque d\u00e9tail des salamandres est peint \u00e0 la main, garantissant que chaque pichet soit une \u0153uvre d&rsquo;art singuli\u00e8re. Le bord et l&rsquo;anse, d&rsquo;un rouge \u00e9clatant, apportent un contraste dynamique qui rehausse la beaut\u00e9 de cette pi\u00e8ce, en faisant un attrait visuel parfait pour toute cuisine ou salle \u00e0 manger. De plus, le mot \u00ab Barcelone \u00bb s&rsquo;affiche avec fiert\u00e9 sur la surface, ajoutant une touche personnalis\u00e9e qui fait de ce pichet un souvenir id\u00e9al pour se rem\u00e9morer votre visite dans cette ville merveilleuse.<\/p>\n<p>Cet article n&rsquo;est pas seulement un accessoire fonctionnel, mais aussi une repr\u00e9sentation authentique de la tradition artisanale de la r\u00e9gion. Les touristes \u00e0 la recherche de souvenirs authentiques de Barcelone trouveront dans ce pichet un cadeau m\u00e9morable qui refl\u00e8te la richesse culturelle de la ville. Chez Ol\u00e9 Mosaic, nous sommes distributeurs de souvenirs en gros, et ce pichet en c\u00e9ramique est une excellente option pour les boutiques de cadeaux touristiques souhaitant proposer des produits avec une touche locale et artisanale. Un souvenir qui encapsule la singularit\u00e9 de Barcelone et l&rsquo;art de la c\u00e9ramique, id\u00e9al pour partager la magie de cette ville.<\/p>\n","protected":false},"excerpt":{"rendered":"<p>Pichet en c\u00e9ramique au design singulier, inspir\u00e9 par la culture et l&rsquo;art barcelonais. Avec une \u00e9l\u00e9gante finition beige, il pr\u00e9sente des illustrations color\u00e9es de salamandres sur un fond clair, soulignant sa technique de conception artisanale, peinte \u00e0 la main. Les d\u00e9tails rouges du bord et de l&rsquo;anse apportent un contraste vibrant. Agr\u00e9ment\u00e9 du mot \u00ab\u00a0Barcelona\u00a0\u00bb, ce pichet est un excellent symbole de la cr\u00e9ativit\u00e9 de la r\u00e9gion et un souvenir attrayant.<\/p>\n","protected":false},"featured_media":7282,"template":"","meta":{"_acf_changed":false},"product_brand":[],"product_cat":[632],"product_tag":[530,585],"class_list":{"0":"post-26269","1":"product","2":"type-product","3":"status-publish","4":"has-post-thumbnail","6":"product_cat-jugs","7":"product_tag-animaux","8":"product_tag-ceramique","9":"pa_ciudad-barcelona","10":"pa_motivo-salamandres","11":"pa_pais-espana","13":"first","14":"instock","15":"shipping-taxable","16":"product-type-simple"},"acf":[],"_links":{"self":[{"href":"https:\/\/olemosaic.orbitalia.org\/fr\/wp-json\/wp\/v2\/product\/26269","targetHints":{"allow":["GET"]}}],"collection":[{"href":"https:\/\/olemosaic.orbitalia.org\/fr\/wp-json\/wp\/v2\/product"}],"about":[{"href":"https:\/\/olemosaic.orbitalia.org\/fr\/wp-json\/wp\/v2\/types\/product"}],"wp:featuredmedia":[{"embeddable":true,"href":"https:\/\/olemosaic.orbitalia.org\/fr\/wp-json\/wp\/v2\/media\/7282"}],"wp:attachment":[{"href":"https:\/\/olemosaic.orbitalia.org\/fr\/wp-json\/wp\/v2\/media?parent=26269"}],"wp:term":[{"taxonomy":"product_brand","embeddable":true,"href":"https:\/\/olemosaic.orbitalia.org\/fr\/wp-json\/wp\/v2\/product_brand?post=26269"},{"taxonomy":"product_cat","embeddable":true,"href":"https:\/\/olemosaic.orbitalia.org\/fr\/wp-json\/wp\/v2\/product_cat?post=26269"},{"taxonomy":"product_tag","embeddable":true,"href":"https:\/\/olemosaic.orbitalia.org\/fr\/wp-json\/wp\/v2\/product_tag?post=26269"}],"curies":[{"name":"wp","href":"https:\/\/api.w.org\/{rel}","templated":true}]}}