{"id":26266,"date":"2025-02-20T23:28:16","date_gmt":"2025-02-20T22:28:16","guid":{"rendered":"https:\/\/olemosaic.orbitalia.org\/producto\/funda-de-telefono-para-xiaomi-12-tpu-panoramica-barcelona-azul\/"},"modified":"2025-07-25T19:37:30","modified_gmt":"2025-07-25T17:37:30","slug":"coque-de-telephone-pour-xiaomi-12-tpu-panoramique-barcelone-bleu","status":"publish","type":"product","link":"https:\/\/olemosaic.orbitalia.org\/fr\/produit\/coque-de-telephone-pour-xiaomi-12-tpu-panoramique-barcelone-bleu\/","title":{"rendered":"Coque de t\u00e9l\u00e9phone pour Xiaomi 12 (TPU). Architecture Gaud\u00ed Barcelone. Bleu"},"content":{"rendered":"<p>D\u00e9couvrez la coque pour Xiaomi 12, un accessoire indispensable qui fusionne fonctionnalit\u00e9 et art dans un design barcelonais attrayant. Fabriqu\u00e9e en TPU, cette coque offre une protection maximale pour votre appareil, le prot\u00e9geant des chutes et des rayures. Son panorama color\u00e9 surprend avec des \u00e9l\u00e9ments embl\u00e9matiques de la ville, tels que l&rsquo;impressionnante Sagrada Familia, et d&rsquo;autres motifs architecturaux qui rendent hommage au style unique d&rsquo;Antoni Gaud\u00ed. Sur un fond bleu mosa\u00efque vibrant \u00e9voquant la chaleur de la M\u00e9diterran\u00e9e, la coque capture l&rsquo;essence de Barcelone et su riche h\u00e9ritage culturel.<\/p>\n<p>Avec des d\u00e9tails ornementaux repr\u00e9sentant l&rsquo;esprit cr\u00e9atif de la ville, ce souvenir est plus qu&rsquo;une simple coque ; c&rsquo;est un rappel constant de la beaut\u00e9 et de l&rsquo;histoire de l&rsquo;une des destinations les plus visit\u00e9es au monde. Id\u00e9ale pour les touristes souhaitant emporter un morceau de Barcelone, cette coque allie art attrayant et praticit\u00e9, ce qui en fait un cadeau parfait pour les amis et la famille. Chez Ol\u00e9 Mosaic, nous proposons cette coque dans le cadre de notre gamme exclusive de souvenirs c\u00e9l\u00e9brant la culture espagnole. Non seulement vous prot\u00e9gez votre appareil, mais vous emportez \u00e9galement avec vous un morceau de la vie vibrante de Barcelone.<\/p>\n","protected":false},"excerpt":{"rendered":"<p>Coque pour t\u00e9l\u00e9phone Xiaomi 12 fabriqu\u00e9e en TPU, avec un panorama color\u00e9 de Barcelone. Ce design vibrant inclut des \u00e9l\u00e9ments embl\u00e9matiques de la ville, comme la Sagrada Familia et des motifs architecturaux \u00e9voquant le style d&rsquo;Antoni Gaud\u00ed, le tout sur un fond bleu mosa\u00efque qui souligne l&rsquo;essence m\u00e9diterran\u00e9enne. Un accessoire fonctionnel et esth\u00e9tique qui prot\u00e8ge votre appareil tout en l&#8217;embellissant avec la culture et l&rsquo;art de Barcelone.<\/p>\n","protected":false},"featured_media":12658,"template":"","meta":{"_acf_changed":false},"product_brand":[],"product_cat":[674],"product_tag":[],"class_list":{"0":"post-26266","1":"product","2":"type-product","3":"status-publish","4":"has-post-thumbnail","6":"product_cat-etuis-pour-telephones-portables","7":"pa_ciudad-barcelona","8":"pa_motivo-panoramas","9":"pa_pais-espana","11":"first","12":"instock","13":"shipping-taxable","14":"product-type-simple"},"acf":[],"_links":{"self":[{"href":"https:\/\/olemosaic.orbitalia.org\/fr\/wp-json\/wp\/v2\/product\/26266","targetHints":{"allow":["GET"]}}],"collection":[{"href":"https:\/\/olemosaic.orbitalia.org\/fr\/wp-json\/wp\/v2\/product"}],"about":[{"href":"https:\/\/olemosaic.orbitalia.org\/fr\/wp-json\/wp\/v2\/types\/product"}],"wp:featuredmedia":[{"embeddable":true,"href":"https:\/\/olemosaic.orbitalia.org\/fr\/wp-json\/wp\/v2\/media\/12658"}],"wp:attachment":[{"href":"https:\/\/olemosaic.orbitalia.org\/fr\/wp-json\/wp\/v2\/media?parent=26266"}],"wp:term":[{"taxonomy":"product_brand","embeddable":true,"href":"https:\/\/olemosaic.orbitalia.org\/fr\/wp-json\/wp\/v2\/product_brand?post=26266"},{"taxonomy":"product_cat","embeddable":true,"href":"https:\/\/olemosaic.orbitalia.org\/fr\/wp-json\/wp\/v2\/product_cat?post=26266"},{"taxonomy":"product_tag","embeddable":true,"href":"https:\/\/olemosaic.orbitalia.org\/fr\/wp-json\/wp\/v2\/product_tag?post=26266"}],"curies":[{"name":"wp","href":"https:\/\/api.w.org\/{rel}","templated":true}]}}