{"id":26224,"date":"2025-02-20T22:28:15","date_gmt":"2025-02-20T22:28:15","guid":{"rendered":"https:\/\/olemosaic.orbitalia.org\/producto\/funda-de-telefono-para-iphone-15-pro-tpu-mosaico-blanco\/"},"modified":"2025-07-25T20:04:03","modified_gmt":"2025-07-25T18:04:03","slug":"coque-de-telephone-pour-iphone-15-pro-tpu-mosaique-blanc","status":"publish","type":"product","link":"https:\/\/olemosaic.orbitalia.org\/fr\/produit\/coque-de-telephone-pour-iphone-15-pro-tpu-mosaique-blanc\/","title":{"rendered":"Coque de t\u00e9l\u00e9phone pour iPhone 15 Pro (TPU). Mosa\u00efque. Blanc"},"content":{"rendered":"<p>D\u00e9couvrez la coque pour iPhone 15 Pro, un v\u00e9ritable bijou con\u00e7u pour les amoureux du style et de la culture espagnole. Fabriqu\u00e9e avec du TPU de haute qualit\u00e9, cette coque combine la r\u00e9sistance et la l\u00e9g\u00e8ret\u00e9 dont votre appareil a besoin, sans renoncer \u00e0 l&rsquo;esth\u00e9tique. Son design de mosa\u00efque vibrant est un hommage \u00e0 la riche tradition artistique de l&rsquo;Espagne, pr\u00e9sentant une palette de couleurs \u00e9blouissante comprenant des bleus, des rouges, des oranges et des blancs. Ce motif attrayant, inspir\u00e9 des azulejos andalous, se caract\u00e9rise par ses motifs g\u00e9om\u00e9triques et floraux complexes, qui \u00e9voquent l&rsquo;essence des villes du sud de l&rsquo;Espagne.<\/p>\n<p>Chaque d\u00e9tail de cette coque a \u00e9t\u00e9 soigneusement pens\u00e9 pour offrir une protection efficace, garantissant que votre iPhone soit \u00e0 l&rsquo;abri des chocs et des rayures. Sa finition douce offre une prise en main confortable et s\u00fbre, tandis que le design culturellement riche ajoute une touche distinctive \u00e0 votre appareil, le faisant ressortir en toute occasion. Ce n&rsquo;est pas seulement un accessoire fonctionnel, mais aussi un souvenir \u00e9l\u00e9gant repr\u00e9sentant l&rsquo;authenticit\u00e9 et l&rsquo;art de la tradition espagnole. Id\u00e9al pour les touristes \u00e0 la recherche d&rsquo;un souvenir distinctif, ce produit d&rsquo;Ol\u00e9 Mosaic est parfait pour les boutiques de cadeaux touristiques souhaitant proposer des articles uniques et de qualit\u00e9. Gr\u00e2ce \u00e0 notre exp\u00e9rience en tant que grossistes d&rsquo;accessoires de t\u00e9l\u00e9phonie, nous garantissons l&rsquo;excellence de chaque pi\u00e8ce et la valeur culturelle qui l&rsquo;accompagne.<\/p>\n","protected":false},"excerpt":{"rendered":"<p>Coque pour iPhone 15 Pro fabriqu\u00e9e en TPU, d\u00e9cor\u00e9e d&rsquo;un design de mosa\u00efque vibrant \u00e9voquant la tradition artistique espagnole. Ce mod\u00e8le pr\u00e9sente une combinaison de couleurs bleu, rouge, orange et blanc, formant des motifs g\u00e9om\u00e9triques et floraux typiques des azulejos andalous. Avec sa finition l\u00e9g\u00e8re et r\u00e9sistante, la coque offre une protection efficace, tandis que son design attrayant ajoute une touche culturelle et distinctive \u00e0 votre appareil.<\/p>\n","protected":false},"featured_media":13031,"template":"","meta":{"_acf_changed":false},"product_brand":[],"product_cat":[674],"product_tag":[],"class_list":{"0":"post-26224","1":"product","2":"type-product","3":"status-publish","4":"has-post-thumbnail","6":"product_cat-etuis-pour-telephones-portables","7":"pa_motivo-mosaique","9":"first","10":"instock","11":"shipping-taxable","12":"product-type-simple"},"acf":[],"_links":{"self":[{"href":"https:\/\/olemosaic.orbitalia.org\/fr\/wp-json\/wp\/v2\/product\/26224","targetHints":{"allow":["GET"]}}],"collection":[{"href":"https:\/\/olemosaic.orbitalia.org\/fr\/wp-json\/wp\/v2\/product"}],"about":[{"href":"https:\/\/olemosaic.orbitalia.org\/fr\/wp-json\/wp\/v2\/types\/product"}],"wp:featuredmedia":[{"embeddable":true,"href":"https:\/\/olemosaic.orbitalia.org\/fr\/wp-json\/wp\/v2\/media\/13031"}],"wp:attachment":[{"href":"https:\/\/olemosaic.orbitalia.org\/fr\/wp-json\/wp\/v2\/media?parent=26224"}],"wp:term":[{"taxonomy":"product_brand","embeddable":true,"href":"https:\/\/olemosaic.orbitalia.org\/fr\/wp-json\/wp\/v2\/product_brand?post=26224"},{"taxonomy":"product_cat","embeddable":true,"href":"https:\/\/olemosaic.orbitalia.org\/fr\/wp-json\/wp\/v2\/product_cat?post=26224"},{"taxonomy":"product_tag","embeddable":true,"href":"https:\/\/olemosaic.orbitalia.org\/fr\/wp-json\/wp\/v2\/product_tag?post=26224"}],"curies":[{"name":"wp","href":"https:\/\/api.w.org\/{rel}","templated":true}]}}