{"id":26221,"date":"2025-02-20T22:28:15","date_gmt":"2025-02-20T22:28:15","guid":{"rendered":"https:\/\/olemosaic.orbitalia.org\/producto\/funda-de-telefono-para-iphone-14-tpu-mosaico-azul\/"},"modified":"2025-07-25T18:39:55","modified_gmt":"2025-07-25T16:39:55","slug":"coque-de-telephone-pour-iphone-14-tpu-mosaique-bleu","status":"publish","type":"product","link":"https:\/\/olemosaic.orbitalia.org\/fr\/produit\/coque-de-telephone-pour-iphone-14-tpu-mosaique-bleu\/","title":{"rendered":"Coque de t\u00e9l\u00e9phone pour iPhone 14 (TPU). Mosa\u00efque. Bleu"},"content":{"rendered":"<p>D\u00e9couvrez la coque de t\u00e9l\u00e9phone pour iPhone 14 en TPU, un accessoire qui fusionne parfaitement style et fonctionnalit\u00e9. Cette coque se distingue par son motif de mosa\u00efque attrayant dans les tons bleus et blancs, \u00e9voquant la riche tradition des mosa\u00efques andalouses, reconnues pour leurs formes irr\u00e9guli\u00e8res et leur disposition artistique. Fabriqu\u00e9e en TPU, cette coque est non seulement l\u00e9g\u00e8re et durable, mais elle offre \u00e9galement une excellente protection contre les chocs et les chutes, garantissant l&rsquo;int\u00e9grit\u00e9 de votre appareil.<\/p>\n<p>Son design m\u00e9ticuleux pr\u00e9sente un jeu de tons bleus qui s&rsquo;entrelacent avec le blanc, cr\u00e9ant un contraste visuel percutant qui attirera tous les regards. Cette coque n&rsquo;est pas seulement un choix pratique, elle devient aussi une d\u00e9claration de style, permettant aux utilisateurs d&rsquo;afficher leur appr\u00e9ciation pour la culture et l&rsquo;esth\u00e9tique andalouses.<\/p>\n<p>Faisant partie du catalogue de souvenirs d&rsquo;Ol\u00e9 Mosaic, cette coque est une option exceptionnelle tant pour les touristes que pour les boutiques de cadeaux \u00e0 la recherche d&rsquo;un article repr\u00e9sentant l&rsquo;authenticit\u00e9 de la culture espagnole. La coque de t\u00e9l\u00e9phone pour iPhone 14 est le souvenir id\u00e9al qui combine art, culture et praticit\u00e9, devenant un cadeau m\u00e9morable qui durera dans le temps. Si vous recherchez des coques en gros qui mettent en valeur les traditions artistiques, ce mod\u00e8le est l&rsquo;option parfaite pour votre offre.<\/p>\n","protected":false},"excerpt":{"rendered":"<p>Coque de t\u00e9l\u00e9phone pour iPhone 14 en TPU, avec un design de mosa\u00efque attrayant dans les tons bleus et blancs. Cet article l\u00e9ger et durable prot\u00e8ge votre appareil tout en lui ajoutant une touche artistique. Le design s&rsquo;inspire des mosa\u00efques andalouses traditionnelles, avec leurs formes irr\u00e9guli\u00e8res et leur disposition \u00e9l\u00e9gante. C&rsquo;est le moyen id\u00e9al d&rsquo;afficher style et culture, id\u00e9al pour ceux qui appr\u00e9cient l&rsquo;esth\u00e9tique et la fonctionnalit\u00e9.<\/p>\n","protected":false},"featured_media":12364,"template":"","meta":{"_acf_changed":false},"product_brand":[],"product_cat":[674],"product_tag":[],"class_list":{"0":"post-26221","1":"product","2":"type-product","3":"status-publish","4":"has-post-thumbnail","6":"product_cat-etuis-pour-telephones-portables","7":"pa_motivo-mosaique","9":"first","10":"instock","11":"shipping-taxable","12":"product-type-simple"},"acf":[],"_links":{"self":[{"href":"https:\/\/olemosaic.orbitalia.org\/fr\/wp-json\/wp\/v2\/product\/26221","targetHints":{"allow":["GET"]}}],"collection":[{"href":"https:\/\/olemosaic.orbitalia.org\/fr\/wp-json\/wp\/v2\/product"}],"about":[{"href":"https:\/\/olemosaic.orbitalia.org\/fr\/wp-json\/wp\/v2\/types\/product"}],"wp:featuredmedia":[{"embeddable":true,"href":"https:\/\/olemosaic.orbitalia.org\/fr\/wp-json\/wp\/v2\/media\/12364"}],"wp:attachment":[{"href":"https:\/\/olemosaic.orbitalia.org\/fr\/wp-json\/wp\/v2\/media?parent=26221"}],"wp:term":[{"taxonomy":"product_brand","embeddable":true,"href":"https:\/\/olemosaic.orbitalia.org\/fr\/wp-json\/wp\/v2\/product_brand?post=26221"},{"taxonomy":"product_cat","embeddable":true,"href":"https:\/\/olemosaic.orbitalia.org\/fr\/wp-json\/wp\/v2\/product_cat?post=26221"},{"taxonomy":"product_tag","embeddable":true,"href":"https:\/\/olemosaic.orbitalia.org\/fr\/wp-json\/wp\/v2\/product_tag?post=26221"}],"curies":[{"name":"wp","href":"https:\/\/api.w.org\/{rel}","templated":true}]}}