{"id":26210,"date":"2025-02-20T22:28:15","date_gmt":"2025-02-20T22:28:15","guid":{"rendered":"https:\/\/olemosaic.orbitalia.org\/producto\/funda-de-telefono-para-iphone-13-pro-tpu-panoramica-barcelona-azul\/"},"modified":"2025-07-25T19:52:14","modified_gmt":"2025-07-25T17:52:14","slug":"coque-de-telephone-pour-iphone-13-pro-tpu-panoramique-barcelone-bleu","status":"publish","type":"product","link":"https:\/\/olemosaic.orbitalia.org\/fr\/produit\/coque-de-telephone-pour-iphone-13-pro-tpu-panoramique-barcelone-bleu\/","title":{"rendered":"Coque de t\u00e9l\u00e9phone pour iPhone 13 Pro (TPU). Panoramique. Barcelone. Bleu"},"content":{"rendered":"<p>D\u00e9couvrez la coque de t\u00e9l\u00e9phone pour iPhone 13 Pro en TPU avec une vue panoramique vibrante de Barcelone, un souvenir parfait qui capture l&rsquo;essence du paysage urbain embl\u00e9matique de la ville. Ce design color\u00e9 pr\u00e9sente la majestueuse Sagrada Familia, baign\u00e9e par un soleil m\u00e9diterran\u00e9en \u00e9clatant, entour\u00e9e de palmiers qui \u00e9voquent l&rsquo;atmosph\u00e8re chaleureuse et accueillante de la c\u00f4te catalane. La palette de couleurs comprend des bleus intenses, des oranges vibrants et des verts luxuriants, cr\u00e9ant une \u0153uvre d&rsquo;art visuelle qui, en plus de prot\u00e9ger, ajoute une touche de style personnel \u00e0 votre appareil.<\/p>\n<p>Les d\u00e9tails artistiques refl\u00e8tent un style moderne et amusant, id\u00e9al pour ceux qui aiment Barcelone et son architecture unique. Cet accessoire n&rsquo;est pas seulement fonctionnel, garantissant que votre iPhone 13 Pro soit \u00e0 l&rsquo;abri des chocs et des rayures, mais il agit \u00e9galement comme un rappel constant de la beaut\u00e9 et de la culture de la cit\u00e9 comtale. En tant que distributeurs de souvenirs chez Ol\u00e9 Mosaic, nous vous proposons des produits authentiques qui c\u00e9l\u00e8brent le riche h\u00e9ritage de chaque destination. Cette coque devient un excellent cadeau ou souvenir pour les touristes qui cherchent \u00e0 emporter un morceau de Barcelone, ce qui en fait un choix id\u00e9al pour les boutiques de cadeaux touristiques et les grossistes \u00e0 la recherche d&rsquo;articles repr\u00e9sentatifs. Avec cette coque de t\u00e9l\u00e9phone, vous pourrez allier style et protection, en vous rappelant toujours les charmes de Barcelone.<\/p>\n","protected":false},"excerpt":{"rendered":"<p>Coque en TPU pour iPhone 13 Pro avec une vue panoramique vibrante de Barcelone. Ce design color\u00e9 montre l&#8217;embl\u00e9matique Sagrada Familia, le soleil radieux et des palmiers, \u00e9voquant l&rsquo;atmosph\u00e8re m\u00e9diterran\u00e9enne de la ville. Les d\u00e9tails artistiques refl\u00e8tent un style moderne et amusant, id\u00e9al pour les amoureux de Barcelone. La coque ne prot\u00e8ge pas seulement le t\u00e9l\u00e9phone, elle ajoute \u00e9galement une touche personnelle \u00e0 votre appareil.<\/p>\n","protected":false},"featured_media":12321,"template":"","meta":{"_acf_changed":false},"product_brand":[],"product_cat":[674],"product_tag":[],"class_list":{"0":"post-26210","1":"product","2":"type-product","3":"status-publish","4":"has-post-thumbnail","6":"product_cat-etuis-pour-telephones-portables","7":"pa_ciudad-barcelona","8":"pa_motivo-panoramas","9":"pa_pais-espana","11":"first","12":"instock","13":"shipping-taxable","14":"product-type-simple"},"acf":[],"_links":{"self":[{"href":"https:\/\/olemosaic.orbitalia.org\/fr\/wp-json\/wp\/v2\/product\/26210","targetHints":{"allow":["GET"]}}],"collection":[{"href":"https:\/\/olemosaic.orbitalia.org\/fr\/wp-json\/wp\/v2\/product"}],"about":[{"href":"https:\/\/olemosaic.orbitalia.org\/fr\/wp-json\/wp\/v2\/types\/product"}],"wp:featuredmedia":[{"embeddable":true,"href":"https:\/\/olemosaic.orbitalia.org\/fr\/wp-json\/wp\/v2\/media\/12321"}],"wp:attachment":[{"href":"https:\/\/olemosaic.orbitalia.org\/fr\/wp-json\/wp\/v2\/media?parent=26210"}],"wp:term":[{"taxonomy":"product_brand","embeddable":true,"href":"https:\/\/olemosaic.orbitalia.org\/fr\/wp-json\/wp\/v2\/product_brand?post=26210"},{"taxonomy":"product_cat","embeddable":true,"href":"https:\/\/olemosaic.orbitalia.org\/fr\/wp-json\/wp\/v2\/product_cat?post=26210"},{"taxonomy":"product_tag","embeddable":true,"href":"https:\/\/olemosaic.orbitalia.org\/fr\/wp-json\/wp\/v2\/product_tag?post=26210"}],"curies":[{"name":"wp","href":"https:\/\/api.w.org\/{rel}","templated":true}]}}