{"id":26207,"date":"2025-02-20T23:28:14","date_gmt":"2025-02-20T22:28:14","guid":{"rendered":"https:\/\/olemosaic.orbitalia.org\/producto\/funda-de-telefono-para-iphone-11-pro-tpu-motivos-marinos-azul\/"},"modified":"2025-07-25T19:26:43","modified_gmt":"2025-07-25T17:26:43","slug":"coque-de-telephone-pour-iphone-11-pro-tpu-motifs-marins-bleu","status":"publish","type":"product","link":"https:\/\/olemosaic.orbitalia.org\/fr\/produit\/coque-de-telephone-pour-iphone-11-pro-tpu-motifs-marins-bleu\/","title":{"rendered":"Coque de t\u00e9l\u00e9phone pour iPhone 11 Pro (TPU). Poissons, tortues et hippocampes. Bleu"},"content":{"rendered":"<p>D\u00e9couvrez la fascination du monde marin avec cette coque pour iPhone 11 Pro, con\u00e7ue sp\u00e9cialement pour les amoureux de la beaut\u00e9 de Majorque. Fabriqu\u00e9e en TPU, ce produit combine une protection exceptionnelle avec un style vibrant, id\u00e9al pour les passionn\u00e9s de nature et des couleurs de l&rsquo;oc\u00e9an. La coque pr\u00e9sente un design sous-marin spectaculaire plein de vie, o\u00f9 des poissons color\u00e9s, des tortues gracieuses et des hippocampes enchanteurs nagent dans un environnement serein. Les tons bleus pr\u00e9dominent, \u00e9voquant les eaux cristallines qui entourent l&rsquo;\u00eele, tandis que les accents multicolores ajoutent une touche artistique et ludique.<\/p>\n<p>Dans la partie inf\u00e9rieure, le nom \u00ab\u00a0Mallorca\u00a0\u00bb est \u00e9l\u00e9gamment int\u00e9gr\u00e9, faisant de cette coque non seulement un accessoire utile, mais aussi un souvenir repr\u00e9sentatif de l&rsquo;\u00eele. Ce produit symbolise la connexion culturelle de Majorque avec la mer, un \u00e9l\u00e9ment central de son identit\u00e9 et de son attrait touristique. En choisissant cette coque, vous ne prot\u00e9gez pas seulement votre appareil, mais vous emportez \u00e9galement avec vous un petit morceau de la beaut\u00e9 m\u00e9diterran\u00e9enne. Chez Ol\u00e9 Mosaic, nous sommes distributeurs de souvenirs en gros, et cette coque est une excellente option pour les boutiques de cadeaux touristiques \u00e0 la recherche de produits authentiques et significatifs. Un souvenir id\u00e9al pour ceux qui souhaitent se souvenir de leur s\u00e9jour sur cette \u00eele paradisiaque.<\/p>\n","protected":false},"excerpt":{"rendered":"<p>Coque de t\u00e9l\u00e9phone pour iPhone 11 Pro fabriqu\u00e9e en TPU, d\u00e9cor\u00e9e de motifs marins vibrants qui \u00e9voquent la beaut\u00e9 des fonds marins de Majorque. Le design montre un paysage sous-marin rempli de poissons color\u00e9s, de tortues et d&rsquo;hippocampes, le tout dans des tons bleus et des accents multicolores qui lui donnent une touche artistique. Avec le nom \u00ab\u00a0Mallorca\u00a0\u00bb en bas, cette coque allie protection et style, id\u00e9ale pour les amoureux de la mer.<\/p>\n","protected":false},"featured_media":13384,"template":"","meta":{"_acf_changed":false},"product_brand":[],"product_cat":[674],"product_tag":[530],"class_list":{"0":"post-26207","1":"product","2":"type-product","3":"status-publish","4":"has-post-thumbnail","6":"product_cat-etuis-pour-telephones-portables","7":"product_tag-animaux","8":"pa_ciudad-mallorca","9":"pa_motivo-animaux-marins","10":"pa_pais-espana","12":"first","13":"instock","14":"shipping-taxable","15":"product-type-simple"},"acf":[],"_links":{"self":[{"href":"https:\/\/olemosaic.orbitalia.org\/fr\/wp-json\/wp\/v2\/product\/26207","targetHints":{"allow":["GET"]}}],"collection":[{"href":"https:\/\/olemosaic.orbitalia.org\/fr\/wp-json\/wp\/v2\/product"}],"about":[{"href":"https:\/\/olemosaic.orbitalia.org\/fr\/wp-json\/wp\/v2\/types\/product"}],"wp:featuredmedia":[{"embeddable":true,"href":"https:\/\/olemosaic.orbitalia.org\/fr\/wp-json\/wp\/v2\/media\/13384"}],"wp:attachment":[{"href":"https:\/\/olemosaic.orbitalia.org\/fr\/wp-json\/wp\/v2\/media?parent=26207"}],"wp:term":[{"taxonomy":"product_brand","embeddable":true,"href":"https:\/\/olemosaic.orbitalia.org\/fr\/wp-json\/wp\/v2\/product_brand?post=26207"},{"taxonomy":"product_cat","embeddable":true,"href":"https:\/\/olemosaic.orbitalia.org\/fr\/wp-json\/wp\/v2\/product_cat?post=26207"},{"taxonomy":"product_tag","embeddable":true,"href":"https:\/\/olemosaic.orbitalia.org\/fr\/wp-json\/wp\/v2\/product_tag?post=26207"}],"curies":[{"name":"wp","href":"https:\/\/api.w.org\/{rel}","templated":true}]}}