{"id":26205,"date":"2025-02-20T22:28:14","date_gmt":"2025-02-20T22:28:14","guid":{"rendered":"https:\/\/olemosaic.orbitalia.org\/producto\/funda-de-telefono-para-iphone-15-pro-tpu-salamandra-negro\/"},"modified":"2025-07-25T19:40:24","modified_gmt":"2025-07-25T17:40:24","slug":"coque-de-telephone-pour-iphone-15-pro-tpu-salamandre-noir","status":"publish","type":"product","link":"https:\/\/olemosaic.orbitalia.org\/fr\/produit\/coque-de-telephone-pour-iphone-15-pro-tpu-salamandre-noir\/","title":{"rendered":"Coque de t\u00e9l\u00e9phone pour iPhone 15 Pro (TPU). Salamandre. Noir"},"content":{"rendered":"<p>D\u00e9couvrez la charmante coque pour iPhone 15 Pro, une v\u00e9ritable pi\u00e8ce d&rsquo;art fonctionnelle qui allie protection et design vibrant. Fabriqu\u00e9e en TPU, cette coque se distingue par son fond noir attrayant qui met en valeur le design complexe de salamandres multicolores. Les salamandres, embl\u00e9matiques de la riche biodiversit\u00e9 et de la faune de la p\u00e9ninsule ib\u00e9rique, sont pr\u00e9sent\u00e9es dans des motifs g\u00e9om\u00e9triques brillants dans les tons rouge, bleu et vert, cr\u00e9ant une symphonie de couleurs qui attirera tous les regards. De plus, les d\u00e9tails de petites fleurs aux couleurs festives apportent une touche de joie et de fra\u00eecheur \u00e0 la coque, la transformant en un v\u00e9ritable objet de d\u00e9sir.<\/p>\n<p>Cette coque n&rsquo;offre pas seulement une protection sup\u00e9rieure pour votre appareil, elle c\u00e9l\u00e8bre \u00e9galement la nature vibrante de la r\u00e9gion, devenant un souvenir id\u00e9al pour les touristes souhaitant emporter un morceau de l&rsquo;essence culturelle et naturelle de l&rsquo;Espagne. Chez Ol\u00e9 Mosaic, nous nous sp\u00e9cialisons dans la distribution de souvenirs en gros, et cette coque est une option parfaite pour les boutiques de cadeaux touristiques cherchant \u00e0 se d\u00e9marquer dans leur offre. Proposez un produit authentique et pertinent qui saura s\u00e9duire ceux qui recherchent des souvenirs uniques et originaux.<\/p>\n","protected":false},"excerpt":{"rendered":"<p>Coque pour iPhone 15 Pro fabriqu\u00e9e en TPU avec un design vibrant de salamandres multicolores. Cet accessoire pr\u00e9sente une base noire qui fait ressortir les motifs d\u00e9coratifs de salamandres aux motifs g\u00e9om\u00e9triques dans des tons brillants de rouge, bleu et vert, accompagn\u00e9s de petites fleurs aux couleurs joyeuses. Id\u00e9al pour ceux qui cherchent \u00e0 prot\u00e9ger leur appareil avec une touche artistique et culturelle, \u00e9voquant la riche biodiversit\u00e9 repr\u00e9sent\u00e9e dans cet ornement charmant.<\/p>\n","protected":false},"featured_media":13032,"template":"","meta":{"_acf_changed":false},"product_brand":[],"product_cat":[674],"product_tag":[530],"class_list":{"0":"post-26205","1":"product","2":"type-product","3":"status-publish","4":"has-post-thumbnail","6":"product_cat-etuis-pour-telephones-portables","7":"product_tag-animaux","8":"pa_motivo-salamandres","10":"first","11":"instock","12":"shipping-taxable","13":"product-type-simple"},"acf":[],"_links":{"self":[{"href":"https:\/\/olemosaic.orbitalia.org\/fr\/wp-json\/wp\/v2\/product\/26205","targetHints":{"allow":["GET"]}}],"collection":[{"href":"https:\/\/olemosaic.orbitalia.org\/fr\/wp-json\/wp\/v2\/product"}],"about":[{"href":"https:\/\/olemosaic.orbitalia.org\/fr\/wp-json\/wp\/v2\/types\/product"}],"wp:featuredmedia":[{"embeddable":true,"href":"https:\/\/olemosaic.orbitalia.org\/fr\/wp-json\/wp\/v2\/media\/13032"}],"wp:attachment":[{"href":"https:\/\/olemosaic.orbitalia.org\/fr\/wp-json\/wp\/v2\/media?parent=26205"}],"wp:term":[{"taxonomy":"product_brand","embeddable":true,"href":"https:\/\/olemosaic.orbitalia.org\/fr\/wp-json\/wp\/v2\/product_brand?post=26205"},{"taxonomy":"product_cat","embeddable":true,"href":"https:\/\/olemosaic.orbitalia.org\/fr\/wp-json\/wp\/v2\/product_cat?post=26205"},{"taxonomy":"product_tag","embeddable":true,"href":"https:\/\/olemosaic.orbitalia.org\/fr\/wp-json\/wp\/v2\/product_tag?post=26205"}],"curies":[{"name":"wp","href":"https:\/\/api.w.org\/{rel}","templated":true}]}}