{"id":26203,"date":"2025-02-20T23:28:13","date_gmt":"2025-02-20T22:28:13","guid":{"rendered":"https:\/\/olemosaic.orbitalia.org\/producto\/4-bols-de-coco-de-13-x-6-cm-isla-tenerife\/"},"modified":"2025-07-25T18:39:57","modified_gmt":"2025-07-25T16:39:57","slug":"4-bols-en-noix-de-coco-13-x-6-cm-ile-de-tenerife","status":"publish","type":"product","link":"https:\/\/olemosaic.orbitalia.org\/fr\/produit\/4-bols-en-noix-de-coco-13-x-6-cm-ile-de-tenerife\/","title":{"rendered":"4 Bols en noix de coco de 13 x 6 cm. \u00cele de Tenerife."},"content":{"rendered":"<p>D\u00e9couvrez ces charmants bols en noix de coco d\u00e9cor\u00e9s, une repr\u00e9sentation unique de l&rsquo;\u00eele de Tenerife, parfaits comme souvenirs authentiques. Chaque bol, de 13 x 6 cm, se distingue par son design \u00e9labor\u00e9, qui combine la texture naturelle de la noix de coco avec les couleurs vibrantes de la mosa\u00efque. Les tons bleu, ivoire, terre cuite et dor\u00e9 cr\u00e9ent un contraste impressionnant, soulignant la beaut\u00e9 des motifs peints \u00e0 la main. Avec des motifs g\u00e9om\u00e9triques et des c\u0153urs sur les bords, chaque bol est une \u0153uvre d&rsquo;art en soi, int\u00e9grant une d\u00e9licate repr\u00e9sentation de Tenerife au centre.<\/p>\n<p>Ce jeu de quatre bols n&rsquo;est pas seulement fonctionnel, il agit \u00e9galement comme une pi\u00e8ce d\u00e9corative attrayante, id\u00e9ale pour tout foyer souhaitant ajouter une touche canarienne. La technique artisanale utilis\u00e9e pour la cr\u00e9ation de ces bols en fait un souvenir exceptionnel, capturant l&rsquo;essence culturelle de Tenerife et sa riche tradition c\u00e9ramique.<\/p>\n<p>En tant que distributeurs de souvenirs en gros, chez Ol\u00e9 Mosaic, nous proposons des produits authentiques qui mettent en valeur la culture et l&rsquo;art locaux. Ces bols en noix de coco, parfaits pour les boutiques de cadeaux touristiques, sont une excellente option pour ceux qui recherchent des souvenirs repr\u00e9sentatifs de leur visite aux Canaries. Avec leur singularit\u00e9 et leur charme, ils constitueront un cadeau m\u00e9morable que chaque acheteur appr\u00e9ciera.<\/p>\n","protected":false},"excerpt":{"rendered":"<p>Quatre bols en noix de coco de 13 x 6 cm, d\u00e9cor\u00e9s de magnifiques mosa\u00efques repr\u00e9sentant l&rsquo;\u00eele de Tenerife. Chaque bol pr\u00e9sente un design unique, avec des couleurs comme le bleu, l&rsquo;ivoire, la terre cuite et le dor\u00e9 qui contrastent avec la texture naturelle de la noix de coco. Les motifs d\u00e9coratifs, peints \u00e0 la main, incluent des c\u0153urs et des motifs g\u00e9om\u00e9triques. Au centre de chaque bol, une d\u00e9licate repr\u00e9sentation de Tenerife en fait un objet id\u00e9al pour la d\u00e9coration ou comme cadeau.<\/p>\n","protected":false},"featured_media":10694,"template":"","meta":{"_acf_changed":false},"product_brand":[],"product_cat":[521],"product_tag":[],"class_list":{"0":"post-26203","1":"product","2":"type-product","3":"status-publish","4":"has-post-thumbnail","6":"product_cat-bols","7":"pa_ciudad-tenerife","8":"pa_motivo-iles","9":"pa_pais-espana","11":"first","12":"instock","13":"shipping-taxable","14":"product-type-simple"},"acf":[],"_links":{"self":[{"href":"https:\/\/olemosaic.orbitalia.org\/fr\/wp-json\/wp\/v2\/product\/26203","targetHints":{"allow":["GET"]}}],"collection":[{"href":"https:\/\/olemosaic.orbitalia.org\/fr\/wp-json\/wp\/v2\/product"}],"about":[{"href":"https:\/\/olemosaic.orbitalia.org\/fr\/wp-json\/wp\/v2\/types\/product"}],"wp:featuredmedia":[{"embeddable":true,"href":"https:\/\/olemosaic.orbitalia.org\/fr\/wp-json\/wp\/v2\/media\/10694"}],"wp:attachment":[{"href":"https:\/\/olemosaic.orbitalia.org\/fr\/wp-json\/wp\/v2\/media?parent=26203"}],"wp:term":[{"taxonomy":"product_brand","embeddable":true,"href":"https:\/\/olemosaic.orbitalia.org\/fr\/wp-json\/wp\/v2\/product_brand?post=26203"},{"taxonomy":"product_cat","embeddable":true,"href":"https:\/\/olemosaic.orbitalia.org\/fr\/wp-json\/wp\/v2\/product_cat?post=26203"},{"taxonomy":"product_tag","embeddable":true,"href":"https:\/\/olemosaic.orbitalia.org\/fr\/wp-json\/wp\/v2\/product_tag?post=26203"}],"curies":[{"name":"wp","href":"https:\/\/api.w.org\/{rel}","templated":true}]}}