{"id":26195,"date":"2025-02-20T23:28:13","date_gmt":"2025-02-20T22:28:13","guid":{"rendered":"https:\/\/olemosaic.orbitalia.org\/producto\/bol-de-coco-naranja-salamandra\/"},"modified":"2025-07-25T20:25:23","modified_gmt":"2025-07-25T18:25:23","slug":"bol-en-noix-de-coco-orange-salamandre","status":"publish","type":"product","link":"https:\/\/olemosaic.orbitalia.org\/fr\/produit\/bol-en-noix-de-coco-orange-salamandre\/","title":{"rendered":"Bol en noix de coco orange. Salamandre."},"content":{"rendered":"<p>D\u00e9couvrez ce spectaculaire bol en noix de coco orange d\u00e9cor\u00e9 d&rsquo;une d\u00e9licate salamandre, une pi\u00e8ce artisanale qui capture l&rsquo;essence du riche h\u00e9ritage culturel de la r\u00e9gion. Ce magnifique bol, fabriqu\u00e9 \u00e0 partir d&rsquo;une coque de noix de coco, pr\u00e9sente une finition brillante dans des tons orange vibrants qui accentuent son design unique et attrayant. Au centre, une salamandre \u00e0 effet peint \u00e0 la main avec beaucoup de d\u00e9tails symbolise la faune locale et apporte une touche distinctive \u00e0 l&rsquo;\u0153uvre, cr\u00e9ant un lien direct avec la nature qui entoure cette r\u00e9gion.<\/p>\n<p>La surface du bol est orn\u00e9e de motifs complexes qui \u00e9voquent des textures naturelles, transformant cette pi\u00e8ce en un bel \u00e9l\u00e9ment d\u00e9coratif ou fonctionnel pour n&rsquo;importe quel foyer. Id\u00e9al pour servir des ap\u00e9ritifs ou simplement comme objet de d\u00e9coration, ce bol ne remplit pas seulement une fonction pratique, mais agit \u00e9galement comme un souvenir culturel significatif.<\/p>\n<p>Chez Ol\u00e9 Mosaic, nous sommes fiers de proposer des souvenirs authentiques qui repr\u00e9sentent la diversit\u00e9 culturelle de l&rsquo;Espagne et du Portugal. Ce bol en noix de coco est une excellente option pour les boutiques de cadeaux touristiques qui recherchent des produits de haute qualit\u00e9 et au design artisanal. Avec sa singularit\u00e9 et son authenticit\u00e9, il devient un souvenir parfait qui ravira les touristes \u00e0 la recherche d&rsquo;un souvenir refl\u00e9tant la beaut\u00e9 et la tradition de la r\u00e9gion. En tant que distributeurs de souvenirs, nous garantissons que chaque pi\u00e8ce est un t\u00e9moignage de l&rsquo;artisanat local riche.<\/p>\n","protected":false},"excerpt":{"rendered":"<p>Bol en noix de coco orange d\u00e9cor\u00e9 d&rsquo;une d\u00e9licate salamandre, repr\u00e9sentant le riche artisanat de la r\u00e9gion. Ce pr\u00e9cieux bol, fabriqu\u00e9 \u00e0 partir d&rsquo;une coque de noix de coco, arbore une finition brillante dans des tons orange qui rehausse son design. La salamandre, au design artisanal et peinte \u00e0 la main, avec un style refl\u00e9tant la faune locale, lui donne une touche distinctive. Sa surface pr\u00e9sente des motifs complexes \u00e9voquant la nature, en faisant un \u00e9l\u00e9ment d\u00e9coratif ou fonctionnel.<\/p>\n","protected":false},"featured_media":10070,"template":"","meta":{"_acf_changed":false},"product_brand":[],"product_cat":[521],"product_tag":[530],"class_list":{"0":"post-26195","1":"product","2":"type-product","3":"status-publish","4":"has-post-thumbnail","6":"product_cat-bols","7":"product_tag-animaux","8":"pa_motivo-salamandres","10":"first","11":"instock","12":"shipping-taxable","13":"product-type-simple"},"acf":[],"_links":{"self":[{"href":"https:\/\/olemosaic.orbitalia.org\/fr\/wp-json\/wp\/v2\/product\/26195","targetHints":{"allow":["GET"]}}],"collection":[{"href":"https:\/\/olemosaic.orbitalia.org\/fr\/wp-json\/wp\/v2\/product"}],"about":[{"href":"https:\/\/olemosaic.orbitalia.org\/fr\/wp-json\/wp\/v2\/types\/product"}],"wp:featuredmedia":[{"embeddable":true,"href":"https:\/\/olemosaic.orbitalia.org\/fr\/wp-json\/wp\/v2\/media\/10070"}],"wp:attachment":[{"href":"https:\/\/olemosaic.orbitalia.org\/fr\/wp-json\/wp\/v2\/media?parent=26195"}],"wp:term":[{"taxonomy":"product_brand","embeddable":true,"href":"https:\/\/olemosaic.orbitalia.org\/fr\/wp-json\/wp\/v2\/product_brand?post=26195"},{"taxonomy":"product_cat","embeddable":true,"href":"https:\/\/olemosaic.orbitalia.org\/fr\/wp-json\/wp\/v2\/product_cat?post=26195"},{"taxonomy":"product_tag","embeddable":true,"href":"https:\/\/olemosaic.orbitalia.org\/fr\/wp-json\/wp\/v2\/product_tag?post=26195"}],"curies":[{"name":"wp","href":"https:\/\/api.w.org\/{rel}","templated":true}]}}