{"id":26193,"date":"2025-02-20T23:28:13","date_gmt":"2025-02-20T22:28:13","guid":{"rendered":"https:\/\/olemosaic.orbitalia.org\/producto\/plato-de-ceramica-de-15-cm-marbella-azul\/"},"modified":"2025-07-25T19:46:13","modified_gmt":"2025-07-25T17:46:13","slug":"assiette-en-ceramique-de-15-cm-marbella-bleu","status":"publish","type":"product","link":"https:\/\/olemosaic.orbitalia.org\/fr\/produit\/assiette-en-ceramique-de-15-cm-marbella-bleu\/","title":{"rendered":"Assiette en c\u00e9ramique de 15 cm. Marbella. Bleu."},"content":{"rendered":"<p>D\u00e9couvrez cette charmante assiette en c\u00e9ramique de 15 cm, un authentique souvenir de Marbella qui capture l&rsquo;essence de la Costa del Sol. Son fond bleu brillant vibrant sert de base \u00e0 une mosa\u00efque color\u00e9e illustrant une sc\u00e8ne typique andalouse, o\u00f9 le nom \u00ab\u00a0MARBELLA\u00a0\u00bb se d\u00e9tache en lettres blanches, \u00e9voquant l&rsquo;identit\u00e9 de cette belle ville. Dans l&rsquo;illustration, un arbre feuillu et une fontaine \u00e9l\u00e9gante ajoutent une touche culturelle et photog\u00e9nique, rappelant les beaux coins de la localit\u00e9 qui attirent des touristes du monde entier. Cette assiette n&rsquo;est pas seulement un \u00e9l\u00e9ment d\u00e9coratif polyvalent, id\u00e9al pour embellir votre maison, mais elle fonctionne \u00e9galement comme un souvenir significatif de vos voyages, vous permettant de revivre l&rsquo;atmosph\u00e8re vibrante de Marbella chaque jour.<\/p>\n<p>En tant que distributeurs de souvenirs en gros, chez Ol\u00e9 Mosaic, nous proposons des produits qui refl\u00e8tent la riche culture espagnole. Cette assiette en c\u00e9ramique est une excellente option pour les boutiques de cadeaux touristiques qui recherchent des souvenirs authentiques de Marbella, ajoutant une touche artistique et culturelle \u00e0 leur collection. Un cadeau parfait pour ceux qui souhaitent emporter un morceau d&rsquo;Andalousie avec eux, cette assiette incarne l&rsquo;authenticit\u00e9 et l&rsquo;esprit de la r\u00e9gion, en faisant un souvenir inoubliable.<\/p>\n","protected":false},"excerpt":{"rendered":"<p>Assiette en c\u00e9ramique de 15 cm, d\u00e9cor\u00e9e d&rsquo;un design vibrant qui capture l&rsquo;essence de Marbella. Cette assiette originale pr\u00e9sente un fond bleu brillant et une mosa\u00efque color\u00e9e illustrant une sc\u00e8ne typique andalouse, mettant en avant le nom \u00ab\u00a0MARBELLA\u00a0\u00bb en lettres blanches. Des \u00e9l\u00e9ments tels qu&rsquo;un arbre et une fontaine dans l&rsquo;environnement ajoutent une touche culturelle. Parfaite comme \u00e9l\u00e9ment d\u00e9coratif ou pour se souvenir de vos voyages sur la Costa del Sol.<\/p>\n","protected":false},"featured_media":9917,"template":"","meta":{"_acf_changed":false},"product_brand":[],"product_cat":[656],"product_tag":[585],"class_list":{"0":"post-26193","1":"product","2":"type-product","3":"status-publish","4":"has-post-thumbnail","6":"product_cat-assiettes-decoratives","7":"product_tag-ceramique","8":"pa_ciudad-marbella","9":"pa_pais-espana","11":"first","12":"instock","13":"shipping-taxable","14":"product-type-simple"},"acf":[],"_links":{"self":[{"href":"https:\/\/olemosaic.orbitalia.org\/fr\/wp-json\/wp\/v2\/product\/26193","targetHints":{"allow":["GET"]}}],"collection":[{"href":"https:\/\/olemosaic.orbitalia.org\/fr\/wp-json\/wp\/v2\/product"}],"about":[{"href":"https:\/\/olemosaic.orbitalia.org\/fr\/wp-json\/wp\/v2\/types\/product"}],"wp:featuredmedia":[{"embeddable":true,"href":"https:\/\/olemosaic.orbitalia.org\/fr\/wp-json\/wp\/v2\/media\/9917"}],"wp:attachment":[{"href":"https:\/\/olemosaic.orbitalia.org\/fr\/wp-json\/wp\/v2\/media?parent=26193"}],"wp:term":[{"taxonomy":"product_brand","embeddable":true,"href":"https:\/\/olemosaic.orbitalia.org\/fr\/wp-json\/wp\/v2\/product_brand?post=26193"},{"taxonomy":"product_cat","embeddable":true,"href":"https:\/\/olemosaic.orbitalia.org\/fr\/wp-json\/wp\/v2\/product_cat?post=26193"},{"taxonomy":"product_tag","embeddable":true,"href":"https:\/\/olemosaic.orbitalia.org\/fr\/wp-json\/wp\/v2\/product_tag?post=26193"}],"curies":[{"name":"wp","href":"https:\/\/api.w.org\/{rel}","templated":true}]}}