{"id":26148,"date":"2025-02-20T23:28:12","date_gmt":"2025-02-20T22:28:12","guid":{"rendered":"https:\/\/olemosaic.orbitalia.org\/producto\/bol-de-coco-azul-abanico\/"},"modified":"2025-07-25T19:05:33","modified_gmt":"2025-07-25T17:05:33","slug":"bol-noix-de-coco-bleu-eventail","status":"publish","type":"product","link":"https:\/\/olemosaic.orbitalia.org\/fr\/produit\/bol-noix-de-coco-bleu-eventail\/","title":{"rendered":"Bol en noix de coco bleu. \u00c9ventail. Mosa\u00efque de c\u0153urs"},"content":{"rendered":"<p>D\u00e9couvrez ce charmant bol en noix de coco bleu, un souvenir authentique qui capture l&rsquo;essence de la culture espagnole. Fabriqu\u00e9 \u00e0 partir d&rsquo;une coque de noix de coco, ce bol pr\u00e9sente un design unique avec un fond clair o\u00f9 se d\u00e9tachent des mosa\u00efques aux couleurs vibrantes, formant des c\u0153urs qui apportent joie et chaleur. Au centre, un \u00e9l\u00e9gant \u00e9ventail, symbole embl\u00e9matique de l&rsquo;art et de la tradition en Espagne, ajoute une touche sp\u00e9ciale \u00e0 la pi\u00e8ce, \u00e9voquant l&rsquo;histoire du flamenco et de la vie andalouse.<\/p>\n<p>La finition polie du bol rehausse ses nuances bleues, cr\u00e9ant un contraste harmonieux avec les couleurs vives des c\u0153urs qui ornent son p\u00e9rim\u00e8tre. C&rsquo;est une pi\u00e8ce d\u00e9corative id\u00e9ale pour n&rsquo;importe quel espace, que ce soit \u00e0 la maison ou comme cadeau sp\u00e9cial. Ce bol n&rsquo;est pas seulement un objet fonctionnel, mais un t\u00e9moignage de l&rsquo;art et de la culture de l&rsquo;Espagne, parfait pour les touristes \u00e0 la recherche de souvenirs authentiques et repr\u00e9sentatifs de leur visite.<\/p>\n<p>Chez Ol\u00e9 Mosaic, notre engagement est d&rsquo;offrir des pi\u00e8ces artisanales qui refl\u00e8tent le riche h\u00e9ritage culturel du pays. Ce bol en noix de coco bleu est une excellente option pour les boutiques de cadeaux touristiques qui souhaitent proposer des produits originaux et de qualit\u00e9. En tant que grossiste de souvenirs, nous garantissons l&rsquo;authenticit\u00e9 et un design exclusif dans chaque pi\u00e8ce, faisant de ce bol un choix parfait pour ceux qui cherchent \u00e0 emporter un fragment de la culture espagnole avec eux.<\/p>\n","protected":false},"excerpt":{"rendered":"<p>Bol en noix de coco bleu d\u00e9cor\u00e9 d&rsquo;un design charmant inspir\u00e9 de la culture espagnole. Ce bol, fabriqu\u00e9 \u00e0 partir d&rsquo;une coque de noix de coco, pr\u00e9sente un fond clair orn\u00e9 de mosa\u00efques color\u00e9es formant des c\u0153urs et un \u00e9l\u00e9gant \u00e9ventail au centre. Avec une finition polie qui rehausse ses nuances bleues et les tons vibrants des c\u0153urs, il est parfait pour d\u00e9corer et apporter une touche de joie \u00e0 n&rsquo;importe quel espace. Id\u00e9al pour ceux qui recherchent un souvenir authentique et artisanal.<\/p>\n","protected":false},"featured_media":10303,"template":"","meta":{"_acf_changed":false},"product_brand":[],"product_cat":[521],"product_tag":[],"class_list":{"0":"post-26148","1":"product","2":"type-product","3":"status-publish","4":"has-post-thumbnail","6":"product_cat-bols","8":"first","9":"instock","10":"shipping-taxable","11":"product-type-simple"},"acf":[],"_links":{"self":[{"href":"https:\/\/olemosaic.orbitalia.org\/fr\/wp-json\/wp\/v2\/product\/26148","targetHints":{"allow":["GET"]}}],"collection":[{"href":"https:\/\/olemosaic.orbitalia.org\/fr\/wp-json\/wp\/v2\/product"}],"about":[{"href":"https:\/\/olemosaic.orbitalia.org\/fr\/wp-json\/wp\/v2\/types\/product"}],"wp:featuredmedia":[{"embeddable":true,"href":"https:\/\/olemosaic.orbitalia.org\/fr\/wp-json\/wp\/v2\/media\/10303"}],"wp:attachment":[{"href":"https:\/\/olemosaic.orbitalia.org\/fr\/wp-json\/wp\/v2\/media?parent=26148"}],"wp:term":[{"taxonomy":"product_brand","embeddable":true,"href":"https:\/\/olemosaic.orbitalia.org\/fr\/wp-json\/wp\/v2\/product_brand?post=26148"},{"taxonomy":"product_cat","embeddable":true,"href":"https:\/\/olemosaic.orbitalia.org\/fr\/wp-json\/wp\/v2\/product_cat?post=26148"},{"taxonomy":"product_tag","embeddable":true,"href":"https:\/\/olemosaic.orbitalia.org\/fr\/wp-json\/wp\/v2\/product_tag?post=26148"}],"curies":[{"name":"wp","href":"https:\/\/api.w.org\/{rel}","templated":true}]}}