{"id":26145,"date":"2025-02-20T22:28:12","date_gmt":"2025-02-20T22:28:12","guid":{"rendered":"https:\/\/olemosaic.orbitalia.org\/producto\/funda-de-telefono-para-samsung-a54-tpu-forjas-azul\/"},"modified":"2025-07-25T18:47:42","modified_gmt":"2025-07-25T16:47:42","slug":"coque-de-telephone-pour-samsung-a54-tpu-forges-bleu","status":"publish","type":"product","link":"https:\/\/olemosaic.orbitalia.org\/fr\/produit\/coque-de-telephone-pour-samsung-a54-tpu-forges-bleu\/","title":{"rendered":"Coque de t\u00e9l\u00e9phone pour Samsung A54 (TPU). Forges. Bleu"},"content":{"rendered":"<p>D\u00e9couvrez cette \u00e9l\u00e9gante coque pour Samsung A54, fabriqu\u00e9e en TPU, qui offre une protection exceptionnelle tout en ajoutant une touche distinctive et culturelle \u00e0 votre appareil. La coque pr\u00e9sente un design exquis de forges blanches sur un fond bleu profond, \u00e9voquant la riche tradition artistique de l&rsquo;architecture espagnole. Ce motif complexe apporte non seulement un air de sophistication, mais rend \u00e9galement hommage aux d\u00e9corations traditionnelles pr\u00e9sentes dans de nombreux b\u00e2timents historiques de la p\u00e9ninsule. Son mat\u00e9riau flexible garantit durabilit\u00e9 et un ajustement parfait, prot\u00e9geant votre t\u00e9l\u00e9phone des chocs et des chutes sans sacrifier le style.<\/p>\n<p>La combinaison du bleu intense avec les d\u00e9licates forges blanches cr\u00e9e un contraste visuel attrayant, faisant de cette coque un v\u00e9ritable souvenir culturel qui souligne la beaut\u00e9 de l&rsquo;art populaire et l&rsquo;h\u00e9ritage architectural du sud de l&rsquo;Europe. Cette coque est une excellente id\u00e9e pour les touristes \u00e0 la recherche de souvenirs refl\u00e9tant l&rsquo;authenticit\u00e9 et l&rsquo;essence de leur exp\u00e9rience en Espagne. Chez Ol\u00e9 Mosaic, nous sommes sp\u00e9cialistes de la distribution de souvenirs en gros, et cette coque est un exemple parfait de la fa\u00e7on dont le design contemporain peut fusionner avec la tradition. Id\u00e9al pour les boutiques de cadeaux touristiques cherchant \u00e0 proposer des produits uniques et repr\u00e9sentatifs de la culture espagnole.<\/p>\n","protected":false},"excerpt":{"rendered":"<p>Coque pour t\u00e9l\u00e9phone Samsung A54 fabriqu\u00e9e en TPU, d\u00e9cor\u00e9e d&rsquo;un \u00e9l\u00e9gant design de forge en couleur blanche sur un fond bleu fonc\u00e9. Cette coque pr\u00e9sente un motif complexe qui refl\u00e8te la beaut\u00e9 de l&rsquo;art architectural traditionnel, id\u00e9al pour prot\u00e9ger votre appareil et ajouter une touche distinctive et culturelle. Son mat\u00e9riau flexible offre durabilit\u00e9 et un ajustement parfait, assurant que votre t\u00e9l\u00e9phone soit prot\u00e9g\u00e9 et stylis\u00e9.<\/p>\n","protected":false},"featured_media":12588,"template":"","meta":{"_acf_changed":false},"product_brand":[],"product_cat":[674],"product_tag":[],"class_list":{"0":"post-26145","1":"product","2":"type-product","3":"status-publish","4":"has-post-thumbnail","6":"product_cat-etuis-pour-telephones-portables","7":"pa_motivo-forges","9":"first","10":"instock","11":"shipping-taxable","12":"product-type-simple"},"acf":[],"_links":{"self":[{"href":"https:\/\/olemosaic.orbitalia.org\/fr\/wp-json\/wp\/v2\/product\/26145","targetHints":{"allow":["GET"]}}],"collection":[{"href":"https:\/\/olemosaic.orbitalia.org\/fr\/wp-json\/wp\/v2\/product"}],"about":[{"href":"https:\/\/olemosaic.orbitalia.org\/fr\/wp-json\/wp\/v2\/types\/product"}],"wp:featuredmedia":[{"embeddable":true,"href":"https:\/\/olemosaic.orbitalia.org\/fr\/wp-json\/wp\/v2\/media\/12588"}],"wp:attachment":[{"href":"https:\/\/olemosaic.orbitalia.org\/fr\/wp-json\/wp\/v2\/media?parent=26145"}],"wp:term":[{"taxonomy":"product_brand","embeddable":true,"href":"https:\/\/olemosaic.orbitalia.org\/fr\/wp-json\/wp\/v2\/product_brand?post=26145"},{"taxonomy":"product_cat","embeddable":true,"href":"https:\/\/olemosaic.orbitalia.org\/fr\/wp-json\/wp\/v2\/product_cat?post=26145"},{"taxonomy":"product_tag","embeddable":true,"href":"https:\/\/olemosaic.orbitalia.org\/fr\/wp-json\/wp\/v2\/product_tag?post=26145"}],"curies":[{"name":"wp","href":"https:\/\/api.w.org\/{rel}","templated":true}]}}