{"id":26135,"date":"2025-02-20T23:28:11","date_gmt":"2025-02-20T22:28:11","guid":{"rendered":"https:\/\/olemosaic.orbitalia.org\/producto\/iman-de-metal-bailaora-8-cm\/"},"modified":"2025-07-25T19:22:19","modified_gmt":"2025-07-25T17:22:19","slug":"aimant-metal-danseuse-flamenco-8-cm","status":"publish","type":"product","link":"https:\/\/olemosaic.orbitalia.org\/fr\/produit\/aimant-metal-danseuse-flamenco-8-cm\/","title":{"rendered":"Aimant en m\u00e9tal. Danseuse de flamenco. 8 cm. Espagne."},"content":{"rendered":"<p>D\u00e9couvrez ce charmant aimant en m\u00e9tal de 8 cm, une repr\u00e9sentation authentique de la culture espagnole montrant une danseuse de flamenco avec une robe vibrante. Cette pi\u00e8ce, m\u00e9ticuleusement peinte \u00e0 la main, met en valeur l&rsquo;art du flamenco \u00e0 travers l&rsquo;explosion de couleurs de son v\u00eatement et les \u00e9l\u00e9ments en mosa\u00efque qui ornent sa silhouette. La danseuse, dans une pose dynamique et expressive, semble prendre vie sur un fond bleu serein qui rehausse sa beaut\u00e9 et son mouvement. Dans la partie sup\u00e9rieure, le texte \u00ab\u00a0ESPAGNE\u00a0\u00bb est pr\u00e9sent\u00e9 avec des lettres color\u00e9es et en gras, renfor\u00e7ant son symbolisme en tant que souvenir culturel.<\/p>\n<p>Cet aimant n&rsquo;est pas seulement un excellent ajout \u00e0 toute collection de souvenirs, il capture \u00e9galement l&rsquo;essence de la tradition espagnole, devenant un cadeau id\u00e9al pour les touristes qui cherchent \u00e0 emporter un morceau de la passion et de l&rsquo;art flamenco. Son design unique et color\u00e9 en fait un objet d\u00e9coratif parfait pour la maison, qui \u00e9voquera les souvenirs d&rsquo;une exp\u00e9rience inoubliable en Espagne. Chez Ol\u00e9 Mosaic, nous sommes distributeurs de souvenirs en gros, et cet aimant de danseuse de flamenco est une option exceptionnelle pour les boutiques de cadeaux touristiques qui souhaitent offrir des produits authentiques et repr\u00e9sentatifs de la riche culture espagnole. Attirez vos clients avec cet aimant flamenco, un rappel vibrant de la majest\u00e9 de l&rsquo;art espagnol.<\/p>\n","protected":false},"excerpt":{"rendered":"<p>Aimant m\u00e9tallique de 8 cm illustr\u00e9 d&rsquo;une danseuse de flamenco v\u00eatue d&rsquo;une robe vibrante, \u00e9voquant l&rsquo;esprit culturel de l&rsquo;Espagne. La danseuse, orn\u00e9e d&rsquo;\u00e9l\u00e9ments color\u00e9s et de d\u00e9tails en mosa\u00efque, se d\u00e9tache sur un fond bleu avec le mot \u00ab\u00a0ESPAGNE\u00a0\u00bb. Cet aimant, au design artisanal peint \u00e0 la main, capture l&rsquo;essence et la majest\u00e9 du flamenco, devenant un souvenir unique et attrayant de la tradition espagnole. Id\u00e9al pour les collectionneurs et les amoureux de la culture.<\/p>\n","protected":false},"featured_media":10026,"template":"","meta":{"_acf_changed":false},"product_brand":[],"product_cat":[697],"product_tag":[],"class_list":{"0":"post-26135","1":"product","2":"type-product","3":"status-publish","4":"has-post-thumbnail","6":"product_cat-aimants","7":"pa_motivo-danseurs","9":"first","10":"instock","11":"shipping-taxable","12":"product-type-simple"},"acf":[],"_links":{"self":[{"href":"https:\/\/olemosaic.orbitalia.org\/fr\/wp-json\/wp\/v2\/product\/26135","targetHints":{"allow":["GET"]}}],"collection":[{"href":"https:\/\/olemosaic.orbitalia.org\/fr\/wp-json\/wp\/v2\/product"}],"about":[{"href":"https:\/\/olemosaic.orbitalia.org\/fr\/wp-json\/wp\/v2\/types\/product"}],"wp:featuredmedia":[{"embeddable":true,"href":"https:\/\/olemosaic.orbitalia.org\/fr\/wp-json\/wp\/v2\/media\/10026"}],"wp:attachment":[{"href":"https:\/\/olemosaic.orbitalia.org\/fr\/wp-json\/wp\/v2\/media?parent=26135"}],"wp:term":[{"taxonomy":"product_brand","embeddable":true,"href":"https:\/\/olemosaic.orbitalia.org\/fr\/wp-json\/wp\/v2\/product_brand?post=26135"},{"taxonomy":"product_cat","embeddable":true,"href":"https:\/\/olemosaic.orbitalia.org\/fr\/wp-json\/wp\/v2\/product_cat?post=26135"},{"taxonomy":"product_tag","embeddable":true,"href":"https:\/\/olemosaic.orbitalia.org\/fr\/wp-json\/wp\/v2\/product_tag?post=26135"}],"curies":[{"name":"wp","href":"https:\/\/api.w.org\/{rel}","templated":true}]}}