{"id":26133,"date":"2025-02-20T22:28:10","date_gmt":"2025-02-20T22:28:10","guid":{"rendered":"https:\/\/olemosaic.orbitalia.org\/producto\/bol-de-coco-isla-lanzarote\/"},"modified":"2025-07-25T18:52:31","modified_gmt":"2025-07-25T16:52:31","slug":"bol-noix-de-coco-ile-lanzarote","status":"publish","type":"product","link":"https:\/\/olemosaic.orbitalia.org\/fr\/produit\/bol-noix-de-coco-ile-lanzarote\/","title":{"rendered":"Bol en noix de coco. \u00cele. Lanzarote."},"content":{"rendered":"<p>D\u00e9couvrez le charmant bol d\u00e9coratif en noix de coco, une repr\u00e9sentation exquise de la beaut\u00e9 naturelle de Lanzarote. Cet article innovant, \u00e9labor\u00e9 avec soin, pr\u00e9sente un design en mosa\u00efque combinant des tons vibrants de bleu, rose et dor\u00e9. La forme ovale du bol \u00e9voque les lignes douces de l&rsquo;\u00eele, refl\u00e9tant son environnement tropical. Au centre, la silhouette de Lanzarote, imprim\u00e9e en marron, ajoute une touche distinctive qui souligne son authenticit\u00e9 en tant que souvenir. Cette pi\u00e8ce n&rsquo;est pas seulement fonctionnelle, id\u00e9ale pour servir ou ranger de petits objets, mais c&rsquo;est aussi une magnifique pi\u00e8ce d\u00e9corative qui capture l&rsquo;essence de la culture canarienne.<\/p>\n<p>La connexion culturelle de ce bol avec Lanzarote se refl\u00e8te dans son design, qui rappelle les plages et les paysages embl\u00e9matiques de l&rsquo;\u00eele, chaque couleur \u00e9voquant les vues vibrantes qui attirent les touristes du monde entier. Ce bol en noix de coco est, sans aucun doute, une excellente option pour ceux qui recherchent des souvenirs authentiques et repr\u00e9sentatifs de leur voyage. Chez Ol\u00e9 Mosaic, nous nous consacrons \u00e0 la distribution de souvenirs en gros, offrant des articles uniques qui c\u00e9l\u00e8brent la richesse du patrimoine espagnol. Ce bol d\u00e9coratif en noix de coco est le cadeau parfait pour les boutiques de cadeaux touristiques souhaitant offrir \u00e0 leurs clients un morceau de Lanzarote qui dure dans le temps.<\/p>\n","protected":false},"excerpt":{"rendered":"<p>Bol en noix de coco d\u00e9coratif, inspir\u00e9 par la beaut\u00e9 de Lanzarote. \u00c9labor\u00e9 avec un design en mosa\u00efque aux tons vibrants de bleu, rose et dor\u00e9, ce bol pr\u00e9sente une forme ovale qui \u00e9voque la nature insulaire. Au centre, la silhouette de l&rsquo;\u00eele de Lanzarote imprim\u00e9e en marron se d\u00e9tache, apportant une touche distinctive. Id\u00e9al pour un usage fonctionnel ou comme pi\u00e8ce d\u00e9corative, il refl\u00e8te le charme de son environnement naturel et culturel.<\/p>\n","protected":false},"featured_media":11973,"template":"","meta":{"_acf_changed":false},"product_brand":[],"product_cat":[521],"product_tag":[],"class_list":{"0":"post-26133","1":"product","2":"type-product","3":"status-publish","4":"has-post-thumbnail","6":"product_cat-bols","7":"pa_ciudad-lanzarote","8":"pa_motivo-iles","9":"pa_pais-espana","11":"first","12":"instock","13":"shipping-taxable","14":"product-type-simple"},"acf":[],"_links":{"self":[{"href":"https:\/\/olemosaic.orbitalia.org\/fr\/wp-json\/wp\/v2\/product\/26133","targetHints":{"allow":["GET"]}}],"collection":[{"href":"https:\/\/olemosaic.orbitalia.org\/fr\/wp-json\/wp\/v2\/product"}],"about":[{"href":"https:\/\/olemosaic.orbitalia.org\/fr\/wp-json\/wp\/v2\/types\/product"}],"wp:featuredmedia":[{"embeddable":true,"href":"https:\/\/olemosaic.orbitalia.org\/fr\/wp-json\/wp\/v2\/media\/11973"}],"wp:attachment":[{"href":"https:\/\/olemosaic.orbitalia.org\/fr\/wp-json\/wp\/v2\/media?parent=26133"}],"wp:term":[{"taxonomy":"product_brand","embeddable":true,"href":"https:\/\/olemosaic.orbitalia.org\/fr\/wp-json\/wp\/v2\/product_brand?post=26133"},{"taxonomy":"product_cat","embeddable":true,"href":"https:\/\/olemosaic.orbitalia.org\/fr\/wp-json\/wp\/v2\/product_cat?post=26133"},{"taxonomy":"product_tag","embeddable":true,"href":"https:\/\/olemosaic.orbitalia.org\/fr\/wp-json\/wp\/v2\/product_tag?post=26133"}],"curies":[{"name":"wp","href":"https:\/\/api.w.org\/{rel}","templated":true}]}}