{"id":26131,"date":"2025-02-20T23:28:10","date_gmt":"2025-02-20T22:28:10","guid":{"rendered":"https:\/\/olemosaic.orbitalia.org\/producto\/bol-de-coco-azul-caballito-de-mar\/"},"modified":"2025-07-25T19:22:01","modified_gmt":"2025-07-25T17:22:01","slug":"bol-noix-de-coco-bleu-hippocampe","status":"publish","type":"product","link":"https:\/\/olemosaic.orbitalia.org\/fr\/produit\/bol-noix-de-coco-bleu-hippocampe\/","title":{"rendered":"Bol en noix de coco bleu. Hippocampe. D\u00e9tails blanc et cuivre."},"content":{"rendered":"<p>D\u00e9couvrez le charmant bol en noix de coco bleu d\u00e9cor\u00e9 d&rsquo;un \u00e9l\u00e9gant hippocampe, une pi\u00e8ce artisanale qui capture l&rsquo;essence de l&rsquo;oc\u00e9an. Ce bol exquis pr\u00e9sente un design ovale, avec des tons bleus et blancs rappelant les vagues de la mer, faisant de chaque regard une exp\u00e9rience visuelle rafra\u00eechissante. La base de la pi\u00e8ce, avec sa finition brillante et polie, renforce l&rsquo;illusion de profondeur et de mouvement qui caract\u00e9rise l&rsquo;eau. Au centre, se d\u00e9tache la figure de l&rsquo;hippocampe, dans un ton cuivre attrayant, qui apporte une touche de sophistication et de chaleur \u00e0 la d\u00e9coration.<\/p>\n<p>Ce bol n&rsquo;est pas seulement une pi\u00e8ce d\u00e9corative ; c&rsquo;est une repr\u00e9sentation authentique de la vie marine et une manifestation artistique de la tradition artisanale. Id\u00e9al pour ranger de petits objets ou simplement comme un \u00e9l\u00e9ment d\u00e9coratif attrayant, ce bol en noix de coco bleu est un souvenir parfait qui \u00e9voque la beaut\u00e9 de la c\u00f4te et sa riche biodiversit\u00e9. Chez Ol\u00e9 Mosaic, nous sommes distributeurs de souvenirs en gros, et ce bol est une excellente option pour les boutiques de cadeaux touristiques qui cherchent \u00e0 offrir des produits uniques et pertinents. Un souvenir qui non seulement d\u00e9core, mais raconte aussi l&rsquo;histoire et la culture de l&rsquo;environnement marin, faisant de chaque achat une exp\u00e9rience m\u00e9morable pour les touristes.<\/p>\n","protected":false},"excerpt":{"rendered":"<p>Bol en noix de coco bleu d\u00e9cor\u00e9 d&rsquo;un \u00e9l\u00e9gant hippocampe, repr\u00e9sentant la beaut\u00e9 de l&rsquo;oc\u00e9an. Ce bol artisanal pr\u00e9sente un design aux formes ovales dans des tons bleus et blancs, avec des d\u00e9tails \u00e9voquant les vagues de la mer. La figure de l&rsquo;hippocampe, de couleur cuivre, se d\u00e9tache au centre, compl\u00e9tant la finition brillante et polie du bol. Id\u00e9al comme pi\u00e8ce d\u00e9corative ou pour ranger de petits objets, il capture l&rsquo;essence marine de la c\u00f4te.<\/p>\n","protected":false},"featured_media":11837,"template":"","meta":{"_acf_changed":false},"product_brand":[],"product_cat":[521],"product_tag":[530],"class_list":{"0":"post-26131","1":"product","2":"type-product","3":"status-publish","4":"has-post-thumbnail","6":"product_cat-bols","7":"product_tag-animaux","8":"pa_motivo-hippocampes","10":"first","11":"instock","12":"shipping-taxable","13":"product-type-simple"},"acf":[],"_links":{"self":[{"href":"https:\/\/olemosaic.orbitalia.org\/fr\/wp-json\/wp\/v2\/product\/26131","targetHints":{"allow":["GET"]}}],"collection":[{"href":"https:\/\/olemosaic.orbitalia.org\/fr\/wp-json\/wp\/v2\/product"}],"about":[{"href":"https:\/\/olemosaic.orbitalia.org\/fr\/wp-json\/wp\/v2\/types\/product"}],"wp:featuredmedia":[{"embeddable":true,"href":"https:\/\/olemosaic.orbitalia.org\/fr\/wp-json\/wp\/v2\/media\/11837"}],"wp:attachment":[{"href":"https:\/\/olemosaic.orbitalia.org\/fr\/wp-json\/wp\/v2\/media?parent=26131"}],"wp:term":[{"taxonomy":"product_brand","embeddable":true,"href":"https:\/\/olemosaic.orbitalia.org\/fr\/wp-json\/wp\/v2\/product_brand?post=26131"},{"taxonomy":"product_cat","embeddable":true,"href":"https:\/\/olemosaic.orbitalia.org\/fr\/wp-json\/wp\/v2\/product_cat?post=26131"},{"taxonomy":"product_tag","embeddable":true,"href":"https:\/\/olemosaic.orbitalia.org\/fr\/wp-json\/wp\/v2\/product_tag?post=26131"}],"curies":[{"name":"wp","href":"https:\/\/api.w.org\/{rel}","templated":true}]}}