{"id":26130,"date":"2025-02-20T22:28:10","date_gmt":"2025-02-20T22:28:10","guid":{"rendered":"https:\/\/olemosaic.orbitalia.org\/producto\/bol-de-coco-beige-isla-menorca\/"},"modified":"2025-07-25T20:16:39","modified_gmt":"2025-07-25T18:16:39","slug":"bol-noix-de-coco-beige-ile-minorque","status":"publish","type":"product","link":"https:\/\/olemosaic.orbitalia.org\/fr\/produit\/bol-noix-de-coco-beige-ile-minorque\/","title":{"rendered":"Bol en noix de coco beige. \u00cele. Minorque."},"content":{"rendered":"<p>D\u00e9couvrez l&rsquo;\u00e9l\u00e9gant bol en noix de coco beige, une repr\u00e9sentation authentique de la beaut\u00e9 de Minorque. Ce bol attrayant, fabriqu\u00e9 \u00e0 partir de coque de noix de coco recycl\u00e9e, offre un design sophistiqu\u00e9 alliant tradition et style contemporain. Sa surface douce, orn\u00e9e de teintes beiges et de reflets discrets, cr\u00e9e une finition visuellement impressionnante, id\u00e9ale pour se d\u00e9marquer dans n&rsquo;importe quel d\u00e9cor. Au centre du bol, la silhouette de l&rsquo;\u00eele de Minorque ressort, dessinant ses contours de mani\u00e8re subtile mais percutante, en faisant un souvenir significatif de ce paradis m\u00e9diterran\u00e9en.<\/p>\n<p>Ce bol n&rsquo;est pas seulement fonctionnel, il sert \u00e9galement de pi\u00e8ce d\u00e9corative charmante, parfaite pour servir de petites gourmandises ou pour orner n&rsquo;importe quel espace de la maison. Son design inspir\u00e9 par la nature transmet l&rsquo;essence de Minorque, une \u00eele c\u00e9l\u00e8bre pour sa beaut\u00e9 naturelle et sa riche tradition artisanale. En choisissant ce bol en noix de coco beige, vous optez pour un souvenir authentique, id\u00e9al pour les touristes cherchant \u00e0 emporter un morceau de Minorque avec eux. Chez Ol\u00e9 Mosaic, nous proposons ce magnifique bol en noix de coco dans le cadre de notre collection de souvenirs repr\u00e9sentatifs, parfaits pour les boutiques de cadeaux touristiques qui appr\u00e9cient l&rsquo;authenticit\u00e9 et la qualit\u00e9. Avec nos produits en gros, nous garantissons que chaque souvenir refl\u00e8te la richesse culturelle de l&rsquo;Espagne.<\/p>\n","protected":false},"excerpt":{"rendered":"<p>Bol en noix de coco beige, inspir\u00e9 par la beaut\u00e9 de Minorque. Ce bol attrayant, fabriqu\u00e9 \u00e0 partir de coque de noix de coco, pr\u00e9sente un design \u00e9l\u00e9gant avec une surface douce orn\u00e9e de teintes beiges et de reflets brillants. Au centre, il arbore la silhouette de l&rsquo;\u00eele de Minorque, mettant en valeur ses contours. Id\u00e9al pour d\u00e9corer des espaces ou pour servir de petites gourmandises, il combine la tradition insulaire avec un style contemporain.<\/p>\n","protected":false},"featured_media":11899,"template":"","meta":{"_acf_changed":false},"product_brand":[],"product_cat":[521],"product_tag":[],"class_list":{"0":"post-26130","1":"product","2":"type-product","3":"status-publish","4":"has-post-thumbnail","6":"product_cat-bols","7":"pa_ciudad-menorca","8":"pa_motivo-iles","9":"pa_pais-espana","11":"first","12":"instock","13":"shipping-taxable","14":"product-type-simple"},"acf":[],"_links":{"self":[{"href":"https:\/\/olemosaic.orbitalia.org\/fr\/wp-json\/wp\/v2\/product\/26130","targetHints":{"allow":["GET"]}}],"collection":[{"href":"https:\/\/olemosaic.orbitalia.org\/fr\/wp-json\/wp\/v2\/product"}],"about":[{"href":"https:\/\/olemosaic.orbitalia.org\/fr\/wp-json\/wp\/v2\/types\/product"}],"wp:featuredmedia":[{"embeddable":true,"href":"https:\/\/olemosaic.orbitalia.org\/fr\/wp-json\/wp\/v2\/media\/11899"}],"wp:attachment":[{"href":"https:\/\/olemosaic.orbitalia.org\/fr\/wp-json\/wp\/v2\/media?parent=26130"}],"wp:term":[{"taxonomy":"product_brand","embeddable":true,"href":"https:\/\/olemosaic.orbitalia.org\/fr\/wp-json\/wp\/v2\/product_brand?post=26130"},{"taxonomy":"product_cat","embeddable":true,"href":"https:\/\/olemosaic.orbitalia.org\/fr\/wp-json\/wp\/v2\/product_cat?post=26130"},{"taxonomy":"product_tag","embeddable":true,"href":"https:\/\/olemosaic.orbitalia.org\/fr\/wp-json\/wp\/v2\/product_tag?post=26130"}],"curies":[{"name":"wp","href":"https:\/\/api.w.org\/{rel}","templated":true}]}}