{"id":26127,"date":"2025-02-20T23:28:10","date_gmt":"2025-02-20T22:28:10","guid":{"rendered":"https:\/\/olemosaic.orbitalia.org\/producto\/bol-de-coco-tortuga-mallorca\/"},"modified":"2025-07-25T20:31:19","modified_gmt":"2025-07-25T18:31:19","slug":"bol-noix-de-coco-tortue-majorque","status":"publish","type":"product","link":"https:\/\/olemosaic.orbitalia.org\/fr\/produit\/bol-noix-de-coco-tortue-majorque\/","title":{"rendered":"Bol en noix de coco. Tortue. \u00cele. Majorque."},"content":{"rendered":"<p>D\u00e9couvrez le bol d\u00e9coratif en noix de coco avec un design de tortue, une pi\u00e8ce unique qui capture l&rsquo;essence de Majorque. Ce bol impressionnant est fabriqu\u00e9 de mani\u00e8re artisanale, utilisant une technique de mosa\u00efque color\u00e9e qui combine des pi\u00e8ces vibrantes dans des tons de rose, bleu et dor\u00e9. Au centre, une tortue stylis\u00e9e devient le motif principal, entour\u00e9e d&rsquo;un cadre en mosa\u00efque qui \u00e9voque la beaut\u00e9 naturelle de cette \u00eele m\u00e9diterran\u00e9enne. Le texte \u00ab\u00a0MALLORCA\u00a0\u00bb, \u00e9l\u00e9gamment int\u00e9gr\u00e9 au design, renforce son lien culturel avec la r\u00e9gion.<\/p>\n<p>La forme ovale du bol, ainsi que les d\u00e9tails iris\u00e9s qui captent la lumi\u00e8re, font de cette pi\u00e8ce un \u00e9l\u00e9ment d\u00e9coratif attrayant et polyvalent pour n&rsquo;importe quel foyer. Sa finition artisanale ne souligne pas seulement la qualit\u00e9 et l&rsquo;authenticit\u00e9 du produit, mais en fait \u00e9galement un souvenir spectaculaire que les touristes appr\u00e9cieront. Ce bol n&rsquo;est pas seulement un souvenir de Majorque, mais un symbole de la riche biodiversit\u00e9 et de la beaut\u00e9 de l&rsquo;environnement marin qui caract\u00e9rise tant l&rsquo;\u00eele.<\/p>\n<p>Chez Ol\u00e9 Mosaic, en tant que distributeur de souvenirs en gros, nous proposons ce bol d\u00e9coratif en noix de coco qui saura certainement captiver les boutiques de cadeaux touristiques. Il s&rsquo;agit d&rsquo;une option exceptionnelle pour ceux qui recherchent des souvenirs authentiques et de haute qualit\u00e9 mettant en valeur la culture et la tradition majorquine.<\/p>\n","protected":false},"excerpt":{"rendered":"<p>Bol d\u00e9coratif en noix de coco avec un design de tortue, inspir\u00e9 par la beaut\u00e9 naturelle de Majorque. Ce bol original pr\u00e9sente une technique de mosa\u00efque color\u00e9e avec des pi\u00e8ces aux tons vibrants comme le rose, le bleu et le dor\u00e9, encadrant un motif central d&rsquo;une tortue stylis\u00e9e et le mot \u00ab\u00a0MALLORCA\u00a0\u00bb. Fabriqu\u00e9 \u00e0 la main, sa forme ovale et ses d\u00e9tails iris\u00e9s lui donnent une touche sp\u00e9ciale, en faisant un souvenir parfait ou un \u00e9l\u00e9ment d\u00e9coratif id\u00e9al pour la maison.<\/p>\n","protected":false},"featured_media":11816,"template":"","meta":{"_acf_changed":false},"product_brand":[],"product_cat":[521],"product_tag":[530],"class_list":{"0":"post-26127","1":"product","2":"type-product","3":"status-publish","4":"has-post-thumbnail","6":"product_cat-bols","7":"product_tag-animaux","8":"pa_ciudad-mallorca","9":"pa_motivo-tortues","10":"pa_pais-espana","12":"first","13":"instock","14":"shipping-taxable","15":"product-type-simple"},"acf":[],"_links":{"self":[{"href":"https:\/\/olemosaic.orbitalia.org\/fr\/wp-json\/wp\/v2\/product\/26127","targetHints":{"allow":["GET"]}}],"collection":[{"href":"https:\/\/olemosaic.orbitalia.org\/fr\/wp-json\/wp\/v2\/product"}],"about":[{"href":"https:\/\/olemosaic.orbitalia.org\/fr\/wp-json\/wp\/v2\/types\/product"}],"wp:featuredmedia":[{"embeddable":true,"href":"https:\/\/olemosaic.orbitalia.org\/fr\/wp-json\/wp\/v2\/media\/11816"}],"wp:attachment":[{"href":"https:\/\/olemosaic.orbitalia.org\/fr\/wp-json\/wp\/v2\/media?parent=26127"}],"wp:term":[{"taxonomy":"product_brand","embeddable":true,"href":"https:\/\/olemosaic.orbitalia.org\/fr\/wp-json\/wp\/v2\/product_brand?post=26127"},{"taxonomy":"product_cat","embeddable":true,"href":"https:\/\/olemosaic.orbitalia.org\/fr\/wp-json\/wp\/v2\/product_cat?post=26127"},{"taxonomy":"product_tag","embeddable":true,"href":"https:\/\/olemosaic.orbitalia.org\/fr\/wp-json\/wp\/v2\/product_tag?post=26127"}],"curies":[{"name":"wp","href":"https:\/\/api.w.org\/{rel}","templated":true}]}}