{"id":26085,"date":"2025-02-20T23:28:09","date_gmt":"2025-02-20T22:28:09","guid":{"rendered":"https:\/\/olemosaic.orbitalia.org\/producto\/dedal-de-ceramica-salamandra-y-flores-mallorca-blanco\/"},"modified":"2025-07-25T18:37:40","modified_gmt":"2025-07-25T16:37:40","slug":"de-a-coudre-en-ceramique-salamandre-et-fleurs-majorque-blanc","status":"publish","type":"product","link":"https:\/\/olemosaic.orbitalia.org\/fr\/produit\/de-a-coudre-en-ceramique-salamandre-et-fleurs-majorque-blanc\/","title":{"rendered":"D\u00e9 \u00e0 coudre en c\u00e9ramique. Salamandre et fleurs. Majorque. Blanc"},"content":{"rendered":"<p>D\u00e9 \u00e0 coudre en c\u00e9ramique d\u00e9cor\u00e9 d&rsquo;une illustration color\u00e9e d&rsquo;une salamandre et de fleurs, repr\u00e9sentant la richesse naturelle de Majorque. Ce d\u00e9 \u00e0 coudre, m\u00e9ticuleusement \u00e9labor\u00e9 en c\u00e9ramique blanche, est une pi\u00e8ce unique qui se distingue par son design peint \u00e0 la main, o\u00f9 chaque d\u00e9tail prend vie gr\u00e2ce \u00e0 une palette de couleurs vibrantes. La salamandre, symbole de la biodiversit\u00e9 des \u00eeles Bal\u00e9ares, est repr\u00e9sent\u00e9e sur le d\u00e9 entour\u00e9e de fleurs, \u00e9voquant la flore sauvage qui orne le paysage majorquin. Le nom \u00ab Majorque \u00bb est \u00e9l\u00e9gamment inscrit sur un c\u00f4t\u00e9, renfor\u00e7ant son identit\u00e9 en tant que souvenir authentique de la r\u00e9gion. Ce d\u00e9 \u00e0 coudre est non seulement fonctionnel pour la couture, mais se pr\u00e9sente \u00e9galement comme un souvenir attachant de votre visite, id\u00e9al pour les collectionneurs et les amateurs d&rsquo;artisanat. Avec sa structure r\u00e9sistante et son design attrayant, ce d\u00e9 \u00e0 coudre en c\u00e9ramique est une excellente option pour les touristes souhaitant emporter un morceau de la tradition culturelle de Majorque. Chez Ol\u00e9 Mosaic, nous proposons ce d\u00e9licat souvenir, devenant votre distributeur de confiance pour des souvenirs authentiques et de qualit\u00e9, parfaits pour les boutiques de cadeaux touristiques et les amoureux de la culture bal\u00e9are.<\/p>\n","protected":false},"excerpt":{"rendered":"<p>D\u00e9 \u00e0 coudre en c\u00e9ramique d\u00e9cor\u00e9 d&rsquo;une illustration color\u00e9e d&rsquo;une salamandre et de fleurs, repr\u00e9sentant la richesse naturelle de Majorque. Ce d\u00e9 \u00e0 coudre, dans les tons blancs, se distingue par son design artisanal peint \u00e0 la main, avec des motifs vibrants et le nom \u00ab Majorque \u00bb sur un c\u00f4t\u00e9. Id\u00e9al pour les collectionneurs et les amateurs d&rsquo;artisanat, ce petit souvenir allie fonctionnalit\u00e9 et tradition culturelle des \u00eeles Bal\u00e9ares.<\/p>\n","protected":false},"featured_media":8038,"template":"","meta":{"_acf_changed":false},"product_brand":[],"product_cat":[603],"product_tag":[530,585],"class_list":{"0":"post-26085","1":"product","2":"type-product","3":"status-publish","4":"has-post-thumbnail","6":"product_cat-des-a-coudre","7":"product_tag-animaux","8":"product_tag-ceramique","9":"pa_ciudad-mallorca","10":"pa_motivo-salamandres","11":"pa_pais-espana","13":"first","14":"instock","15":"shipping-taxable","16":"product-type-simple"},"acf":[],"_links":{"self":[{"href":"https:\/\/olemosaic.orbitalia.org\/fr\/wp-json\/wp\/v2\/product\/26085","targetHints":{"allow":["GET"]}}],"collection":[{"href":"https:\/\/olemosaic.orbitalia.org\/fr\/wp-json\/wp\/v2\/product"}],"about":[{"href":"https:\/\/olemosaic.orbitalia.org\/fr\/wp-json\/wp\/v2\/types\/product"}],"wp:featuredmedia":[{"embeddable":true,"href":"https:\/\/olemosaic.orbitalia.org\/fr\/wp-json\/wp\/v2\/media\/8038"}],"wp:attachment":[{"href":"https:\/\/olemosaic.orbitalia.org\/fr\/wp-json\/wp\/v2\/media?parent=26085"}],"wp:term":[{"taxonomy":"product_brand","embeddable":true,"href":"https:\/\/olemosaic.orbitalia.org\/fr\/wp-json\/wp\/v2\/product_brand?post=26085"},{"taxonomy":"product_cat","embeddable":true,"href":"https:\/\/olemosaic.orbitalia.org\/fr\/wp-json\/wp\/v2\/product_cat?post=26085"},{"taxonomy":"product_tag","embeddable":true,"href":"https:\/\/olemosaic.orbitalia.org\/fr\/wp-json\/wp\/v2\/product_tag?post=26085"}],"curies":[{"name":"wp","href":"https:\/\/api.w.org\/{rel}","templated":true}]}}